{"id":447849,"date":"2023-07-03T12:19:35","date_gmt":"2023-07-03T11:19:35","guid":{"rendered":"https:\/\/cda-dev.skysigma.pt\/conditions-dutilisation\/"},"modified":"2025-03-11T17:52:44","modified_gmt":"2025-03-11T16:52:44","slug":"conditions-dutilisation","status":"publish","type":"page","link":"https:\/\/cda-dev.skysigma.pt\/fr\/conditions-dutilisation\/","title":{"rendered":"Conditions D&#8217;utilisation"},"content":{"rendered":"\t\t<div data-elementor-type=\"wp-page\" data-elementor-id=\"447849\" class=\"elementor elementor-447849 elementor-141821\">\n\t\t\t\t\t\t<section class=\"elementor-section elementor-top-section elementor-element elementor-element-48d21aa6 elementor-section-full_width elementor-section-height-default elementor-section-height-default\" data-id=\"48d21aa6\" data-element_type=\"section\">\n\t\t\t\t\t\t<div class=\"elementor-container elementor-column-gap-default\">\n\t\t\t\t\t<div class=\"elementor-column elementor-col-100 elementor-top-column elementor-element elementor-element-6565d4d3\" data-id=\"6565d4d3\" data-element_type=\"column\">\n\t\t\t<div class=\"elementor-widget-wrap elementor-element-populated\">\n\t\t\t\t\t\t<div class=\"elementor-element elementor-element-4c337e7a elementor-widget elementor-widget-text-editor\" data-id=\"4c337e7a\" data-element_type=\"widget\" data-widget_type=\"text-editor.default\">\n\t\t\t\t<div class=\"elementor-widget-container\">\n\t\t\t\t\t\t\t\t\t<h2 class=\"contact-page-title\">Conditions D&#8217;utilisation<\/h2>\t\t\t\t\t\t\t\t<\/div>\n\t\t\t\t<\/div>\n\t\t\t\t<div class=\"elementor-element elementor-element-13d47f8f elementor-widget__width-auto elementor-widget-divider--view-line elementor-widget elementor-widget-divider\" data-id=\"13d47f8f\" data-element_type=\"widget\" data-widget_type=\"divider.default\">\n\t\t\t\t<div class=\"elementor-widget-container\">\n\t\t\t\t\t\t\t<div class=\"elementor-divider\">\n\t\t\t<span class=\"elementor-divider-separator\">\n\t\t\t\t\t\t<\/span>\n\t\t<\/div>\n\t\t\t\t\t\t<\/div>\n\t\t\t\t<\/div>\n\t\t\t\t\t<\/div>\n\t\t<\/div>\n\t\t\t\t\t<\/div>\n\t\t<\/section>\n\t\t\t\t<section class=\"elementor-section elementor-top-section elementor-element elementor-element-3bc3082 elementor-section-full_width elementor-section-height-default elementor-section-height-default\" data-id=\"3bc3082\" data-element_type=\"section\">\n\t\t\t\t\t\t<div class=\"elementor-container elementor-column-gap-default\">\n\t\t\t\t\t<div class=\"elementor-column elementor-col-100 elementor-top-column elementor-element elementor-element-aa69ec9\" data-id=\"aa69ec9\" data-element_type=\"column\">\n\t\t\t<div class=\"elementor-widget-wrap elementor-element-populated\">\n\t\t\t\t\t\t<div class=\"elementor-element elementor-element-19c6cac elementor-widget elementor-widget-text-editor\" data-id=\"19c6cac\" data-element_type=\"widget\" data-widget_type=\"text-editor.default\">\n\t\t\t\t<div class=\"elementor-widget-container\">\n\t\t\t\t\t\t\t\t\t<div class=\"et_pb_module et_pb_text et_pb_text_6 et_pb_text_align_left et_pb_bg_layout_light\"><div class=\"et_pb_text_inner\"><p>Les pr\u00e9sentes conditions g\u00e9n\u00e9rales de vente r\u00e9gissent l&#8217;ensemble des relations commerciales entre :<\/p><p>Casa dos Acess\u00f3rios Pinto &amp; ; Guedes, Lda, avec le num\u00e9ro d&#8217;identification fiscale 501523600, et ses clients en ligne (ci-apr\u00e8s d\u00e9nomm\u00e9s \u00ab le client \u00bb).<\/p><p>Avant toute transaction, le client confirme qu&#8217;il a lu et qu&#8217;il accepte express\u00e9ment les conditions g\u00e9n\u00e9rales en cliquant sur le bouton \u00ab J&#8217;ai lu et j&#8217;accepte les conditions g\u00e9n\u00e9rales du magasin \u00bb.<\/p><p><strong>Conditions de Vente<\/strong><\/p><p>Le Client reconna\u00eet avoir pris connaissance, au moment de la passation de la commande, des conditions g\u00e9n\u00e9rales de vente \u00e9nonc\u00e9es \u00e0 l&#8217;\u00e9cran (d\u00e9nomination, prix, composants, quantit\u00e9, couleur, sp\u00e9cifications des produits, etc.) et d\u00e9clare express\u00e9ment les accepter sans r\u00e9serve. La passation de la commande et sa confirmation par le Client mat\u00e9rialise son acceptation pleine et enti\u00e8re des conditions de vente, applicables exclusivement \u00e0 la commande en cause. <\/p><p><strong>Commande<\/strong><\/p><p>Le Client confirme sa commande en appuyant sur le bouton \u00ab Confirmer la commande \u00bb. La commande est constitu\u00e9e d\u2019un r\u00e9capitulatif de tous les articles que le Client confirme en cliquant sur le bouton \u00ab Valider la commande \u00bb de l\u2019onglet \u00ab Passer la commande \u00bb. Les syst\u00e8mes d&#8217;enregistrement automatique de Casa dos Acess\u00f3rios sont consid\u00e9r\u00e9s comme prouvant la nature, le contenu et la date de la commande.  <\/p><p><strong>Confirmation de commande<\/strong><\/p><p>Casa dos Acess\u00f3rios confirme l&#8217;acceptation de la commande au Client par courrier \u00e9lectronique. La vente ne sera conclue qu&#8217;apr\u00e8s confirmation de la commande par Casa dos Acess\u00f3rios. Casa dos Acess\u00f3rios se r\u00e9serve le droit de ne pas confirmer une commande, pour quelque raison que ce soit, compte tenu notamment de l&#8217;approvisionnement des produits, d&#8217;un probl\u00e8me concernant la commande re\u00e7ue (par exemple des erreurs dans les donn\u00e9es fournies par le Client), d&#8217;une commande anormale ou d&#8217;une raison pr\u00e9visible relative \u00e0 une livraison future. Casa dos Acess\u00f3rios informera le Client par tous les moyens \u00e0 sa disposition. Casa dos Acess\u00f3rios ne traite une commande pass\u00e9e par le Client qu&#8217;apr\u00e8s confirmation du paiement correspondant ou conform\u00e9ment aux conditions pr\u00e9alablement convenues.    <\/p><p><strong>Conditions de livraison et de fourniture des commandes<\/strong><\/p><p>Le lieu et la date de livraison de la commande sont choisis par le Client lors de la passation de la commande. Casa dos Acess\u00f3rios se r\u00e9serve le droit d&#8217;utiliser tout transporteur de sa convenance pour livrer les produits \u00e0 l&#8217;adresse indiqu\u00e9e par le Client. Les livraisons sont effectu\u00e9es uniquement et exclusivement sur le territoire du Portugal (continental et \u00eeles).  <\/p><p><strong>D\u00e9lai de livraison<\/strong><\/p><p>Les commandes de produits en stock confirm\u00e9es avant 14h00 (CTT) ou 16h00 (Nacex) sont exp\u00e9di\u00e9es le jour m\u00eame ouvrable. Les commandes confirm\u00e9es apr\u00e8s 14h00 (CTT) ou 16h00 (Nacex) seront exp\u00e9di\u00e9es le jour ouvrable suivant. Les livraisons sont effectu\u00e9es le jour ouvrable suivant l&#8217;exp\u00e9dition, dans le cas du Portugal continental. Dans les archipels, les livraisons varient de 8 \u00e0 10 jours ouvr\u00e9s.   <\/p><p>Les d\u00e9lais de livraison des commandes avec produits en rupture de stock sont variables et doivent \u00eatre analys\u00e9s au cas par cas. Pour plus de pr\u00e9cisions et d&#8217;informations avant l&#8217;achat de produits, veuillez contacter Casa dos Acess\u00f3rios. <\/p><p><strong>Frais de livraison et autres conditions de livraison<\/strong><\/p><p>Les frais de livraison varient en fonction du poids, de la taille et de l&#8217;adresse de livraison du Client. Lors de la passation de la commande, le Client s&#8217;engage \u00e0 signer le bon de livraison pr\u00e9sent\u00e9 par le transporteur, dans lequel il pourra formuler toutes observations qu&#8217;il jugerait indispensables. En signant le bon de livraison, le Client confirme avoir re\u00e7u le nombre de volumes indiqu\u00e9. Tous les \u00e9v\u00e9nements tels que force majeure, accident, gr\u00e8ve, d\u00e9cision administrative ou arr\u00eat de transport, qui pourraient retarder, emp\u00eacher ou rendre exorbitante l&#8217;ex\u00e9cution de la fourniture, constituent une clause de suspension ou de r\u00e9siliation des obligations de la soci\u00e9t\u00e9 Casa dos Acess\u00f3rios Pinto &amp; Guedes, Ltda, sans droit \u00e0 indemnisation pour le Client.   <\/p><p><strong>Exp\u00e9dition<\/strong><\/p><p>Les livraisons seront effectu\u00e9es par le transporteur pendant les heures normales d&#8217;ouverture. Veuillez s\u00e9lectionner l&#8217;adresse de livraison afin que quelqu&#8217;un puisse recevoir les produits. <\/p><p><strong>Dommages de transport<\/strong><\/p><p><span data-ogsc=\"black\" data-ogsb=\"white\">Casa dos Acess\u00f3rios veille \u00e0 ce que tous les articles soient emball\u00e9s avec le plus grand soin, afin de prot\u00e9ger les produits achet\u00e9s pendant le transport vers leur destination. <\/span><span data-ogsc=\"black\" data-ogsb=\"white\">Lors de la livraison, vous devez confirmer que l&#8217;emballage n&#8217;est pas endommag\u00e9 et qu&#8217;il est correctement scell\u00e9. <\/span><span data-ogsc=\"black\">En cas de non-conformit\u00e9, vous devez mentionner sur le re\u00e7u du transporteur, comme par exemple \u00ab Carton endommag\u00e9 \u00bb, \u00ab Carton avec traces de chute \u00bb, \u00ab Carton sans scotch \u00bb afin qu&#8217;une r\u00e9clamation de prestation puisse \u00eatre effectu\u00e9e imm\u00e9diatement et que l&#8217;assurance transport puisse \u00eatre activ\u00e9e.<\/span><\/p><p data-ogsb=\"white\"><span data-ogsc=\"black\" data-ogsb=\"white\">Cependant, apr\u00e8s avoir accept\u00e9 la commande et lors de l&#8217;ouverture de celle-ci, si vous d\u00e9tectez des dommages r\u00e9sultant du transport, vous devez imm\u00e9diatement contacter Casa dos Acess\u00f3rios (le jour de la livraison &#8211; jusqu&#8217;\u00e0 24h), avec les d\u00e9tails des dommages et des photographies de preuve, \u00e0 la fois des articles et de l&#8217;emballage ext\u00e9rieur. <\/span><span data-ogsc=\"black\" data-ogsb=\"white\">Casa dos Acess\u00f3rios ouvrira une proc\u00e9dure d&#8217;enqu\u00eate aupr\u00e8s de l&#8217;entreprise de transport, dont le r\u00e9sultat sera communiqu\u00e9 au Client dans un d\u00e9lai maximum de 14 jours ouvrables.<\/span><\/p><p><strong>Prix<\/strong><\/p><p>Tous les prix indiqu\u00e9s sont en Euros. Le prix factur\u00e9 au Client est le prix indiqu\u00e9 dans la confirmation de commande envoy\u00e9e par Casa dos Acess\u00f3rios. <\/p><p><strong>Fiche produit<\/strong><\/p><p>Les photographies illustrant les produits sont purement indicatives. Les textes qui les accompagnent sont une reproduction des informations figurant sur l&#8217;emballage ou la notice d&#8217;utilisation. Les diff\u00e9rences entre les photographies et les produits doivent \u00eatre minimes et n&#8217;impliquent aucun changement dans les sp\u00e9cifications principales des produits. La couleur des produits affich\u00e9s dans la boutique en ligne peut diff\u00e9rer de la couleur r\u00e9elle du produit.   <\/p><p><strong>Conditions de paiement<\/strong><\/p><p>Le(s) produit(s) command\u00e9(s) seront inclus dans la commande \u00e0 recevoir par le client. Le r\u00e8glement des produits et services sera effectu\u00e9 \u00e0 la fin du processus de commande, par l&#8217;un des moyens suivants : R\u00e9f\u00e9rence Multibanco, MB Way ou virement bancaire. Dans ce dernier cas, la preuve de paiement devra \u00eatre envoy\u00e9e \u00e0 <a href=\"mailto:comercial@casadosacess%C3%B3rios.pt\">comercial@casadosacess\u00f3rios.pt<\/a>.  <\/p><p><strong>Nouveau r\u00e8glement g\u00e9n\u00e9ral sur la protection des Donn\u00e9es Personnelles<\/strong><\/p><p>Conform\u00e9ment au nouveau r\u00e8glement g\u00e9n\u00e9ral sur la protection des donn\u00e9es (RGPD), entr\u00e9 en vigueur le 25 mai 2018, Casa dos Acess\u00f3rios a d\u00e9cid\u00e9 de revoir sa base de donn\u00e9es et de clarifier \u00e0 quelles fins les donn\u00e9es sont utilis\u00e9es. Les enregistrements comprennent des donn\u00e9es qui ont \u00e9t\u00e9 obtenues tout au long de la relation commerciale que le Client a \u00e9tablie avec CASA DOS ACESS\u00d3RIOS PINTO &amp; GUEDES, LDA, ainsi que suivre les diff\u00e9rentes interactions r\u00e9alis\u00e9es entre les deux parties. Casa dos Acess\u00f3rios utilise les donn\u00e9es uniquement \u00e0 des fins comptables, de campagnes commerciales et\/ou de campagnes de marketing cibl\u00e9es.  <\/p><p>LA MAISON DE PINTO &amp; ACCESSOIRES GUEDES Ltda. conservera les donn\u00e9es du Client pendant la p\u00e9riode n\u00e9cessaire \u00e0 la fourniture des services et\/ou \u00e0 la vente des biens, \u00e0 la facturation respective et au respect des obligations l\u00e9gales. \u00c0 tout moment, le Client a le droit de modifier ses donn\u00e9es, de s&#8217;opposer \u00e0 leur traitement, de retirer son consentement et d&#8217;exercer d&#8217;autres droits pr\u00e9vus par la loi, sauf lorsque les donn\u00e9es sont indispensables \u00e0 la fourniture des relations commerciales avec CASA DOS ACESS\u00d3RIOS PINTO &amp; GUEDES, Ltda, donc fourniture obligatoire, ou respect des obligations l\u00e9gales auxquelles CASA DOS ACESS\u00d3RIOS PINTO &amp; GUEDES Ltda. est sujet. Si le Client retire son consentement, cela ne compromet pas la lic\u00e9it\u00e9 du traitement effectu\u00e9 jusqu\u2019\u00e0 cette date.    <\/p><p>En acceptant ce r\u00e8glement, le Client d\u00e9clare avoir lu et autorise la cession de ses donn\u00e9es \u00e0 des fins exclusivement comptables et commerciales de CASA DOS ACESS\u00d3RIOS PINTO &amp; GUEDES, Lda.<\/p><p><strong>Informations essentielles<\/strong><\/p><p>En commandant en ligne sur notre site Web www.casadosacsorios.pt, vous consentez \u00e0 la collecte et au traitement par la soci\u00e9t\u00e9 Casa dos Acess\u00f3rios de vos donn\u00e9es personnelles, que vous nous avez communiqu\u00e9es et qui sont collect\u00e9es dans le cadre du fonctionnement normal du site Web. Ces donn\u00e9es (noms, adresse email, adresse postale, etc.) nous sont n\u00e9cessaires pour traiter vos commandes. <\/p><p><strong>Droit de retour des produits<\/strong><\/p><p>En acceptant ce contrat, le Client d\u00e9clare savoir que Casa dos Acess\u00f3rios se r\u00e9serve le droit de ne pas accepter les retours de mat\u00e9riel \u00e9lectronique\/\u00e9lectrique, c&#8217;est pourquoi nous recommandons au Client de confirmer sans \u00e9quivoque la commande qu&#8217;il a l&#8217;intention de confirmer.<\/p><p>En cas de retour de tout produit non \u00e9lectrique ou \u00e9lectronique achet\u00e9 dans notre boutique en ligne ou dans notre \u00e9tablissement, vous pouvez le faire dans un d\u00e9lai maximum de 15 jours apr\u00e8s r\u00e9ception ou retrait.<\/p><p>Il est de la responsabilit\u00e9 du client de s&#8217;assurer que le produit arrive dans nos installations en bon \u00e9tat, sans avoir \u00e9t\u00e9 appliqu\u00e9 ni utilis\u00e9, \u00e0 l&#8217;int\u00e9rieur de l&#8217;emballage d&#8217;origine avec tous les accessoires inclus, accompagn\u00e9 de la facture originale.<\/p><p>Les frais de retour et de transport sont \u00e0 la charge du client.<\/p><p>En cas de retour mon\u00e9taire, Casa dos Acess\u00f3rios se r\u00e9serve le droit de rembourser le montant re\u00e7u, \u00e0 l&#8217;exclusion des frais bancaires li\u00e9s \u00e0 la transaction et, le cas \u00e9ch\u00e9ant, des frais li\u00e9s au transport des marchandises.<\/p><p>La garantie du produit cesse automatiquement suite \u00e0 toute intervention de personnel ou de services non agr\u00e9\u00e9s par les Services Techniques de la Marque.<\/p><\/div><\/div><div class=\"et_pb_module et_pb_text et_pb_text_7 et_pb_text_align_left et_pb_bg_layout_light\"><div class=\"et_pb_text_inner\"><p><strong>Informations sur le contenu<\/strong><\/p><p>La reproduction, le transfert, la distribution ou le stockage du contenu du site Web sans autorisation pr\u00e9alable (sauf autorisation de CASA DOS ACESS\u00d3RIOS PINTO &amp; GUEDES LDA) est express\u00e9ment interdit, que ce soit \u00e0 des fins personnelles ou professionnelles.<br>CASA DOS ACESS\u00d3RIOS PINTO &amp; GUEDES LDA se r\u00e9serve le droit de modifier \u00e0 tout moment les informations et l&#8217;offre commerciale pr\u00e9sent\u00e9es concernant : produits, prix, promotions, conditions commerciales et\/ou services.<br>L&#8217;introduction de liens sur le site Internet est express\u00e9ment interdite, quel que soit le but recherch\u00e9. L&#8217;utilisation du domaine \u00e0 des fins abusives, et sans autorisation pr\u00e9alable, est passible de recours judiciaires. <\/p><p><strong>Contacts<\/strong><\/p><p>Casa dos Acess\u00f3rios Pinto &amp; Guedes, Lda<\/p><p>Rua de S. Br\u00e1s, 233<\/p><p>4000-495 Porto<\/p><p>Tel.: 225023631\/225023632<br>Appel vers le r\u00e9seau fixe national.<\/p><p>E-mail: <a href=\"mailto:comercial@casadosacess%C3%B3rios.pt\">comercial@casadosacess\u00f3rios.pt<\/a><\/p><\/div><\/div>\t\t\t\t\t\t\t\t<\/div>\n\t\t\t\t<\/div>\n\t\t\t\t\t<\/div>\n\t\t<\/div>\n\t\t\t\t\t<\/div>\n\t\t<\/section>\n\t\t\t\t<\/div>\n\t\t","protected":false},"excerpt":{"rendered":"<p>Conditions D&#8217;utilisation Les pr\u00e9sentes conditions g\u00e9n\u00e9rales de vente r\u00e9gissent l&#8217;ensemble des relations commerciales entre : Casa dos Acess\u00f3rios Pinto &amp; ; Guedes, Lda, avec le num\u00e9ro d&#8217;identification fiscale 501523600, et<\/p>\n","protected":false},"author":1,"featured_media":0,"parent":0,"menu_order":0,"comment_status":"closed","ping_status":"closed","template":"","meta":{"_acf_changed":false,"footnotes":""},"acf":[],"yoast_head":"<!-- This site is optimized with the Yoast SEO plugin v21.1 - https:\/\/yoast.com\/wordpress\/plugins\/seo\/ -->\n<title>Conditions D&#039;utilisation | Casa dos Acess\u00f3rios<\/title>\n<meta name=\"robots\" content=\"index, follow, max-snippet:-1, max-image-preview:large, max-video-preview:-1\" \/>\n<link rel=\"canonical\" href=\"https:\/\/cda-dev.skysigma.pt\/fr\/conditions-dutilisation\/\" \/>\n<meta property=\"og:locale\" content=\"fr_FR\" \/>\n<meta property=\"og:type\" content=\"article\" \/>\n<meta property=\"og:title\" content=\"Conditions D&#039;utilisation | Casa dos Acess\u00f3rios\" \/>\n<meta property=\"og:description\" content=\"Conditions D&#8217;utilisation Les pr\u00e9sentes conditions g\u00e9n\u00e9rales de vente r\u00e9gissent l&#8217;ensemble des relations commerciales entre : Casa dos Acess\u00f3rios Pinto &amp; ; Guedes, Lda, avec le num\u00e9ro d&#8217;identification fiscale 501523600, et\" \/>\n<meta property=\"og:url\" content=\"https:\/\/cda-dev.skysigma.pt\/fr\/conditions-dutilisation\/\" \/>\n<meta property=\"og:site_name\" content=\"Casa dos Acess\u00f3rios\" \/>\n<meta property=\"article:publisher\" content=\"https:\/\/www.facebook.com\/wordpress-1036313-3647719.cloudwaysapps.com\/\" \/>\n<meta property=\"article:modified_time\" content=\"2025-03-11T16:52:44+00:00\" \/>\n<meta name=\"twitter:card\" content=\"summary_large_image\" \/>\n<meta name=\"twitter:label1\" content=\"Dur\u00e9e de lecture estim\u00e9e\" \/>\n\t<meta name=\"twitter:data1\" content=\"9 minutes\" \/>\n<script type=\"application\/ld+json\" class=\"yoast-schema-graph\">{\"@context\":\"https:\/\/schema.org\",\"@graph\":[{\"@type\":\"WebPage\",\"@id\":\"https:\/\/cda-dev.skysigma.pt\/fr\/conditions-dutilisation\/\",\"url\":\"https:\/\/cda-dev.skysigma.pt\/fr\/conditions-dutilisation\/\",\"name\":\"Conditions D'utilisation | Casa dos Acess\u00f3rios\",\"isPartOf\":{\"@id\":\"https:\/\/cda-dev.skysigma.pt\/#website\"},\"datePublished\":\"2023-07-03T11:19:35+00:00\",\"dateModified\":\"2025-03-11T16:52:44+00:00\",\"breadcrumb\":{\"@id\":\"https:\/\/cda-dev.skysigma.pt\/fr\/conditions-dutilisation\/#breadcrumb\"},\"inLanguage\":\"fr-FR\",\"potentialAction\":[{\"@type\":\"ReadAction\",\"target\":[\"https:\/\/cda-dev.skysigma.pt\/fr\/conditions-dutilisation\/\"]}]},{\"@type\":\"BreadcrumbList\",\"@id\":\"https:\/\/cda-dev.skysigma.pt\/fr\/conditions-dutilisation\/#breadcrumb\",\"itemListElement\":[{\"@type\":\"ListItem\",\"position\":1,\"name\":\"In\u00edcio\",\"item\":\"https:\/\/cda-dev.skysigma.pt\/fr\/accueil\/\"},{\"@type\":\"ListItem\",\"position\":2,\"name\":\"Conditions D&#8217;utilisation\"}]},{\"@type\":\"WebSite\",\"@id\":\"https:\/\/cda-dev.skysigma.pt\/#website\",\"url\":\"https:\/\/cda-dev.skysigma.pt\/\",\"name\":\"Casa dos Acess\u00f3rios\",\"description\":\"Acess\u00f3rios e componentes eletr\u00f3nicos\",\"publisher\":{\"@id\":\"https:\/\/cda-dev.skysigma.pt\/#organization\"},\"potentialAction\":[{\"@type\":\"SearchAction\",\"target\":{\"@type\":\"EntryPoint\",\"urlTemplate\":\"https:\/\/cda-dev.skysigma.pt\/?s={search_term_string}\"},\"query-input\":\"required name=search_term_string\"}],\"inLanguage\":\"fr-FR\"},{\"@type\":\"Organization\",\"@id\":\"https:\/\/cda-dev.skysigma.pt\/#organization\",\"name\":\"Casa dos Acess\u00f3rios\",\"url\":\"https:\/\/cda-dev.skysigma.pt\/\",\"logo\":{\"@type\":\"ImageObject\",\"inLanguage\":\"fr-FR\",\"@id\":\"https:\/\/cda-dev.skysigma.pt\/#\/schema\/logo\/image\/\",\"url\":\"https:\/\/wordpress-1036313-3647719.cloudwaysapps.com\/wp-content\/uploads\/2019\/05\/CDA_logo.png\",\"contentUrl\":\"https:\/\/wordpress-1036313-3647719.cloudwaysapps.com\/wp-content\/uploads\/2019\/05\/CDA_logo.png\",\"width\":875,\"height\":131,\"caption\":\"Casa dos Acess\u00f3rios\"},\"image\":{\"@id\":\"https:\/\/cda-dev.skysigma.pt\/#\/schema\/logo\/image\/\"},\"sameAs\":[\"https:\/\/www.facebook.com\/wordpress-1036313-3647719.cloudwaysapps.com\/\"]}]}<\/script>\n<!-- \/ Yoast SEO plugin. -->","yoast_head_json":{"title":"Conditions D'utilisation | Casa dos Acess\u00f3rios","robots":{"index":"index","follow":"follow","max-snippet":"max-snippet:-1","max-image-preview":"max-image-preview:large","max-video-preview":"max-video-preview:-1"},"canonical":"https:\/\/cda-dev.skysigma.pt\/fr\/conditions-dutilisation\/","og_locale":"fr_FR","og_type":"article","og_title":"Conditions D'utilisation | Casa dos Acess\u00f3rios","og_description":"Conditions D&#8217;utilisation Les pr\u00e9sentes conditions g\u00e9n\u00e9rales de vente r\u00e9gissent l&#8217;ensemble des relations commerciales entre : Casa dos Acess\u00f3rios Pinto &amp; ; Guedes, Lda, avec le num\u00e9ro d&#8217;identification fiscale 501523600, et","og_url":"https:\/\/cda-dev.skysigma.pt\/fr\/conditions-dutilisation\/","og_site_name":"Casa dos Acess\u00f3rios","article_publisher":"https:\/\/www.facebook.com\/wordpress-1036313-3647719.cloudwaysapps.com\/","article_modified_time":"2025-03-11T16:52:44+00:00","twitter_card":"summary_large_image","twitter_misc":{"Dur\u00e9e de lecture estim\u00e9e":"9 minutes"},"schema":{"@context":"https:\/\/schema.org","@graph":[{"@type":"WebPage","@id":"https:\/\/cda-dev.skysigma.pt\/fr\/conditions-dutilisation\/","url":"https:\/\/cda-dev.skysigma.pt\/fr\/conditions-dutilisation\/","name":"Conditions D'utilisation | Casa dos Acess\u00f3rios","isPartOf":{"@id":"https:\/\/cda-dev.skysigma.pt\/#website"},"datePublished":"2023-07-03T11:19:35+00:00","dateModified":"2025-03-11T16:52:44+00:00","breadcrumb":{"@id":"https:\/\/cda-dev.skysigma.pt\/fr\/conditions-dutilisation\/#breadcrumb"},"inLanguage":"fr-FR","potentialAction":[{"@type":"ReadAction","target":["https:\/\/cda-dev.skysigma.pt\/fr\/conditions-dutilisation\/"]}]},{"@type":"BreadcrumbList","@id":"https:\/\/cda-dev.skysigma.pt\/fr\/conditions-dutilisation\/#breadcrumb","itemListElement":[{"@type":"ListItem","position":1,"name":"In\u00edcio","item":"https:\/\/cda-dev.skysigma.pt\/fr\/accueil\/"},{"@type":"ListItem","position":2,"name":"Conditions D&#8217;utilisation"}]},{"@type":"WebSite","@id":"https:\/\/cda-dev.skysigma.pt\/#website","url":"https:\/\/cda-dev.skysigma.pt\/","name":"Casa dos Acess\u00f3rios","description":"Acess\u00f3rios e componentes eletr\u00f3nicos","publisher":{"@id":"https:\/\/cda-dev.skysigma.pt\/#organization"},"potentialAction":[{"@type":"SearchAction","target":{"@type":"EntryPoint","urlTemplate":"https:\/\/cda-dev.skysigma.pt\/?s={search_term_string}"},"query-input":"required name=search_term_string"}],"inLanguage":"fr-FR"},{"@type":"Organization","@id":"https:\/\/cda-dev.skysigma.pt\/#organization","name":"Casa dos Acess\u00f3rios","url":"https:\/\/cda-dev.skysigma.pt\/","logo":{"@type":"ImageObject","inLanguage":"fr-FR","@id":"https:\/\/cda-dev.skysigma.pt\/#\/schema\/logo\/image\/","url":"https:\/\/wordpress-1036313-3647719.cloudwaysapps.com\/wp-content\/uploads\/2019\/05\/CDA_logo.png","contentUrl":"https:\/\/wordpress-1036313-3647719.cloudwaysapps.com\/wp-content\/uploads\/2019\/05\/CDA_logo.png","width":875,"height":131,"caption":"Casa dos Acess\u00f3rios"},"image":{"@id":"https:\/\/cda-dev.skysigma.pt\/#\/schema\/logo\/image\/"},"sameAs":["https:\/\/www.facebook.com\/wordpress-1036313-3647719.cloudwaysapps.com\/"]}]}},"_links":{"self":[{"href":"https:\/\/cda-dev.skysigma.pt\/fr\/wp-json\/wp\/v2\/pages\/447849"}],"collection":[{"href":"https:\/\/cda-dev.skysigma.pt\/fr\/wp-json\/wp\/v2\/pages"}],"about":[{"href":"https:\/\/cda-dev.skysigma.pt\/fr\/wp-json\/wp\/v2\/types\/page"}],"author":[{"embeddable":true,"href":"https:\/\/cda-dev.skysigma.pt\/fr\/wp-json\/wp\/v2\/users\/1"}],"replies":[{"embeddable":true,"href":"https:\/\/cda-dev.skysigma.pt\/fr\/wp-json\/wp\/v2\/comments?post=447849"}],"version-history":[{"count":1,"href":"https:\/\/cda-dev.skysigma.pt\/fr\/wp-json\/wp\/v2\/pages\/447849\/revisions"}],"predecessor-version":[{"id":447850,"href":"https:\/\/cda-dev.skysigma.pt\/fr\/wp-json\/wp\/v2\/pages\/447849\/revisions\/447850"}],"wp:attachment":[{"href":"https:\/\/cda-dev.skysigma.pt\/fr\/wp-json\/wp\/v2\/media?parent=447849"}],"curies":[{"name":"wp","href":"https:\/\/api.w.org\/{rel}","templated":true}]}}