{"id":447814,"date":"2023-07-03T11:41:09","date_gmt":"2023-07-03T10:41:09","guid":{"rendered":"https:\/\/cda-dev.skysigma.pt\/politique-de-confidentialite\/"},"modified":"2025-03-11T16:46:18","modified_gmt":"2025-03-11T15:46:18","slug":"politique-de-confidentialite","status":"publish","type":"page","link":"https:\/\/cda-dev.skysigma.pt\/fr\/politique-de-confidentialite\/","title":{"rendered":"Politique de Confidentialit\u00e9"},"content":{"rendered":"\t\t<div data-elementor-type=\"wp-page\" data-elementor-id=\"447814\" class=\"elementor elementor-447814 elementor-141804\">\n\t\t\t\t\t\t<section class=\"elementor-section elementor-top-section elementor-element elementor-element-bb60dab elementor-section-full_width elementor-section-height-default elementor-section-height-default\" data-id=\"bb60dab\" data-element_type=\"section\">\n\t\t\t\t\t\t<div class=\"elementor-container elementor-column-gap-default\">\n\t\t\t\t\t<div class=\"elementor-column elementor-col-100 elementor-top-column elementor-element elementor-element-1ace04a9\" data-id=\"1ace04a9\" data-element_type=\"column\">\n\t\t\t<div class=\"elementor-widget-wrap elementor-element-populated\">\n\t\t\t\t\t\t<div class=\"elementor-element elementor-element-10979d86 elementor-widget elementor-widget-text-editor\" data-id=\"10979d86\" data-element_type=\"widget\" data-widget_type=\"text-editor.default\">\n\t\t\t\t<div class=\"elementor-widget-container\">\n\t\t\t\t\t\t\t\t\t<h2 class=\"contact-page-title\">Politique de Confidentialit\u00e9<\/h2>\t\t\t\t\t\t\t\t<\/div>\n\t\t\t\t<\/div>\n\t\t\t\t<div class=\"elementor-element elementor-element-3e905b17 elementor-widget__width-auto elementor-widget-divider--view-line elementor-widget elementor-widget-divider\" data-id=\"3e905b17\" data-element_type=\"widget\" data-widget_type=\"divider.default\">\n\t\t\t\t<div class=\"elementor-widget-container\">\n\t\t\t\t\t\t\t<div class=\"elementor-divider\">\n\t\t\t<span class=\"elementor-divider-separator\">\n\t\t\t\t\t\t<\/span>\n\t\t<\/div>\n\t\t\t\t\t\t<\/div>\n\t\t\t\t<\/div>\n\t\t\t\t\t<\/div>\n\t\t<\/div>\n\t\t\t\t\t<\/div>\n\t\t<\/section>\n\t\t\t\t<section class=\"elementor-section elementor-top-section elementor-element elementor-element-b2a876c elementor-section-full_width elementor-section-height-default elementor-section-height-default\" data-id=\"b2a876c\" data-element_type=\"section\">\n\t\t\t\t\t\t<div class=\"elementor-container elementor-column-gap-default\">\n\t\t\t\t\t<div class=\"elementor-column elementor-col-100 elementor-top-column elementor-element elementor-element-2669ac5\" data-id=\"2669ac5\" data-element_type=\"column\">\n\t\t\t<div class=\"elementor-widget-wrap elementor-element-populated\">\n\t\t\t\t\t\t<div class=\"elementor-element elementor-element-15dc3e1 elementor-widget elementor-widget-text-editor\" data-id=\"15dc3e1\" data-element_type=\"widget\" data-widget_type=\"text-editor.default\">\n\t\t\t\t<div class=\"elementor-widget-container\">\n\t\t\t\t\t\t\t\t\t<p>Cette politique de confidentialit\u00e9 s&#8217;applique \u00e0 toutes les donn\u00e9es personnelles collect\u00e9es par le biais du site web <a href=\"https:\/\/casadosacessorios.pt\/\">www.casadosacessorios.pt<\/a><\/p><p><strong>Contr\u00f4leur de donn\u00e9es<br><\/strong>Casa Acess\u00f3rios Pinto &amp; Guedes Lda, avec le num\u00e9ro d&#8217;identification fiscale 501523600, avec le si\u00e8ge social \u00e0 Rua S\u00e3o Br\u00e1s 233, Porto<br>4000-495 Porto, Portugal, avec l&#8217;adresse \u00e9lectronique <a href=\"mailto:comercial@casadosacessorios.pt\">comercial@casadosacessorios.pt<\/a>, est le responsable du traitement de vos donn\u00e9es personnelles.<\/p><p><strong>Collecte de donn\u00e9es<br><\/strong>Les donn\u00e9es personnelles collect\u00e9es par le biais de ce site web pour les utilisateurs dans le but d&#8217;acheter des produits ou d&#8217;obtenir des informations via la page de contact :<br>1. Nom de l&#8217;utilisateur;<br>2. Adresse \u00e9lectronique;<br>3. T\u00e9l\u00e9phone;<br>4. L&#8217;adresse;<\/p><p><strong>Finalit\u00e9s du Traitement<br><\/strong>Les donn\u00e9es \u00e0 caract\u00e8re personnel trait\u00e9es par le biais de ce site web ne seront utilis\u00e9es qu&#8217;aux fins suivantes:<\/p><p>1. Communiquer avec les clients et r\u00e9pondre \u00e0 leurs questions;<br>2. Traiter les demandes de renseignements;<br>3. Communications de marketing direct avec le consentement appropri\u00e9;<br>4. Demande de services\/produits;<br>5. Respect des obligations l\u00e9gales;<br>6. Am\u00e9lioration de la qualit\u00e9 du service fourni;<\/p><p><strong>Dur\u00e9e de conservation<br><\/strong>Vos donn\u00e9es ne seront conserv\u00e9es que pendant la dur\u00e9e n\u00e9cessaire \u00e0 la r\u00e9alisation de la finalit\u00e9 pour laquelle elles ont \u00e9t\u00e9 collect\u00e9es ou, le cas \u00e9ch\u00e9ant, jusqu&#8217;\u00e0 ce que vous exerciez votre droit d&#8217;opposition ou votre droit \u00e0 l&#8217;effacement.<\/p><p><strong>Consentement<br><\/strong>En acceptant la pr\u00e9sente politique de protection de la vie priv\u00e9e, vous autorisez le traitement de vos donn\u00e9es \u00e0 caract\u00e8re personnel sp\u00e9cifiquement pour les finalit\u00e9s identifi\u00e9es et s\u00e9lectionn\u00e9es. Si le consentement est l\u00e9galement requis pour le traitement des donn\u00e9es personnelles, la personne concern\u00e9e a le droit de retirer son consentement \u00e0 tout moment, bien que ce droit ne compromette pas la l\u00e9galit\u00e9 du traitement effectu\u00e9 sur la base du consentement pr\u00e9c\u00e9demment donn\u00e9, ni le traitement ult\u00e9rieur des m\u00eames donn\u00e9es fond\u00e9 sur une autre base juridique, telle qu&#8217;une obligation l\u00e9gale \u00e0 laquelle Casa Acess\u00f3rios Pinto &amp; Guedes Lda est soumise. Pour retirer votre consentement, vous pouvez nous contacter par lettre ou par e-mail \u00e0 l&#8217;adresse <a href=\"mailto:comercial@casadosacessorios.pt\">comercial@casadosacessorios.pt<\/a>.  <\/p><p><strong>Droits de L&#8217;utilisateur<br><\/strong>Les utilisateurs peuvent exercer leurs droits d&#8217;acc\u00e8s, de rectification, d&#8217;effacement, de limitation, d&#8217;opposition et de portabilit\u00e9 \u00e0 tout moment en en faisant la demande par l&#8217;un des moyens suivants :<\/p><p>Correio:<br>Rua S\u00e3o Br\u00e1s 233<br>4000-495 Porto, Portugal<\/p><p>E-mail: <a href=\"mailto:comercial@casadosacessorios.pt\">comercial@casadosacessorios.pt<\/a><\/p><p>La personne concern\u00e9e peut \u00e9galement d\u00e9poser une plainte concernant le traitement des donn\u00e9es aupr\u00e8s de la Commission nationale de protection des donn\u00e9es.<\/p><p><strong>Transmission des Donn\u00e9es<br><\/strong>Le traitement des donn\u00e9es de l&#8217;utilisateur peut \u00eatre effectu\u00e9 par un prestataire de services appropri\u00e9, engag\u00e9 par Casa Acess\u00f3rios Pinto &amp; ; Guedes Lda. Dans ce cas, Casa Acess\u00f3rios Pinto &amp; ; Guedes Lda prendra les mesures appropri\u00e9es pour s&#8217;assurer que les entit\u00e9s ayant acc\u00e8s aux donn\u00e9es offrent les meilleures garanties en mati\u00e8re de protection des donn\u00e9es. Ainsi, tout sous-traitant traitera les donn\u00e9es personnelles des Utilisateurs au nom et pour le compte de Casa Acess\u00f3rios Pinto &amp; ; Guedes Lda, dans le strict respect des dispositions l\u00e9gales en mati\u00e8re de protection des donn\u00e9es personnelles, de s\u00e9curit\u00e9 des informations et autres r\u00e8gles applicables. Il s&#8217;agit notamment des entreprises fournissant des services de transport et des autorit\u00e9s fiscales.   <\/p><p><strong>Transferts Internationaux de Donn\u00e9es<br><\/strong>Casa Acess\u00f3rios Pinto &amp; Guedes Lda peut, dans le cadre des finalit\u00e9s d\u00e9crites, transf\u00e9rer vos donn\u00e9es d&#8217;utilisateur en dehors du territoire de l&#8217;Espace \u00e9conomique europ\u00e9en (EEE). Dans ces cas, elle se conformera strictement aux dispositions l\u00e9gales applicables, \u00e0 savoir la d\u00e9termination de l&#8217;ad\u00e9quation du ou des pays de destination en ce qui concerne la protection des donn\u00e9es \u00e0 caract\u00e8re personnel et les exigences applicables \u00e0 ces transferts. <\/p><p><strong>Caract\u00e8re obligatoire des Donn\u00e9es Demand\u00e9es<br><\/strong>Les donn\u00e9es contenues dans le dossier du client et identifi\u00e9es par un ast\u00e9risque (*) doivent \u00eatre compl\u00e9t\u00e9es pour atteindre l&#8217;objectif fix\u00e9. Par cons\u00e9quent, si l&#8217;utilisateur ne fournit pas ces informations, Casa Acess\u00f3rios Pinto &amp; Guedes Lda ne pourra pas r\u00e9pondre \u00e0 la demande de l&#8217;utilisateur. <\/p><p><strong>D\u00e9cisions Automatis\u00e9es<br><\/strong>Casa Acess\u00f3rios Pinto &amp; Guedes Lda peut cr\u00e9er des profils d&#8217;utilisateurs qui permettront de prendre des d\u00e9cisions automatis\u00e9es sur la base des caract\u00e9ristiques personnelles, des pr\u00e9f\u00e9rences, de l&#8217;historique du comportement et de la localisation. Dans ces cas, l&#8217;utilisateur aura le droit d&#8217;obtenir une intervention humaine dans la d\u00e9cision, d&#8217;exprimer son point de vue et de contester la d\u00e9cision adopt\u00e9e. <\/p><p><strong>Mesures de protection des Donn\u00e9es Personnelles<br><\/strong>Casa Acess\u00f3rios Pinto &amp; Guedes Lda applique diverses mesures techniques et organisationnelles appropri\u00e9es pour prot\u00e9ger les donn\u00e9es personnelles des utilisateurs.<\/p><p><strong>Utilisation des &#8220;cookies&#8221;<br><\/strong>La politique en mati\u00e8re de cookies est disponible sur le site web.<\/p><p><strong>Modifications de la Politique de Confidentialit\u00e9<br><\/strong>Casa Acess\u00f3rios Pinto &amp; Guedes Lda peut mettre \u00e0 jour cette politique de confidentialit\u00e9 de temps \u00e0 autre. Nous vous demandons de consulter r\u00e9guli\u00e8rement ce document pour vous tenir au courant. <\/p>\t\t\t\t\t\t\t\t<\/div>\n\t\t\t\t<\/div>\n\t\t\t\t\t<\/div>\n\t\t<\/div>\n\t\t\t\t\t<\/div>\n\t\t<\/section>\n\t\t\t\t<section class=\"elementor-section elementor-top-section elementor-element elementor-element-a49de23 elementor-section-boxed elementor-section-height-default elementor-section-height-default\" data-id=\"a49de23\" data-element_type=\"section\">\n\t\t\t\t\t\t<div class=\"elementor-container elementor-column-gap-default\">\n\t\t\t\t\t<div class=\"elementor-column elementor-col-100 elementor-top-column elementor-element elementor-element-dfd4bcf\" data-id=\"dfd4bcf\" data-element_type=\"column\">\n\t\t\t<div class=\"elementor-widget-wrap\">\n\t\t\t\t\t\t\t<\/div>\n\t\t<\/div>\n\t\t\t\t\t<\/div>\n\t\t<\/section>\n\t\t\t\t<\/div>\n\t\t","protected":false},"excerpt":{"rendered":"<p>Politique de Confidentialit\u00e9 Cette politique de confidentialit\u00e9 s&#8217;applique \u00e0 toutes les donn\u00e9es personnelles collect\u00e9es par le biais du site web www.casadosacessorios.pt Contr\u00f4leur de donn\u00e9esCasa Acess\u00f3rios Pinto &amp; Guedes Lda, avec<\/p>\n","protected":false},"author":1,"featured_media":0,"parent":0,"menu_order":0,"comment_status":"closed","ping_status":"closed","template":"","meta":{"_acf_changed":false,"footnotes":""},"acf":[],"yoast_head":"<!-- This site is optimized with the Yoast SEO plugin v21.1 - https:\/\/yoast.com\/wordpress\/plugins\/seo\/ -->\n<title>Politique de Confidentialit\u00e9 | Casa dos Acess\u00f3rios<\/title>\n<meta name=\"robots\" content=\"index, follow, max-snippet:-1, max-image-preview:large, max-video-preview:-1\" \/>\n<link rel=\"canonical\" href=\"https:\/\/cda-dev.skysigma.pt\/fr\/politique-de-confidentialite\/\" \/>\n<meta property=\"og:locale\" content=\"fr_FR\" \/>\n<meta property=\"og:type\" content=\"article\" \/>\n<meta property=\"og:title\" content=\"Politique de Confidentialit\u00e9 | Casa dos Acess\u00f3rios\" \/>\n<meta property=\"og:description\" content=\"Politique de Confidentialit\u00e9 Cette politique de confidentialit\u00e9 s&#8217;applique \u00e0 toutes les donn\u00e9es personnelles collect\u00e9es par le biais du site web www.casadosacessorios.pt Contr\u00f4leur de donn\u00e9esCasa Acess\u00f3rios Pinto &amp; Guedes Lda, avec\" \/>\n<meta property=\"og:url\" content=\"https:\/\/cda-dev.skysigma.pt\/fr\/politique-de-confidentialite\/\" \/>\n<meta property=\"og:site_name\" content=\"Casa dos Acess\u00f3rios\" \/>\n<meta property=\"article:publisher\" content=\"https:\/\/www.facebook.com\/wordpress-1036313-3647719.cloudwaysapps.com\/\" \/>\n<meta property=\"article:modified_time\" content=\"2025-03-11T15:46:18+00:00\" \/>\n<meta name=\"twitter:card\" content=\"summary_large_image\" \/>\n<meta name=\"twitter:label1\" content=\"Dur\u00e9e de lecture estim\u00e9e\" \/>\n\t<meta name=\"twitter:data1\" content=\"4 minutes\" \/>\n<script type=\"application\/ld+json\" class=\"yoast-schema-graph\">{\"@context\":\"https:\/\/schema.org\",\"@graph\":[{\"@type\":\"WebPage\",\"@id\":\"https:\/\/cda-dev.skysigma.pt\/fr\/politique-de-confidentialite\/\",\"url\":\"https:\/\/cda-dev.skysigma.pt\/fr\/politique-de-confidentialite\/\",\"name\":\"Politique de Confidentialit\u00e9 | Casa dos Acess\u00f3rios\",\"isPartOf\":{\"@id\":\"https:\/\/cda-dev.skysigma.pt\/#website\"},\"datePublished\":\"2023-07-03T10:41:09+00:00\",\"dateModified\":\"2025-03-11T15:46:18+00:00\",\"breadcrumb\":{\"@id\":\"https:\/\/cda-dev.skysigma.pt\/fr\/politique-de-confidentialite\/#breadcrumb\"},\"inLanguage\":\"fr-FR\",\"potentialAction\":[{\"@type\":\"ReadAction\",\"target\":[\"https:\/\/cda-dev.skysigma.pt\/fr\/politique-de-confidentialite\/\"]}]},{\"@type\":\"BreadcrumbList\",\"@id\":\"https:\/\/cda-dev.skysigma.pt\/fr\/politique-de-confidentialite\/#breadcrumb\",\"itemListElement\":[{\"@type\":\"ListItem\",\"position\":1,\"name\":\"In\u00edcio\",\"item\":\"https:\/\/cda-dev.skysigma.pt\/fr\/accueil\/\"},{\"@type\":\"ListItem\",\"position\":2,\"name\":\"Politique de Confidentialit\u00e9\"}]},{\"@type\":\"WebSite\",\"@id\":\"https:\/\/cda-dev.skysigma.pt\/#website\",\"url\":\"https:\/\/cda-dev.skysigma.pt\/\",\"name\":\"Casa dos Acess\u00f3rios\",\"description\":\"Acess\u00f3rios e componentes eletr\u00f3nicos\",\"publisher\":{\"@id\":\"https:\/\/cda-dev.skysigma.pt\/#organization\"},\"potentialAction\":[{\"@type\":\"SearchAction\",\"target\":{\"@type\":\"EntryPoint\",\"urlTemplate\":\"https:\/\/cda-dev.skysigma.pt\/?s={search_term_string}\"},\"query-input\":\"required name=search_term_string\"}],\"inLanguage\":\"fr-FR\"},{\"@type\":\"Organization\",\"@id\":\"https:\/\/cda-dev.skysigma.pt\/#organization\",\"name\":\"Casa dos Acess\u00f3rios\",\"url\":\"https:\/\/cda-dev.skysigma.pt\/\",\"logo\":{\"@type\":\"ImageObject\",\"inLanguage\":\"fr-FR\",\"@id\":\"https:\/\/cda-dev.skysigma.pt\/#\/schema\/logo\/image\/\",\"url\":\"https:\/\/wordpress-1036313-3647719.cloudwaysapps.com\/wp-content\/uploads\/2019\/05\/CDA_logo.png\",\"contentUrl\":\"https:\/\/wordpress-1036313-3647719.cloudwaysapps.com\/wp-content\/uploads\/2019\/05\/CDA_logo.png\",\"width\":875,\"height\":131,\"caption\":\"Casa dos Acess\u00f3rios\"},\"image\":{\"@id\":\"https:\/\/cda-dev.skysigma.pt\/#\/schema\/logo\/image\/\"},\"sameAs\":[\"https:\/\/www.facebook.com\/wordpress-1036313-3647719.cloudwaysapps.com\/\"]}]}<\/script>\n<!-- \/ Yoast SEO plugin. -->","yoast_head_json":{"title":"Politique de Confidentialit\u00e9 | Casa dos Acess\u00f3rios","robots":{"index":"index","follow":"follow","max-snippet":"max-snippet:-1","max-image-preview":"max-image-preview:large","max-video-preview":"max-video-preview:-1"},"canonical":"https:\/\/cda-dev.skysigma.pt\/fr\/politique-de-confidentialite\/","og_locale":"fr_FR","og_type":"article","og_title":"Politique de Confidentialit\u00e9 | Casa dos Acess\u00f3rios","og_description":"Politique de Confidentialit\u00e9 Cette politique de confidentialit\u00e9 s&#8217;applique \u00e0 toutes les donn\u00e9es personnelles collect\u00e9es par le biais du site web www.casadosacessorios.pt Contr\u00f4leur de donn\u00e9esCasa Acess\u00f3rios Pinto &amp; Guedes Lda, avec","og_url":"https:\/\/cda-dev.skysigma.pt\/fr\/politique-de-confidentialite\/","og_site_name":"Casa dos Acess\u00f3rios","article_publisher":"https:\/\/www.facebook.com\/wordpress-1036313-3647719.cloudwaysapps.com\/","article_modified_time":"2025-03-11T15:46:18+00:00","twitter_card":"summary_large_image","twitter_misc":{"Dur\u00e9e de lecture estim\u00e9e":"4 minutes"},"schema":{"@context":"https:\/\/schema.org","@graph":[{"@type":"WebPage","@id":"https:\/\/cda-dev.skysigma.pt\/fr\/politique-de-confidentialite\/","url":"https:\/\/cda-dev.skysigma.pt\/fr\/politique-de-confidentialite\/","name":"Politique de Confidentialit\u00e9 | Casa dos Acess\u00f3rios","isPartOf":{"@id":"https:\/\/cda-dev.skysigma.pt\/#website"},"datePublished":"2023-07-03T10:41:09+00:00","dateModified":"2025-03-11T15:46:18+00:00","breadcrumb":{"@id":"https:\/\/cda-dev.skysigma.pt\/fr\/politique-de-confidentialite\/#breadcrumb"},"inLanguage":"fr-FR","potentialAction":[{"@type":"ReadAction","target":["https:\/\/cda-dev.skysigma.pt\/fr\/politique-de-confidentialite\/"]}]},{"@type":"BreadcrumbList","@id":"https:\/\/cda-dev.skysigma.pt\/fr\/politique-de-confidentialite\/#breadcrumb","itemListElement":[{"@type":"ListItem","position":1,"name":"In\u00edcio","item":"https:\/\/cda-dev.skysigma.pt\/fr\/accueil\/"},{"@type":"ListItem","position":2,"name":"Politique de Confidentialit\u00e9"}]},{"@type":"WebSite","@id":"https:\/\/cda-dev.skysigma.pt\/#website","url":"https:\/\/cda-dev.skysigma.pt\/","name":"Casa dos Acess\u00f3rios","description":"Acess\u00f3rios e componentes eletr\u00f3nicos","publisher":{"@id":"https:\/\/cda-dev.skysigma.pt\/#organization"},"potentialAction":[{"@type":"SearchAction","target":{"@type":"EntryPoint","urlTemplate":"https:\/\/cda-dev.skysigma.pt\/?s={search_term_string}"},"query-input":"required name=search_term_string"}],"inLanguage":"fr-FR"},{"@type":"Organization","@id":"https:\/\/cda-dev.skysigma.pt\/#organization","name":"Casa dos Acess\u00f3rios","url":"https:\/\/cda-dev.skysigma.pt\/","logo":{"@type":"ImageObject","inLanguage":"fr-FR","@id":"https:\/\/cda-dev.skysigma.pt\/#\/schema\/logo\/image\/","url":"https:\/\/wordpress-1036313-3647719.cloudwaysapps.com\/wp-content\/uploads\/2019\/05\/CDA_logo.png","contentUrl":"https:\/\/wordpress-1036313-3647719.cloudwaysapps.com\/wp-content\/uploads\/2019\/05\/CDA_logo.png","width":875,"height":131,"caption":"Casa dos Acess\u00f3rios"},"image":{"@id":"https:\/\/cda-dev.skysigma.pt\/#\/schema\/logo\/image\/"},"sameAs":["https:\/\/www.facebook.com\/wordpress-1036313-3647719.cloudwaysapps.com\/"]}]}},"_links":{"self":[{"href":"https:\/\/cda-dev.skysigma.pt\/fr\/wp-json\/wp\/v2\/pages\/447814"}],"collection":[{"href":"https:\/\/cda-dev.skysigma.pt\/fr\/wp-json\/wp\/v2\/pages"}],"about":[{"href":"https:\/\/cda-dev.skysigma.pt\/fr\/wp-json\/wp\/v2\/types\/page"}],"author":[{"embeddable":true,"href":"https:\/\/cda-dev.skysigma.pt\/fr\/wp-json\/wp\/v2\/users\/1"}],"replies":[{"embeddable":true,"href":"https:\/\/cda-dev.skysigma.pt\/fr\/wp-json\/wp\/v2\/comments?post=447814"}],"version-history":[{"count":1,"href":"https:\/\/cda-dev.skysigma.pt\/fr\/wp-json\/wp\/v2\/pages\/447814\/revisions"}],"predecessor-version":[{"id":447815,"href":"https:\/\/cda-dev.skysigma.pt\/fr\/wp-json\/wp\/v2\/pages\/447814\/revisions\/447815"}],"wp:attachment":[{"href":"https:\/\/cda-dev.skysigma.pt\/fr\/wp-json\/wp\/v2\/media?parent=447814"}],"curies":[{"name":"wp","href":"https:\/\/api.w.org\/{rel}","templated":true}]}}