{"id":447812,"date":"2023-07-03T11:55:25","date_gmt":"2023-07-03T10:55:25","guid":{"rendered":"https:\/\/cda-dev.skysigma.pt\/politique-de-retour\/"},"modified":"2025-03-11T16:35:18","modified_gmt":"2025-03-11T15:35:18","slug":"politique-de-retour","status":"publish","type":"page","link":"https:\/\/cda-dev.skysigma.pt\/fr\/politique-de-retour\/","title":{"rendered":"Politique de retour"},"content":{"rendered":"\t\t<div data-elementor-type=\"wp-page\" data-elementor-id=\"447812\" class=\"elementor elementor-447812 elementor-141816\">\n\t\t\t\t\t\t<section class=\"elementor-section elementor-top-section elementor-element elementor-element-edbb6af elementor-section-full_width elementor-section-height-default elementor-section-height-default\" data-id=\"edbb6af\" data-element_type=\"section\">\n\t\t\t\t\t\t<div class=\"elementor-container elementor-column-gap-default\">\n\t\t\t\t\t<div class=\"elementor-column elementor-col-100 elementor-top-column elementor-element elementor-element-48a98635\" data-id=\"48a98635\" data-element_type=\"column\">\n\t\t\t<div class=\"elementor-widget-wrap elementor-element-populated\">\n\t\t\t\t\t\t<div class=\"elementor-element elementor-element-46acadd8 elementor-widget elementor-widget-text-editor\" data-id=\"46acadd8\" data-element_type=\"widget\" data-widget_type=\"text-editor.default\">\n\t\t\t\t<div class=\"elementor-widget-container\">\n\t\t\t\t\t\t\t\t\t<h2 class=\"contact-page-title\">Politique de retour<\/h2>\t\t\t\t\t\t\t\t<\/div>\n\t\t\t\t<\/div>\n\t\t\t\t<div class=\"elementor-element elementor-element-685f772a elementor-widget__width-auto elementor-widget-divider--view-line elementor-widget elementor-widget-divider\" data-id=\"685f772a\" data-element_type=\"widget\" data-widget_type=\"divider.default\">\n\t\t\t\t<div class=\"elementor-widget-container\">\n\t\t\t\t\t\t\t<div class=\"elementor-divider\">\n\t\t\t<span class=\"elementor-divider-separator\">\n\t\t\t\t\t\t<\/span>\n\t\t<\/div>\n\t\t\t\t\t\t<\/div>\n\t\t\t\t<\/div>\n\t\t\t\t\t<\/div>\n\t\t<\/div>\n\t\t\t\t\t<\/div>\n\t\t<\/section>\n\t\t\t\t<section class=\"elementor-section elementor-top-section elementor-element elementor-element-d3b862e elementor-section-full_width elementor-section-height-default elementor-section-height-default\" data-id=\"d3b862e\" data-element_type=\"section\">\n\t\t\t\t\t\t<div class=\"elementor-container elementor-column-gap-default\">\n\t\t\t\t\t<div class=\"elementor-column elementor-col-100 elementor-top-column elementor-element elementor-element-6200eea\" data-id=\"6200eea\" data-element_type=\"column\">\n\t\t\t<div class=\"elementor-widget-wrap elementor-element-populated\">\n\t\t\t\t\t\t<div class=\"elementor-element elementor-element-88151f7 elementor-widget elementor-widget-text-editor\" data-id=\"88151f7\" data-element_type=\"widget\" data-widget_type=\"text-editor.default\">\n\t\t\t\t<div class=\"elementor-widget-container\">\n\t\t\t\t\t\t\t\t\t<h5 class=\"block-title\">Politique de retour de la Casa dos Acess\u00f3rios<\/h5><p class=\"block-text\">Si vous avez achet\u00e9 un article \u00e0 Casa dos Acess\u00f3rios, vous disposez d&#8217;un d\u00e9lai de 14 jours pour retourner votre commande.<br>Les retours peuvent \u00eatre effectu\u00e9s \u00e0 condition que l&#8217;article soit dans le m\u00eame \u00e9tat que celui dans lequel il a \u00e9t\u00e9 vendu, dans son emballage d&#8217;origine et accompagn\u00e9 de tous ses accessoires.<\/p><p class=\"block-text\">Vous pouvez le faire en contactant Casa dos Acess\u00f3rios au 225 023 631 \/ 632, ligne fixe nationale, ou via <a href=\"mailto:comercial@casadosacess%C3%B3rios.pt\">comercial@casadosacess\u00f3rios.pt.<\/a><br>Nous vous fournirons toutes les informations n\u00e9cessaires pour effectuer votre retour, et les retours ne seront accept\u00e9s que si vous contactez Casa dos Acess\u00f3rios \u00e0 l&#8217;avance.<\/p><h5 class=\"block-title\">Les conditions de retour sont les suivantes :<\/h5><ol class=\"block-text\"><li>Articles ne pr\u00e9sentant aucun signe d&#8217;utilisation ;<\/li><li>Retour de l&#8217;article complet avec tous ses accessoires, y compris l&#8217;emballage d&#8217;origine en parfait \u00e9tat ;<\/li><li>D\u00e9lai de retour jusqu&#8217;au 14e jour cons\u00e9cutif \u00e0 compter de la date de livraison ;<\/li><li>Casa dos Acess\u00f3rios se r\u00e9serve le droit de ne pas accepter les retours de mat\u00e9riel \u00e9lectronique\/\u00e9lectrique et recommande au client de confirmer sans \u00e9quivoque la commande qu&#8217;il a l&#8217;intention de r\u00e9aliser ;<\/li><li>En cas de retour mon\u00e9taire, Casa dos Acess\u00f3rios se r\u00e9serve le droit de rembourser le montant re\u00e7u, \u00e0 l&#8217;exclusion des frais bancaires li\u00e9s \u00e0 la transaction et, le cas \u00e9ch\u00e9ant, des frais li\u00e9s au transport des marchandises.<\/li><\/ol>\t\t\t\t\t\t\t\t<\/div>\n\t\t\t\t<\/div>\n\t\t\t\t\t<\/div>\n\t\t<\/div>\n\t\t\t\t\t<\/div>\n\t\t<\/section>\n\t\t\t\t<section class=\"elementor-section elementor-top-section elementor-element elementor-element-2178e96 elementor-section-boxed elementor-section-height-default elementor-section-height-default\" data-id=\"2178e96\" data-element_type=\"section\">\n\t\t\t\t\t\t<div class=\"elementor-container elementor-column-gap-default\">\n\t\t\t\t\t<div class=\"elementor-column elementor-col-100 elementor-top-column elementor-element elementor-element-90f934a\" data-id=\"90f934a\" data-element_type=\"column\">\n\t\t\t<div class=\"elementor-widget-wrap\">\n\t\t\t\t\t\t\t<\/div>\n\t\t<\/div>\n\t\t\t\t\t<\/div>\n\t\t<\/section>\n\t\t\t\t<\/div>\n\t\t","protected":false},"excerpt":{"rendered":"<p>Politique de retour Politique de retour de la Casa dos Acess\u00f3rios Si vous avez achet\u00e9 un article \u00e0 Casa dos Acess\u00f3rios, vous disposez d&#8217;un d\u00e9lai de 14 jours pour retourner<\/p>\n","protected":false},"author":1,"featured_media":0,"parent":0,"menu_order":0,"comment_status":"closed","ping_status":"closed","template":"","meta":{"_acf_changed":false,"footnotes":""},"acf":[],"yoast_head":"<!-- This site is optimized with the Yoast SEO plugin v21.1 - https:\/\/yoast.com\/wordpress\/plugins\/seo\/ -->\n<title>Politique de retour | Casa dos Acess\u00f3rios<\/title>\n<meta name=\"robots\" content=\"index, follow, max-snippet:-1, max-image-preview:large, max-video-preview:-1\" \/>\n<link rel=\"canonical\" href=\"https:\/\/cda-dev.skysigma.pt\/fr\/politique-de-retour\/\" \/>\n<meta property=\"og:locale\" content=\"fr_FR\" \/>\n<meta property=\"og:type\" content=\"article\" \/>\n<meta property=\"og:title\" content=\"Politique de retour | Casa dos Acess\u00f3rios\" \/>\n<meta property=\"og:description\" content=\"Politique de retour Politique de retour de la Casa dos Acess\u00f3rios Si vous avez achet\u00e9 un article \u00e0 Casa dos Acess\u00f3rios, vous disposez d&#8217;un d\u00e9lai de 14 jours pour retourner\" \/>\n<meta property=\"og:url\" content=\"https:\/\/cda-dev.skysigma.pt\/fr\/politique-de-retour\/\" \/>\n<meta property=\"og:site_name\" content=\"Casa dos Acess\u00f3rios\" \/>\n<meta property=\"article:publisher\" content=\"https:\/\/www.facebook.com\/wordpress-1036313-3647719.cloudwaysapps.com\/\" \/>\n<meta property=\"article:modified_time\" content=\"2025-03-11T15:35:18+00:00\" \/>\n<meta name=\"twitter:card\" content=\"summary_large_image\" \/>\n<meta name=\"twitter:label1\" content=\"Dur\u00e9e de lecture estim\u00e9e\" \/>\n\t<meta name=\"twitter:data1\" content=\"1 minute\" \/>\n<script type=\"application\/ld+json\" class=\"yoast-schema-graph\">{\"@context\":\"https:\/\/schema.org\",\"@graph\":[{\"@type\":\"WebPage\",\"@id\":\"https:\/\/cda-dev.skysigma.pt\/fr\/politique-de-retour\/\",\"url\":\"https:\/\/cda-dev.skysigma.pt\/fr\/politique-de-retour\/\",\"name\":\"Politique de retour | Casa dos Acess\u00f3rios\",\"isPartOf\":{\"@id\":\"https:\/\/cda-dev.skysigma.pt\/#website\"},\"datePublished\":\"2023-07-03T10:55:25+00:00\",\"dateModified\":\"2025-03-11T15:35:18+00:00\",\"breadcrumb\":{\"@id\":\"https:\/\/cda-dev.skysigma.pt\/fr\/politique-de-retour\/#breadcrumb\"},\"inLanguage\":\"fr-FR\",\"potentialAction\":[{\"@type\":\"ReadAction\",\"target\":[\"https:\/\/cda-dev.skysigma.pt\/fr\/politique-de-retour\/\"]}]},{\"@type\":\"BreadcrumbList\",\"@id\":\"https:\/\/cda-dev.skysigma.pt\/fr\/politique-de-retour\/#breadcrumb\",\"itemListElement\":[{\"@type\":\"ListItem\",\"position\":1,\"name\":\"In\u00edcio\",\"item\":\"https:\/\/cda-dev.skysigma.pt\/fr\/accueil\/\"},{\"@type\":\"ListItem\",\"position\":2,\"name\":\"Politique de retour\"}]},{\"@type\":\"WebSite\",\"@id\":\"https:\/\/cda-dev.skysigma.pt\/#website\",\"url\":\"https:\/\/cda-dev.skysigma.pt\/\",\"name\":\"Casa dos Acess\u00f3rios\",\"description\":\"Acess\u00f3rios e componentes eletr\u00f3nicos\",\"publisher\":{\"@id\":\"https:\/\/cda-dev.skysigma.pt\/#organization\"},\"potentialAction\":[{\"@type\":\"SearchAction\",\"target\":{\"@type\":\"EntryPoint\",\"urlTemplate\":\"https:\/\/cda-dev.skysigma.pt\/?s={search_term_string}\"},\"query-input\":\"required name=search_term_string\"}],\"inLanguage\":\"fr-FR\"},{\"@type\":\"Organization\",\"@id\":\"https:\/\/cda-dev.skysigma.pt\/#organization\",\"name\":\"Casa dos Acess\u00f3rios\",\"url\":\"https:\/\/cda-dev.skysigma.pt\/\",\"logo\":{\"@type\":\"ImageObject\",\"inLanguage\":\"fr-FR\",\"@id\":\"https:\/\/cda-dev.skysigma.pt\/#\/schema\/logo\/image\/\",\"url\":\"https:\/\/wordpress-1036313-3647719.cloudwaysapps.com\/wp-content\/uploads\/2019\/05\/CDA_logo.png\",\"contentUrl\":\"https:\/\/wordpress-1036313-3647719.cloudwaysapps.com\/wp-content\/uploads\/2019\/05\/CDA_logo.png\",\"width\":875,\"height\":131,\"caption\":\"Casa dos Acess\u00f3rios\"},\"image\":{\"@id\":\"https:\/\/cda-dev.skysigma.pt\/#\/schema\/logo\/image\/\"},\"sameAs\":[\"https:\/\/www.facebook.com\/wordpress-1036313-3647719.cloudwaysapps.com\/\"]}]}<\/script>\n<!-- \/ Yoast SEO plugin. -->","yoast_head_json":{"title":"Politique de retour | Casa dos Acess\u00f3rios","robots":{"index":"index","follow":"follow","max-snippet":"max-snippet:-1","max-image-preview":"max-image-preview:large","max-video-preview":"max-video-preview:-1"},"canonical":"https:\/\/cda-dev.skysigma.pt\/fr\/politique-de-retour\/","og_locale":"fr_FR","og_type":"article","og_title":"Politique de retour | Casa dos Acess\u00f3rios","og_description":"Politique de retour Politique de retour de la Casa dos Acess\u00f3rios Si vous avez achet\u00e9 un article \u00e0 Casa dos Acess\u00f3rios, vous disposez d&#8217;un d\u00e9lai de 14 jours pour retourner","og_url":"https:\/\/cda-dev.skysigma.pt\/fr\/politique-de-retour\/","og_site_name":"Casa dos Acess\u00f3rios","article_publisher":"https:\/\/www.facebook.com\/wordpress-1036313-3647719.cloudwaysapps.com\/","article_modified_time":"2025-03-11T15:35:18+00:00","twitter_card":"summary_large_image","twitter_misc":{"Dur\u00e9e de lecture estim\u00e9e":"1 minute"},"schema":{"@context":"https:\/\/schema.org","@graph":[{"@type":"WebPage","@id":"https:\/\/cda-dev.skysigma.pt\/fr\/politique-de-retour\/","url":"https:\/\/cda-dev.skysigma.pt\/fr\/politique-de-retour\/","name":"Politique de retour | Casa dos Acess\u00f3rios","isPartOf":{"@id":"https:\/\/cda-dev.skysigma.pt\/#website"},"datePublished":"2023-07-03T10:55:25+00:00","dateModified":"2025-03-11T15:35:18+00:00","breadcrumb":{"@id":"https:\/\/cda-dev.skysigma.pt\/fr\/politique-de-retour\/#breadcrumb"},"inLanguage":"fr-FR","potentialAction":[{"@type":"ReadAction","target":["https:\/\/cda-dev.skysigma.pt\/fr\/politique-de-retour\/"]}]},{"@type":"BreadcrumbList","@id":"https:\/\/cda-dev.skysigma.pt\/fr\/politique-de-retour\/#breadcrumb","itemListElement":[{"@type":"ListItem","position":1,"name":"In\u00edcio","item":"https:\/\/cda-dev.skysigma.pt\/fr\/accueil\/"},{"@type":"ListItem","position":2,"name":"Politique de retour"}]},{"@type":"WebSite","@id":"https:\/\/cda-dev.skysigma.pt\/#website","url":"https:\/\/cda-dev.skysigma.pt\/","name":"Casa dos Acess\u00f3rios","description":"Acess\u00f3rios e componentes eletr\u00f3nicos","publisher":{"@id":"https:\/\/cda-dev.skysigma.pt\/#organization"},"potentialAction":[{"@type":"SearchAction","target":{"@type":"EntryPoint","urlTemplate":"https:\/\/cda-dev.skysigma.pt\/?s={search_term_string}"},"query-input":"required name=search_term_string"}],"inLanguage":"fr-FR"},{"@type":"Organization","@id":"https:\/\/cda-dev.skysigma.pt\/#organization","name":"Casa dos Acess\u00f3rios","url":"https:\/\/cda-dev.skysigma.pt\/","logo":{"@type":"ImageObject","inLanguage":"fr-FR","@id":"https:\/\/cda-dev.skysigma.pt\/#\/schema\/logo\/image\/","url":"https:\/\/wordpress-1036313-3647719.cloudwaysapps.com\/wp-content\/uploads\/2019\/05\/CDA_logo.png","contentUrl":"https:\/\/wordpress-1036313-3647719.cloudwaysapps.com\/wp-content\/uploads\/2019\/05\/CDA_logo.png","width":875,"height":131,"caption":"Casa dos Acess\u00f3rios"},"image":{"@id":"https:\/\/cda-dev.skysigma.pt\/#\/schema\/logo\/image\/"},"sameAs":["https:\/\/www.facebook.com\/wordpress-1036313-3647719.cloudwaysapps.com\/"]}]}},"_links":{"self":[{"href":"https:\/\/cda-dev.skysigma.pt\/fr\/wp-json\/wp\/v2\/pages\/447812"}],"collection":[{"href":"https:\/\/cda-dev.skysigma.pt\/fr\/wp-json\/wp\/v2\/pages"}],"about":[{"href":"https:\/\/cda-dev.skysigma.pt\/fr\/wp-json\/wp\/v2\/types\/page"}],"author":[{"embeddable":true,"href":"https:\/\/cda-dev.skysigma.pt\/fr\/wp-json\/wp\/v2\/users\/1"}],"replies":[{"embeddable":true,"href":"https:\/\/cda-dev.skysigma.pt\/fr\/wp-json\/wp\/v2\/comments?post=447812"}],"version-history":[{"count":1,"href":"https:\/\/cda-dev.skysigma.pt\/fr\/wp-json\/wp\/v2\/pages\/447812\/revisions"}],"predecessor-version":[{"id":447813,"href":"https:\/\/cda-dev.skysigma.pt\/fr\/wp-json\/wp\/v2\/pages\/447812\/revisions\/447813"}],"wp:attachment":[{"href":"https:\/\/cda-dev.skysigma.pt\/fr\/wp-json\/wp\/v2\/media?parent=447812"}],"curies":[{"name":"wp","href":"https:\/\/api.w.org\/{rel}","templated":true}]}}