{"id":447804,"date":"2023-07-03T11:35:54","date_gmt":"2023-07-03T10:35:54","guid":{"rendered":"https:\/\/cda-dev.skysigma.pt\/politique-en-matiere-de-cookies\/"},"modified":"2025-03-11T16:21:44","modified_gmt":"2025-03-11T15:21:44","slug":"politique-en-matiere-de-cookies","status":"publish","type":"page","link":"https:\/\/cda-dev.skysigma.pt\/fr\/politique-en-matiere-de-cookies\/","title":{"rendered":"Politique en mati\u00e8re de cookies"},"content":{"rendered":"\t\t<div data-elementor-type=\"wp-page\" data-elementor-id=\"447804\" class=\"elementor elementor-447804 elementor-141799\">\n\t\t\t\t\t\t<section class=\"elementor-section elementor-top-section elementor-element elementor-element-70b72fbe elementor-section-full_width elementor-section-height-default elementor-section-height-default\" data-id=\"70b72fbe\" data-element_type=\"section\">\n\t\t\t\t\t\t<div class=\"elementor-container elementor-column-gap-default\">\n\t\t\t\t\t<div class=\"elementor-column elementor-col-100 elementor-top-column elementor-element elementor-element-3530f564\" data-id=\"3530f564\" data-element_type=\"column\">\n\t\t\t<div class=\"elementor-widget-wrap elementor-element-populated\">\n\t\t\t\t\t\t<div class=\"elementor-element elementor-element-17fe0247 elementor-widget elementor-widget-text-editor\" data-id=\"17fe0247\" data-element_type=\"widget\" data-widget_type=\"text-editor.default\">\n\t\t\t\t<div class=\"elementor-widget-container\">\n\t\t\t\t\t\t\t\t\t<h2 class=\"contact-page-title\">Politique en mati\u00e8re de cookies<\/h2>\t\t\t\t\t\t\t\t<\/div>\n\t\t\t\t<\/div>\n\t\t\t\t<div class=\"elementor-element elementor-element-697517e6 elementor-widget__width-auto elementor-widget-divider--view-line elementor-widget elementor-widget-divider\" data-id=\"697517e6\" data-element_type=\"widget\" data-widget_type=\"divider.default\">\n\t\t\t\t<div class=\"elementor-widget-container\">\n\t\t\t\t\t\t\t<div class=\"elementor-divider\">\n\t\t\t<span class=\"elementor-divider-separator\">\n\t\t\t\t\t\t<\/span>\n\t\t<\/div>\n\t\t\t\t\t\t<\/div>\n\t\t\t\t<\/div>\n\t\t\t\t\t<\/div>\n\t\t<\/div>\n\t\t\t\t\t<\/div>\n\t\t<\/section>\n\t\t\t\t<section class=\"elementor-section elementor-top-section elementor-element elementor-element-9061c3e elementor-section-full_width elementor-section-height-default elementor-section-height-default\" data-id=\"9061c3e\" data-element_type=\"section\">\n\t\t\t\t\t\t<div class=\"elementor-container elementor-column-gap-default\">\n\t\t\t\t\t<div class=\"elementor-column elementor-col-100 elementor-top-column elementor-element elementor-element-6674241\" data-id=\"6674241\" data-element_type=\"column\">\n\t\t\t<div class=\"elementor-widget-wrap elementor-element-populated\">\n\t\t\t\t\t\t<div class=\"elementor-element elementor-element-cf9e2f5 elementor-widget elementor-widget-text-editor\" data-id=\"cf9e2f5\" data-element_type=\"widget\" data-widget_type=\"text-editor.default\">\n\t\t\t\t<div class=\"elementor-widget-container\">\n\t\t\t\t\t\t\t\t\t<section class=\"w-banner w-section__block \" data-module-uuid=\"5450045a-7b15-45b6-8453-896d403e46b5\" data-module-template=\"banner_image\" data-module-id=\"1030497526\" data-module-name=\"Institucional_html_10\"><div class=\"w-banner__wrapper\"><div class=\"w-banner__wrapper__content\"><div class=\"w-section__html__content\" data-highlight-template=\"html\" data-highlight-id=\"1030634509\" data-highlight-position=\"50\" data-highlight-rule-id=\"1030634509\"><section class=\"\"><div class=\"\"><h5 class=\"block-title\">Quels types de cookies Casa dos Acess\u00f3rios utilise-t-elle ?<br><br><\/h5><ol class=\"block-text\"><li><b>Cookies de session :<\/b> il s&#8217;agit de cookies temporaires qui restent dans le fichier de cookies du navigateur pendant la navigation sur la page web, et aucun enregistrement n&#8217;est stock\u00e9 sur le disque dur de l&#8217;utilisateur. Les informations collect\u00e9es par ces cookies ont pour but d&#8217;analyser les sch\u00e9mas de trafic du site web. En bref, cela nous permet d&#8217;am\u00e9liorer le service fourni par le biais du contenu et de la convivialit\u00e9 du site web.  <\/li><li><b>Cookies analytiques :<\/b> Il s&#8217;agit de <b>cookies<\/b> qui, lorsqu&#8217;ils sont correctement trait\u00e9s, nous permettent de quantifier le nombre d&#8217;utilisateurs et de mesurer et d&#8217;analyser statistiquement la fa\u00e7on dont les utilisateurs utilisent le service offert par Casa dos Acess\u00f3rios. Nous analysons la navigation sur notre site web afin d&#8217;am\u00e9liorer l&#8217;offre de produits ou de services. <\/li><li><b>Cookies publicitaires :<\/b> il s&#8217;agit de <b>cookies<\/b> qui, s&#8217;ils sont trait\u00e9s correctement, nous permettent de g\u00e9rer plus efficacement les informations contenues dans les espaces publicitaires du site, en analysant vos habitudes de navigation et en vous montrant des publicit\u00e9s en rapport avec votre profil de navigation.<\/li><\/ol><\/div><\/section><h5 class=\"block-title\">Que signifie le fait de ne pas autoriser l&#8217;utilisation de cookies ?<\/h5><p class=\"block-text\">Si vous pr\u00e9f\u00e9rez ne pas autoriser les cookies, vous avez la possibilit\u00e9 de les d\u00e9sactiver dans le navigateur Internet que vous utilisez, mais vous devez garder \u00e0 l&#8217;esprit que cette d\u00e9cision peut emp\u00eacher la visualisation correcte de certaines pages Web.<\/p><\/div><\/div><\/div><\/section><h5 class=\"block-title\">Comment puis-je g\u00e9rer les cookies ?<\/h5><p class=\"block-text\">Tous les navigateurs permettent \u00e0 l&#8217;utilisateur d&#8217;accepter, de refuser ou de supprimer les cookies en s\u00e9lectionnant les param\u00e8tres avanc\u00e9s du navigateur. Les cookies peuvent \u00eatre configur\u00e9s dans le menu &#8220;options&#8221; ou &#8220;pr\u00e9f\u00e9rences&#8221;. Veuillez toutefois noter que cette d\u00e9cision peut emp\u00eacher la visualisation correcte de certaines pages et peut affecter partiellement ou totalement votre exp\u00e9rience d&#8217;utilisation du site web.  <\/p>\t\t\t\t\t\t\t\t<\/div>\n\t\t\t\t<\/div>\n\t\t\t\t\t<\/div>\n\t\t<\/div>\n\t\t\t\t\t<\/div>\n\t\t<\/section>\n\t\t\t\t<\/div>\n\t\t","protected":false},"excerpt":{"rendered":"<p>Politique en mati\u00e8re de cookies Quels types de cookies Casa dos Acess\u00f3rios utilise-t-elle ? Cookies de session : il s&#8217;agit de cookies temporaires qui restent dans le fichier de cookies<\/p>\n","protected":false},"author":1,"featured_media":0,"parent":0,"menu_order":0,"comment_status":"closed","ping_status":"closed","template":"","meta":{"_acf_changed":false,"footnotes":""},"acf":[],"yoast_head":"<!-- This site is optimized with the Yoast SEO plugin v21.1 - https:\/\/yoast.com\/wordpress\/plugins\/seo\/ -->\n<title>Politique en mati\u00e8re de cookies | Casa dos Acess\u00f3rios<\/title>\n<meta name=\"robots\" content=\"index, follow, max-snippet:-1, max-image-preview:large, max-video-preview:-1\" \/>\n<link rel=\"canonical\" href=\"https:\/\/cda-dev.skysigma.pt\/fr\/politique-en-matiere-de-cookies\/\" \/>\n<meta property=\"og:locale\" content=\"fr_FR\" \/>\n<meta property=\"og:type\" content=\"article\" \/>\n<meta property=\"og:title\" content=\"Politique en mati\u00e8re de cookies | Casa dos Acess\u00f3rios\" \/>\n<meta property=\"og:description\" content=\"Politique en mati\u00e8re de cookies Quels types de cookies Casa dos Acess\u00f3rios utilise-t-elle ? Cookies de session : il s&#8217;agit de cookies temporaires qui restent dans le fichier de cookies\" \/>\n<meta property=\"og:url\" content=\"https:\/\/cda-dev.skysigma.pt\/fr\/politique-en-matiere-de-cookies\/\" \/>\n<meta property=\"og:site_name\" content=\"Casa dos Acess\u00f3rios\" \/>\n<meta property=\"article:publisher\" content=\"https:\/\/www.facebook.com\/wordpress-1036313-3647719.cloudwaysapps.com\/\" \/>\n<meta property=\"article:modified_time\" content=\"2025-03-11T15:21:44+00:00\" \/>\n<meta name=\"twitter:card\" content=\"summary_large_image\" \/>\n<meta name=\"twitter:label1\" content=\"Dur\u00e9e de lecture estim\u00e9e\" \/>\n\t<meta name=\"twitter:data1\" content=\"2 minutes\" \/>\n<script type=\"application\/ld+json\" class=\"yoast-schema-graph\">{\"@context\":\"https:\/\/schema.org\",\"@graph\":[{\"@type\":\"WebPage\",\"@id\":\"https:\/\/cda-dev.skysigma.pt\/fr\/politique-en-matiere-de-cookies\/\",\"url\":\"https:\/\/cda-dev.skysigma.pt\/fr\/politique-en-matiere-de-cookies\/\",\"name\":\"Politique en mati\u00e8re de cookies | Casa dos Acess\u00f3rios\",\"isPartOf\":{\"@id\":\"https:\/\/cda-dev.skysigma.pt\/#website\"},\"datePublished\":\"2023-07-03T10:35:54+00:00\",\"dateModified\":\"2025-03-11T15:21:44+00:00\",\"breadcrumb\":{\"@id\":\"https:\/\/cda-dev.skysigma.pt\/fr\/politique-en-matiere-de-cookies\/#breadcrumb\"},\"inLanguage\":\"fr-FR\",\"potentialAction\":[{\"@type\":\"ReadAction\",\"target\":[\"https:\/\/cda-dev.skysigma.pt\/fr\/politique-en-matiere-de-cookies\/\"]}]},{\"@type\":\"BreadcrumbList\",\"@id\":\"https:\/\/cda-dev.skysigma.pt\/fr\/politique-en-matiere-de-cookies\/#breadcrumb\",\"itemListElement\":[{\"@type\":\"ListItem\",\"position\":1,\"name\":\"In\u00edcio\",\"item\":\"https:\/\/cda-dev.skysigma.pt\/fr\/accueil\/\"},{\"@type\":\"ListItem\",\"position\":2,\"name\":\"Politique en mati\u00e8re de cookies\"}]},{\"@type\":\"WebSite\",\"@id\":\"https:\/\/cda-dev.skysigma.pt\/#website\",\"url\":\"https:\/\/cda-dev.skysigma.pt\/\",\"name\":\"Casa dos Acess\u00f3rios\",\"description\":\"Acess\u00f3rios e componentes eletr\u00f3nicos\",\"publisher\":{\"@id\":\"https:\/\/cda-dev.skysigma.pt\/#organization\"},\"potentialAction\":[{\"@type\":\"SearchAction\",\"target\":{\"@type\":\"EntryPoint\",\"urlTemplate\":\"https:\/\/cda-dev.skysigma.pt\/?s={search_term_string}\"},\"query-input\":\"required name=search_term_string\"}],\"inLanguage\":\"fr-FR\"},{\"@type\":\"Organization\",\"@id\":\"https:\/\/cda-dev.skysigma.pt\/#organization\",\"name\":\"Casa dos Acess\u00f3rios\",\"url\":\"https:\/\/cda-dev.skysigma.pt\/\",\"logo\":{\"@type\":\"ImageObject\",\"inLanguage\":\"fr-FR\",\"@id\":\"https:\/\/cda-dev.skysigma.pt\/#\/schema\/logo\/image\/\",\"url\":\"https:\/\/wordpress-1036313-3647719.cloudwaysapps.com\/wp-content\/uploads\/2019\/05\/CDA_logo.png\",\"contentUrl\":\"https:\/\/wordpress-1036313-3647719.cloudwaysapps.com\/wp-content\/uploads\/2019\/05\/CDA_logo.png\",\"width\":875,\"height\":131,\"caption\":\"Casa dos Acess\u00f3rios\"},\"image\":{\"@id\":\"https:\/\/cda-dev.skysigma.pt\/#\/schema\/logo\/image\/\"},\"sameAs\":[\"https:\/\/www.facebook.com\/wordpress-1036313-3647719.cloudwaysapps.com\/\"]}]}<\/script>\n<!-- \/ Yoast SEO plugin. -->","yoast_head_json":{"title":"Politique en mati\u00e8re de cookies | Casa dos Acess\u00f3rios","robots":{"index":"index","follow":"follow","max-snippet":"max-snippet:-1","max-image-preview":"max-image-preview:large","max-video-preview":"max-video-preview:-1"},"canonical":"https:\/\/cda-dev.skysigma.pt\/fr\/politique-en-matiere-de-cookies\/","og_locale":"fr_FR","og_type":"article","og_title":"Politique en mati\u00e8re de cookies | Casa dos Acess\u00f3rios","og_description":"Politique en mati\u00e8re de cookies Quels types de cookies Casa dos Acess\u00f3rios utilise-t-elle ? Cookies de session : il s&#8217;agit de cookies temporaires qui restent dans le fichier de cookies","og_url":"https:\/\/cda-dev.skysigma.pt\/fr\/politique-en-matiere-de-cookies\/","og_site_name":"Casa dos Acess\u00f3rios","article_publisher":"https:\/\/www.facebook.com\/wordpress-1036313-3647719.cloudwaysapps.com\/","article_modified_time":"2025-03-11T15:21:44+00:00","twitter_card":"summary_large_image","twitter_misc":{"Dur\u00e9e de lecture estim\u00e9e":"2 minutes"},"schema":{"@context":"https:\/\/schema.org","@graph":[{"@type":"WebPage","@id":"https:\/\/cda-dev.skysigma.pt\/fr\/politique-en-matiere-de-cookies\/","url":"https:\/\/cda-dev.skysigma.pt\/fr\/politique-en-matiere-de-cookies\/","name":"Politique en mati\u00e8re de cookies | Casa dos Acess\u00f3rios","isPartOf":{"@id":"https:\/\/cda-dev.skysigma.pt\/#website"},"datePublished":"2023-07-03T10:35:54+00:00","dateModified":"2025-03-11T15:21:44+00:00","breadcrumb":{"@id":"https:\/\/cda-dev.skysigma.pt\/fr\/politique-en-matiere-de-cookies\/#breadcrumb"},"inLanguage":"fr-FR","potentialAction":[{"@type":"ReadAction","target":["https:\/\/cda-dev.skysigma.pt\/fr\/politique-en-matiere-de-cookies\/"]}]},{"@type":"BreadcrumbList","@id":"https:\/\/cda-dev.skysigma.pt\/fr\/politique-en-matiere-de-cookies\/#breadcrumb","itemListElement":[{"@type":"ListItem","position":1,"name":"In\u00edcio","item":"https:\/\/cda-dev.skysigma.pt\/fr\/accueil\/"},{"@type":"ListItem","position":2,"name":"Politique en mati\u00e8re de cookies"}]},{"@type":"WebSite","@id":"https:\/\/cda-dev.skysigma.pt\/#website","url":"https:\/\/cda-dev.skysigma.pt\/","name":"Casa dos Acess\u00f3rios","description":"Acess\u00f3rios e componentes eletr\u00f3nicos","publisher":{"@id":"https:\/\/cda-dev.skysigma.pt\/#organization"},"potentialAction":[{"@type":"SearchAction","target":{"@type":"EntryPoint","urlTemplate":"https:\/\/cda-dev.skysigma.pt\/?s={search_term_string}"},"query-input":"required name=search_term_string"}],"inLanguage":"fr-FR"},{"@type":"Organization","@id":"https:\/\/cda-dev.skysigma.pt\/#organization","name":"Casa dos Acess\u00f3rios","url":"https:\/\/cda-dev.skysigma.pt\/","logo":{"@type":"ImageObject","inLanguage":"fr-FR","@id":"https:\/\/cda-dev.skysigma.pt\/#\/schema\/logo\/image\/","url":"https:\/\/wordpress-1036313-3647719.cloudwaysapps.com\/wp-content\/uploads\/2019\/05\/CDA_logo.png","contentUrl":"https:\/\/wordpress-1036313-3647719.cloudwaysapps.com\/wp-content\/uploads\/2019\/05\/CDA_logo.png","width":875,"height":131,"caption":"Casa dos Acess\u00f3rios"},"image":{"@id":"https:\/\/cda-dev.skysigma.pt\/#\/schema\/logo\/image\/"},"sameAs":["https:\/\/www.facebook.com\/wordpress-1036313-3647719.cloudwaysapps.com\/"]}]}},"_links":{"self":[{"href":"https:\/\/cda-dev.skysigma.pt\/fr\/wp-json\/wp\/v2\/pages\/447804"}],"collection":[{"href":"https:\/\/cda-dev.skysigma.pt\/fr\/wp-json\/wp\/v2\/pages"}],"about":[{"href":"https:\/\/cda-dev.skysigma.pt\/fr\/wp-json\/wp\/v2\/types\/page"}],"author":[{"embeddable":true,"href":"https:\/\/cda-dev.skysigma.pt\/fr\/wp-json\/wp\/v2\/users\/1"}],"replies":[{"embeddable":true,"href":"https:\/\/cda-dev.skysigma.pt\/fr\/wp-json\/wp\/v2\/comments?post=447804"}],"version-history":[{"count":1,"href":"https:\/\/cda-dev.skysigma.pt\/fr\/wp-json\/wp\/v2\/pages\/447804\/revisions"}],"predecessor-version":[{"id":447805,"href":"https:\/\/cda-dev.skysigma.pt\/fr\/wp-json\/wp\/v2\/pages\/447804\/revisions\/447805"}],"wp:attachment":[{"href":"https:\/\/cda-dev.skysigma.pt\/fr\/wp-json\/wp\/v2\/media?parent=447804"}],"curies":[{"name":"wp","href":"https:\/\/api.w.org\/{rel}","templated":true}]}}