{"id":447672,"date":"2023-07-07T12:12:31","date_gmt":"2023-07-07T11:12:31","guid":{"rendered":"https:\/\/cda-dev.skysigma.pt\/comparez\/"},"modified":"2025-03-07T15:55:33","modified_gmt":"2025-03-07T14:55:33","slug":"comparez","status":"publish","type":"page","link":"https:\/\/cda-dev.skysigma.pt\/fr\/comparez\/","title":{"rendered":"Comparez"},"content":{"rendered":"\t\t<div data-elementor-type=\"wp-page\" data-elementor-id=\"447672\" class=\"elementor elementor-447672 elementor-142156\">\n\t\t\t\t\t\t<section class=\"elementor-section elementor-top-section elementor-element elementor-element-79e5d65f elementor-section-full_width elementor-section-height-default elementor-section-height-default\" data-id=\"79e5d65f\" data-element_type=\"section\">\n\t\t\t\t\t\t<div class=\"elementor-container elementor-column-gap-default\">\n\t\t\t\t\t<div class=\"elementor-column elementor-col-100 elementor-top-column elementor-element elementor-element-334fcfd2\" data-id=\"334fcfd2\" data-element_type=\"column\">\n\t\t\t<div class=\"elementor-widget-wrap elementor-element-populated\">\n\t\t\t\t\t\t<div class=\"elementor-element elementor-element-5afe5c9d elementor-widget elementor-widget-text-editor\" data-id=\"5afe5c9d\" data-element_type=\"widget\" data-widget_type=\"text-editor.default\">\n\t\t\t\t<div class=\"elementor-widget-container\">\n\t\t\t\t\t\t\t\t\t<h2 class=\"contact-page-title\">Comparer les produits<\/h2>\t\t\t\t\t\t\t\t<\/div>\n\t\t\t\t<\/div>\n\t\t\t\t<div class=\"elementor-element elementor-element-5b680d19 elementor-widget__width-auto elementor-widget-divider--view-line elementor-widget elementor-widget-divider\" data-id=\"5b680d19\" data-element_type=\"widget\" data-widget_type=\"divider.default\">\n\t\t\t\t<div class=\"elementor-widget-container\">\n\t\t\t\t\t\t\t<div class=\"elementor-divider\">\n\t\t\t<span class=\"elementor-divider-separator\">\n\t\t\t\t\t\t<\/span>\n\t\t<\/div>\n\t\t\t\t\t\t<\/div>\n\t\t\t\t<\/div>\n\t\t\t\t\t<\/div>\n\t\t<\/div>\n\t\t\t\t\t<\/div>\n\t\t<\/section>\n\t\t\t\t<section class=\"elementor-section elementor-top-section elementor-element elementor-element-11d4e37 elementor-section-full_width compare_cont elementor-section-height-default elementor-section-height-default\" data-id=\"11d4e37\" data-element_type=\"section\">\n\t\t\t\t\t\t<div class=\"elementor-container elementor-column-gap-default\">\n\t\t\t\t\t<div class=\"elementor-column elementor-col-100 elementor-top-column elementor-element elementor-element-7ec439c\" data-id=\"7ec439c\" data-element_type=\"column\">\n\t\t\t<div class=\"elementor-widget-wrap elementor-element-populated\">\n\t\t\t\t\t\t<div class=\"elementor-element elementor-element-66b20b5 elementor-widget elementor-widget-shortcode\" data-id=\"66b20b5\" data-element_type=\"widget\" data-widget_type=\"shortcode.default\">\n\t\t\t\t<div class=\"elementor-widget-container\">\n\t\t\t\t\t\t\t<div class=\"elementor-shortcode\">\n\n    <div class=\"outer-bottom-vs outer-top-sm compare-empty\">\n        <h1 class=\"lead-title text-center cart-empty\">\n            Aucun produit n&#039;a \u00e9t\u00e9 ajout\u00e9 au tableau de comparaison        <\/h1>\n\n        <p class=\"return-to-shop\">\n            <a class=\"wc-backward btn\" href=\"https:\/\/cda-dev.skysigma.pt\/fr\/boutique\/\">\n                <i class=\"fas fa-reply\"><\/i>\n                Retourner \u00e0 la boutique            <\/a>\n        <\/p>\n    <\/div>\n\n<\/div>\n\t\t\t\t\t\t<\/div>\n\t\t\t\t<\/div>\n\t\t\t\t\t<\/div>\n\t\t<\/div>\n\t\t\t\t\t<\/div>\n\t\t<\/section>\n\t\t\t\t<\/div>\n\t\t","protected":false},"excerpt":{"rendered":"<p>Comparer les produits<\/p>\n","protected":false},"author":1,"featured_media":0,"parent":0,"menu_order":0,"comment_status":"closed","ping_status":"closed","template":"","meta":{"_acf_changed":false,"footnotes":""},"acf":[],"yoast_head":"<!-- This site is optimized with the Yoast SEO plugin v21.1 - https:\/\/yoast.com\/wordpress\/plugins\/seo\/ -->\n<title>Comparez | Casa dos Acess\u00f3rios<\/title>\n<meta name=\"robots\" content=\"index, follow, max-snippet:-1, max-image-preview:large, max-video-preview:-1\" \/>\n<link rel=\"canonical\" href=\"https:\/\/cda-dev.skysigma.pt\/fr\/comparez\/\" \/>\n<meta property=\"og:locale\" content=\"fr_FR\" \/>\n<meta property=\"og:type\" content=\"article\" \/>\n<meta property=\"og:title\" content=\"Comparez | Casa dos Acess\u00f3rios\" \/>\n<meta property=\"og:description\" content=\"Comparer les produits\" \/>\n<meta property=\"og:url\" content=\"https:\/\/cda-dev.skysigma.pt\/fr\/comparez\/\" \/>\n<meta property=\"og:site_name\" content=\"Casa dos Acess\u00f3rios\" \/>\n<meta property=\"article:publisher\" content=\"https:\/\/www.facebook.com\/wordpress-1036313-3647719.cloudwaysapps.com\/\" \/>\n<meta property=\"article:modified_time\" content=\"2025-03-07T14:55:33+00:00\" \/>\n<meta name=\"twitter:card\" content=\"summary_large_image\" \/>\n<script type=\"application\/ld+json\" class=\"yoast-schema-graph\">{\"@context\":\"https:\/\/schema.org\",\"@graph\":[{\"@type\":\"WebPage\",\"@id\":\"https:\/\/cda-dev.skysigma.pt\/fr\/comparez\/\",\"url\":\"https:\/\/cda-dev.skysigma.pt\/fr\/comparez\/\",\"name\":\"Comparez | Casa dos Acess\u00f3rios\",\"isPartOf\":{\"@id\":\"https:\/\/cda-dev.skysigma.pt\/#website\"},\"datePublished\":\"2023-07-07T11:12:31+00:00\",\"dateModified\":\"2025-03-07T14:55:33+00:00\",\"breadcrumb\":{\"@id\":\"https:\/\/cda-dev.skysigma.pt\/fr\/comparez\/#breadcrumb\"},\"inLanguage\":\"fr-FR\",\"potentialAction\":[{\"@type\":\"ReadAction\",\"target\":[\"https:\/\/cda-dev.skysigma.pt\/fr\/comparez\/\"]}]},{\"@type\":\"BreadcrumbList\",\"@id\":\"https:\/\/cda-dev.skysigma.pt\/fr\/comparez\/#breadcrumb\",\"itemListElement\":[{\"@type\":\"ListItem\",\"position\":1,\"name\":\"In\u00edcio\",\"item\":\"https:\/\/cda-dev.skysigma.pt\/fr\/accueil\/\"},{\"@type\":\"ListItem\",\"position\":2,\"name\":\"Comparez\"}]},{\"@type\":\"WebSite\",\"@id\":\"https:\/\/cda-dev.skysigma.pt\/#website\",\"url\":\"https:\/\/cda-dev.skysigma.pt\/\",\"name\":\"Casa dos Acess\u00f3rios\",\"description\":\"Acess\u00f3rios e componentes eletr\u00f3nicos\",\"publisher\":{\"@id\":\"https:\/\/cda-dev.skysigma.pt\/#organization\"},\"potentialAction\":[{\"@type\":\"SearchAction\",\"target\":{\"@type\":\"EntryPoint\",\"urlTemplate\":\"https:\/\/cda-dev.skysigma.pt\/?s={search_term_string}\"},\"query-input\":\"required name=search_term_string\"}],\"inLanguage\":\"fr-FR\"},{\"@type\":\"Organization\",\"@id\":\"https:\/\/cda-dev.skysigma.pt\/#organization\",\"name\":\"Casa dos Acess\u00f3rios\",\"url\":\"https:\/\/cda-dev.skysigma.pt\/\",\"logo\":{\"@type\":\"ImageObject\",\"inLanguage\":\"fr-FR\",\"@id\":\"https:\/\/cda-dev.skysigma.pt\/#\/schema\/logo\/image\/\",\"url\":\"https:\/\/wordpress-1036313-3647719.cloudwaysapps.com\/wp-content\/uploads\/2019\/05\/CDA_logo.png\",\"contentUrl\":\"https:\/\/wordpress-1036313-3647719.cloudwaysapps.com\/wp-content\/uploads\/2019\/05\/CDA_logo.png\",\"width\":875,\"height\":131,\"caption\":\"Casa dos Acess\u00f3rios\"},\"image\":{\"@id\":\"https:\/\/cda-dev.skysigma.pt\/#\/schema\/logo\/image\/\"},\"sameAs\":[\"https:\/\/www.facebook.com\/wordpress-1036313-3647719.cloudwaysapps.com\/\"]}]}<\/script>\n<!-- \/ Yoast SEO plugin. -->","yoast_head_json":{"title":"Comparez | Casa dos Acess\u00f3rios","robots":{"index":"index","follow":"follow","max-snippet":"max-snippet:-1","max-image-preview":"max-image-preview:large","max-video-preview":"max-video-preview:-1"},"canonical":"https:\/\/cda-dev.skysigma.pt\/fr\/comparez\/","og_locale":"fr_FR","og_type":"article","og_title":"Comparez | Casa dos Acess\u00f3rios","og_description":"Comparer les produits","og_url":"https:\/\/cda-dev.skysigma.pt\/fr\/comparez\/","og_site_name":"Casa dos Acess\u00f3rios","article_publisher":"https:\/\/www.facebook.com\/wordpress-1036313-3647719.cloudwaysapps.com\/","article_modified_time":"2025-03-07T14:55:33+00:00","twitter_card":"summary_large_image","schema":{"@context":"https:\/\/schema.org","@graph":[{"@type":"WebPage","@id":"https:\/\/cda-dev.skysigma.pt\/fr\/comparez\/","url":"https:\/\/cda-dev.skysigma.pt\/fr\/comparez\/","name":"Comparez | Casa dos Acess\u00f3rios","isPartOf":{"@id":"https:\/\/cda-dev.skysigma.pt\/#website"},"datePublished":"2023-07-07T11:12:31+00:00","dateModified":"2025-03-07T14:55:33+00:00","breadcrumb":{"@id":"https:\/\/cda-dev.skysigma.pt\/fr\/comparez\/#breadcrumb"},"inLanguage":"fr-FR","potentialAction":[{"@type":"ReadAction","target":["https:\/\/cda-dev.skysigma.pt\/fr\/comparez\/"]}]},{"@type":"BreadcrumbList","@id":"https:\/\/cda-dev.skysigma.pt\/fr\/comparez\/#breadcrumb","itemListElement":[{"@type":"ListItem","position":1,"name":"In\u00edcio","item":"https:\/\/cda-dev.skysigma.pt\/fr\/accueil\/"},{"@type":"ListItem","position":2,"name":"Comparez"}]},{"@type":"WebSite","@id":"https:\/\/cda-dev.skysigma.pt\/#website","url":"https:\/\/cda-dev.skysigma.pt\/","name":"Casa dos Acess\u00f3rios","description":"Acess\u00f3rios e componentes eletr\u00f3nicos","publisher":{"@id":"https:\/\/cda-dev.skysigma.pt\/#organization"},"potentialAction":[{"@type":"SearchAction","target":{"@type":"EntryPoint","urlTemplate":"https:\/\/cda-dev.skysigma.pt\/?s={search_term_string}"},"query-input":"required name=search_term_string"}],"inLanguage":"fr-FR"},{"@type":"Organization","@id":"https:\/\/cda-dev.skysigma.pt\/#organization","name":"Casa dos Acess\u00f3rios","url":"https:\/\/cda-dev.skysigma.pt\/","logo":{"@type":"ImageObject","inLanguage":"fr-FR","@id":"https:\/\/cda-dev.skysigma.pt\/#\/schema\/logo\/image\/","url":"https:\/\/wordpress-1036313-3647719.cloudwaysapps.com\/wp-content\/uploads\/2019\/05\/CDA_logo.png","contentUrl":"https:\/\/wordpress-1036313-3647719.cloudwaysapps.com\/wp-content\/uploads\/2019\/05\/CDA_logo.png","width":875,"height":131,"caption":"Casa dos Acess\u00f3rios"},"image":{"@id":"https:\/\/cda-dev.skysigma.pt\/#\/schema\/logo\/image\/"},"sameAs":["https:\/\/www.facebook.com\/wordpress-1036313-3647719.cloudwaysapps.com\/"]}]}},"_links":{"self":[{"href":"https:\/\/cda-dev.skysigma.pt\/fr\/wp-json\/wp\/v2\/pages\/447672"}],"collection":[{"href":"https:\/\/cda-dev.skysigma.pt\/fr\/wp-json\/wp\/v2\/pages"}],"about":[{"href":"https:\/\/cda-dev.skysigma.pt\/fr\/wp-json\/wp\/v2\/types\/page"}],"author":[{"embeddable":true,"href":"https:\/\/cda-dev.skysigma.pt\/fr\/wp-json\/wp\/v2\/users\/1"}],"replies":[{"embeddable":true,"href":"https:\/\/cda-dev.skysigma.pt\/fr\/wp-json\/wp\/v2\/comments?post=447672"}],"version-history":[{"count":1,"href":"https:\/\/cda-dev.skysigma.pt\/fr\/wp-json\/wp\/v2\/pages\/447672\/revisions"}],"predecessor-version":[{"id":447673,"href":"https:\/\/cda-dev.skysigma.pt\/fr\/wp-json\/wp\/v2\/pages\/447672\/revisions\/447673"}],"wp:attachment":[{"href":"https:\/\/cda-dev.skysigma.pt\/fr\/wp-json\/wp\/v2\/media?parent=447672"}],"curies":[{"name":"wp","href":"https:\/\/api.w.org\/{rel}","templated":true}]}}