{"id":447851,"date":"2023-07-03T12:19:35","date_gmt":"2023-07-03T11:19:35","guid":{"rendered":"https:\/\/cda-dev.skysigma.pt\/terminos-y-condiciones\/"},"modified":"2025-03-11T18:23:10","modified_gmt":"2025-03-11T17:23:10","slug":"terminos-y-condiciones","status":"publish","type":"page","link":"https:\/\/cda-dev.skysigma.pt\/es\/terminos-y-condiciones\/","title":{"rendered":"T\u00e9rminos y Condiciones"},"content":{"rendered":"\t\t<div data-elementor-type=\"wp-page\" data-elementor-id=\"447851\" class=\"elementor elementor-447851 elementor-141821\">\n\t\t\t\t\t\t<section class=\"elementor-section elementor-top-section elementor-element elementor-element-48d21aa6 elementor-section-full_width elementor-section-height-default elementor-section-height-default\" data-id=\"48d21aa6\" data-element_type=\"section\">\n\t\t\t\t\t\t<div class=\"elementor-container elementor-column-gap-default\">\n\t\t\t\t\t<div class=\"elementor-column elementor-col-100 elementor-top-column elementor-element elementor-element-6565d4d3\" data-id=\"6565d4d3\" data-element_type=\"column\">\n\t\t\t<div class=\"elementor-widget-wrap elementor-element-populated\">\n\t\t\t\t\t\t<div class=\"elementor-element elementor-element-4c337e7a elementor-widget elementor-widget-text-editor\" data-id=\"4c337e7a\" data-element_type=\"widget\" data-widget_type=\"text-editor.default\">\n\t\t\t\t<div class=\"elementor-widget-container\">\n\t\t\t\t\t\t\t\t\t<h2 class=\"contact-page-title\">T\u00e9rminos y Condiciones<\/h2>\t\t\t\t\t\t\t\t<\/div>\n\t\t\t\t<\/div>\n\t\t\t\t<div class=\"elementor-element elementor-element-13d47f8f elementor-widget__width-auto elementor-widget-divider--view-line elementor-widget elementor-widget-divider\" data-id=\"13d47f8f\" data-element_type=\"widget\" data-widget_type=\"divider.default\">\n\t\t\t\t<div class=\"elementor-widget-container\">\n\t\t\t\t\t\t\t<div class=\"elementor-divider\">\n\t\t\t<span class=\"elementor-divider-separator\">\n\t\t\t\t\t\t<\/span>\n\t\t<\/div>\n\t\t\t\t\t\t<\/div>\n\t\t\t\t<\/div>\n\t\t\t\t\t<\/div>\n\t\t<\/div>\n\t\t\t\t\t<\/div>\n\t\t<\/section>\n\t\t\t\t<section class=\"elementor-section elementor-top-section elementor-element elementor-element-3bc3082 elementor-section-full_width elementor-section-height-default elementor-section-height-default\" data-id=\"3bc3082\" data-element_type=\"section\">\n\t\t\t\t\t\t<div class=\"elementor-container elementor-column-gap-default\">\n\t\t\t\t\t<div class=\"elementor-column elementor-col-100 elementor-top-column elementor-element elementor-element-aa69ec9\" data-id=\"aa69ec9\" data-element_type=\"column\">\n\t\t\t<div class=\"elementor-widget-wrap elementor-element-populated\">\n\t\t\t\t\t\t<div class=\"elementor-element elementor-element-19c6cac elementor-widget elementor-widget-text-editor\" data-id=\"19c6cac\" data-element_type=\"widget\" data-widget_type=\"text-editor.default\">\n\t\t\t\t<div class=\"elementor-widget-container\">\n\t\t\t\t\t\t\t\t\t<div class=\"et_pb_module et_pb_text et_pb_text_6 et_pb_text_align_left et_pb_bg_layout_light\"><div class=\"et_pb_text_inner\"><p>Las presentes condiciones generales de venta regulan todas las relaciones comerciales entre:<\/p><p>Casa Pinto &amp; Complementos Guedes, Lda, con n\u00famero de identificaci\u00f3n fiscal 501523600, y sus clientes online (en adelante, \u201cEl Cliente\u201d).<\/p><p>Previo a cualquier transacci\u00f3n, el Cliente confirma haber le\u00eddo y declara expresamente su aceptaci\u00f3n de las condiciones al pulsar el bot\u00f3n \u201cHe le\u00eddo y acepto los t\u00e9rminos y condiciones de la tienda\u201d.<\/p><p><strong>Condiciones de venta<\/strong><\/p><p>El Cliente confirma haber le\u00eddo, en el momento de realizar el pedido, las condiciones de venta expuestas en pantalla (nombre, precio, componentes, cantidad, color, caracter\u00edsticas del producto, etc.) y declara expresamente aceptarlas sin reservas. La realizaci\u00f3n del pedido y su confirmaci\u00f3n por parte del Cliente materializa su aceptaci\u00f3n plena y total de las condiciones de venta, aplicables exclusivamente al pedido en cuesti\u00f3n. <\/p><p><strong>Orden<\/strong><\/p><p>El Cliente confirma el pedido pulsando el bot\u00f3n \u201cConfirmar pedido\u201d. El pedido consiste en un resumen de todos los art\u00edculos que el Cliente confirma haciendo clic en el bot\u00f3n \u201cConfirmar Pedido\u201d en la pesta\u00f1a \u201cComprar\u201d. Los sistemas de registro autom\u00e1tico de Casa dos Acess\u00f3rios se consideran como prueba de la naturaleza, contenido y fecha del pedido.  <\/p><p><strong>Confirmaci\u00f3n de pedido<\/strong><\/p><p>Casa dos Acess\u00f3rios confirma la aceptaci\u00f3n del pedido al Cliente mediante correo electr\u00f3nico. La venta s\u00f3lo se concretar\u00e1 despu\u00e9s de que el pedido haya sido confirmado por Casa dos Acess\u00f3rios. Casa dos Acess\u00f3rios se reserva el derecho de no confirmar un pedido, por cualquier motivo, considerando en particular el suministro de productos, un problema relacionado con el pedido recibido (por ejemplo, errores en los datos proporcionados por el Cliente), un pedido anormal o una raz\u00f3n previsible relacionada con la entrega futura. Casa dos Acess\u00f3rios notificar\u00e1 al Cliente por todos los medios a su alcance. Casa dos Acess\u00f3rios s\u00f3lo procesa un pedido realizado por el Cliente despu\u00e9s de la confirmaci\u00f3n del respectivo pago o de acuerdo con condiciones previamente acordadas.    <\/p><p><strong>Condiciones de entrega y suministro de pedidos<\/strong><\/p><p>El lugar y la fecha de entrega del pedido los elige el Cliente al realizar el pedido. Casa dos Acess\u00f3rios se reserva el derecho de utilizar cualquier transportista de su conveniencia para entregar los productos en la direcci\u00f3n indicada por el Cliente. Las entregas se realizan \u00fanica y exclusivamente dentro del territorio de Portugal (continental e islas).  <\/p><p><strong>El tiempo de entrega<\/strong><\/p><p>Los pedidos de productos en stock confirmados antes de las 2:00 p. m. (CTT) o las 4:00 p. m. (Nacex) se env\u00edan el mismo d\u00eda h\u00e1bil. Los pedidos confirmados despu\u00e9s de las 2 p. m. (CTT) o las 4 p. m. (Nacex) se enviar\u00e1n el siguiente d\u00eda h\u00e1bil. Las entregas se realizan el siguiente d\u00eda laborable despu\u00e9s del env\u00edo, en el caso de Portugal continental. En los archipi\u00e9lagos las entregas var\u00edan de 8 a 10 d\u00edas laborables.   <\/p><p>Los tiempos de entrega de pedidos con productos fuera de stock son variables y deben analizarse caso por caso. Para mayor aclaraci\u00f3n e informaci\u00f3n antes de adquirir productos, p\u00f3ngase en contacto con Casa dos Acess\u00f3rios. <\/p><p><strong>Gastos de env\u00edo y otras condiciones de suministro<\/strong><\/p><p>Los gastos de env\u00edo var\u00edan seg\u00fan el peso, el tama\u00f1o y la direcci\u00f3n de entrega del Cliente. Al realizar el pedido, el Cliente se compromete a firmar el albar\u00e1n de entrega presentado por el transportista, en el que podr\u00e1 realizar cuantas observaciones considere imprescindibles. Al firmar el albar\u00e1n de entrega, el Cliente confirma que ha recibido el n\u00famero de vol\u00famenes indicado. Todas las ocurrencias tales como fuerza mayor, accidente, huelga, decisi\u00f3n administrativa o parada del transporte, que puedan retrasar, impedir o hacer exorbitante la ejecuci\u00f3n del suministro, constituyen una cl\u00e1usula de suspensi\u00f3n o terminaci\u00f3n de las obligaciones de la empresa Casa dos Acess\u00f3rios Pinto &amp; Guedes, Ltda, sin derecho a indemnizaci\u00f3n para el Cliente.   <\/p><p><strong>Expedici\u00f3n<\/strong><\/p><p>Las entregas ser\u00e1n realizadas por el transportista durante el horario comercial habitual. Por favor seleccione la direcci\u00f3n de env\u00edo para que alguien pueda recibir los productos. <\/p><p><strong>Da\u00f1os de transporte<\/strong><\/p><p><span data-ogsc=\"black\" data-ogsb=\"white\">Casa dos Acess\u00f3rios garantiza que todos los art\u00edculos est\u00e9n embalados con el m\u00e1ximo cuidado, con el fin de proteger los productos adquiridos durante el transporte a su destino. <\/span><span data-ogsc=\"black\" data-ogsb=\"white\">Al momento de la entrega, debe confirmar que el embalaje no est\u00e9 da\u00f1ado y que est\u00e9 correctamente sellado. <\/span><span data-ogsc=\"black\">En caso de cualquier no conformidad, deber\u00e1 mencionarlo en el albar\u00e1n del transportista, como por ejemplo \u201cCaja da\u00f1ada\u201d, \u201cCaja con signos de ca\u00edda\u201d, \u201cCaja sin cinta\u201d para poder reclamar el servicio inmediatamente y activar el seguro de transporte.<\/span><\/p><p data-ogsb=\"white\"><span data-ogsc=\"black\" data-ogsb=\"white\">Sin embargo, despu\u00e9s de aceptar el pedido y durante la apertura del mismo, si detecta cualquier da\u00f1o resultante del transporte, deber\u00e1 contactar inmediatamente con Casa dos Acess\u00f3rios (el d\u00eda de la entrega &#8211; hasta 24h), con detalles de los da\u00f1os y fotograf\u00edas de prueba, tanto de los art\u00edculos como del embalaje externo. <\/span><span data-ogsc=\"black\" data-ogsb=\"white\">Casa dos Acess\u00f3rios abrir\u00e1 un proceso de investigaci\u00f3n con la empresa de transporte, cuyo resultado ser\u00e1 comunicado al Cliente en el plazo m\u00e1ximo de 14 d\u00edas h\u00e1biles.<\/span><\/p><p><strong>Precio<\/strong><\/p><p>Todos los precios mostrados est\u00e1n en euros. El precio facturado al Cliente es el precio indicado en la confirmaci\u00f3n del pedido enviada por Casa dos Acess\u00f3rios. <\/p><p><strong>Ficha de producto<\/strong><\/p><p>Las fotograf\u00edas que ilustran los productos son meramente indicativas. Los textos que los acompa\u00f1an son una reproducci\u00f3n de la informaci\u00f3n que aparece en el envase o en las instrucciones de uso. Las diferencias entre las fotograf\u00edas y los productos deben ser m\u00ednimas y no implican ning\u00fan cambio en las especificaciones principales de los productos. El color de los productos mostrados en la tienda online puede diferir del color real del producto.   <\/p><p><strong>Condiciones de pago<\/strong><\/p><p>El(los) producto(s) solicitados se incluir\u00e1n en el pedido que deber\u00e1 recibir el cliente. La liquidaci\u00f3n de los productos y servicios se realizar\u00e1 al final del proceso de pedido, mediante uno de los siguientes medios: Referencia Multibanco, MB Way o transferencia bancaria. En el \u00faltimo caso, el comprobante de pago deber\u00e1 enviarse a <a href=\"mailto:comercial@casadosacess%C3%B3rios.pt\">comercial@casadosacess\u00f3rios.pt<\/a>.  <\/p><p><strong>Nuevo Reglamento General de Protecci\u00f3n de Datos Personales<\/strong><\/p><p>De acuerdo con el nuevo Reglamento General de Protecci\u00f3n de Datos (RGPD), que entr\u00f3 en vigor el 25 de mayo de 2018, Casa dos Acess\u00f3rios decidi\u00f3 revisar su base de datos y aclarar para qu\u00e9 fines se utilizan los datos. Los registros incluyen datos que se obtuvieron a lo largo de la relaci\u00f3n comercial que el Cliente estableci\u00f3 con CASA DOS ACESS\u00d3RIOS PINTO &amp; GUEDES, LDA, as\u00ed como seguir las diversas interacciones realizadas entre ambas partes. Casa dos Acess\u00f3rios utiliza los datos \u00fanicamente para fines contables, campa\u00f1as comerciales y\/o campa\u00f1as de marketing dirigidas.  <\/p><p>LA CASA DE ACCESORIOS PINTO &amp; GUEDES, Lda. conservar\u00e1 los datos del Cliente durante el plazo necesario para la prestaci\u00f3n de los servicios y\/o venta de bienes, la respectiva facturaci\u00f3n y el cumplimiento de las obligaciones legales. En cualquier momento, el Cliente tiene derecho a modificar sus datos, oponerse al respectivo tratamiento, retirar su consentimiento y ejercer otros derechos previstos en la ley, excepto cuando los datos sean imprescindibles para la prestaci\u00f3n de las relaciones comerciales con CASA DOS ACESS\u00d3RIOS PINTO &amp; GUEDES, Lda, por lo que sean obligatorios, o para el cumplimiento de obligaciones legales a las que CASA DOS ACESS\u00d3RIOS PINTO &amp; GUEDES, Lda. es sujeto. Si el Cliente retira su consentimiento, ello no compromete la licitud del tratamiento efectuado hasta esa fecha.    <\/p><p>Al aceptar este reglamento, el Cliente declara haber le\u00eddo y autoriza la cesi\u00f3n de sus datos \u00fanicamente para fines contables y comerciales de CASA DOS ACESS\u00d3RIOS PINTO &amp; GUEDES, Lda.<\/p><p><strong>Informaci\u00f3n esencial<\/strong><\/p><p>Al realizar un pedido en l\u00ednea en nuestro sitio web www.casadosacessorios.pt, usted est\u00e1 consintiendo la recopilaci\u00f3n y el procesamiento por parte de la empresa Casa dos Acess\u00f3rios de sus datos personales, que nos ha comunicado y que se recogen a trav\u00e9s del normal funcionamiento del sitio web. Estos datos (nombres, direcci\u00f3n de correo electr\u00f3nico, direcci\u00f3n postal, etc.) son necesarios para que podamos procesar sus pedidos. <\/p><p><strong>Derecho a devoluci\u00f3n de productos<\/strong><\/p><p>Al aceptar este contrato, el Cliente declara conocer que Casa dos Acess\u00f3rios se reserva el derecho de no aceptar devoluciones de material electr\u00f3nico\/el\u00e9ctrico, por lo que recomendamos al Cliente que confirme de forma inequ\u00edvoca el pedido que pretende confirmar.<\/p><p>En caso de devolver cualquier producto que no sea el\u00e9ctrico o electr\u00f3nico adquirido en nuestra tienda online o en nuestro establecimiento, podr\u00e1s realizarlo en un plazo m\u00e1ximo de 15 d\u00edas desde su recepci\u00f3n o recogida.<\/p><p>Es responsabilidad del cliente asegurarse que el producto llegue a nuestras instalaciones en buenas condiciones, sin haber sido aplicado ni utilizado, dentro del embalaje original con todos los accesorios incluidos, acompa\u00f1ado de la factura original.<\/p><p>Los gastos de devoluci\u00f3n y transporte corren a cargo del cliente.<\/p><p>En caso de devoluci\u00f3n monetaria, Casa dos Acess\u00f3rios se reserva el derecho de reembolsar el importe recibido, excluyendo los costos bancarios asociados a la transacci\u00f3n y, en su caso, los costos relacionados con el transporte de la mercanc\u00eda.<\/p><p>La garant\u00eda del producto cesa autom\u00e1ticamente tras cualquier intervenci\u00f3n de personal o servicios no autorizados por los Servicios T\u00e9cnicos de la Marca.<\/p><\/div><\/div><div class=\"et_pb_module et_pb_text et_pb_text_7 et_pb_text_align_left et_pb_bg_layout_light\"><div class=\"et_pb_text_inner\"><p><strong>Informaci\u00f3n de contenido<\/strong><\/p><p>Queda expresamente prohibida la reproducci\u00f3n, cesi\u00f3n, distribuci\u00f3n o almacenamiento de los contenidos del sitio web sin autorizaci\u00f3n previa (salvo autorizaci\u00f3n de CASA DOS ACESS\u00d3RIOS PINTO &amp; GUEDES LDA), ya sea para fines personales o profesionales.<br>LA CASA DE PINTO Y ACCESORIOS GUEDES LDA se reserva el derecho de modificar en cualquier momento la informaci\u00f3n y oferta comercial presentada respecto a: productos, precios, promociones, condiciones comerciales y\/o servicios.<br>Queda expresamente prohibida la introducci\u00f3n de enlaces en el sitio web, cualquiera que sea su finalidad. La utilizaci\u00f3n del dominio con fines abusivos y sin autorizaci\u00f3n previa est\u00e1 sujeta a recursos legales. <\/p><p><strong>Contactos<\/strong><\/p><p>Casa dos Acess\u00f3rios Pinto &amp; Guedes, Lda<\/p><p>Rua de S. Br\u00e1s, 233<\/p><p>4000-495 Porto<\/p><p>Tel.: 225023631\/225023632<br>Llamada a red fija nacional.<\/p><p>E-mail: <a href=\"mailto:comercial@casadosacess%C3%B3rios.pt\">comercial@casadosacess\u00f3rios.pt<\/a><\/p><\/div><\/div>\t\t\t\t\t\t\t\t<\/div>\n\t\t\t\t<\/div>\n\t\t\t\t\t<\/div>\n\t\t<\/div>\n\t\t\t\t\t<\/div>\n\t\t<\/section>\n\t\t\t\t<\/div>\n\t\t","protected":false},"excerpt":{"rendered":"<p>T\u00e9rminos y Condiciones Las presentes condiciones generales de venta regulan todas las relaciones comerciales entre: Casa Pinto &amp; Complementos Guedes, Lda, con n\u00famero de identificaci\u00f3n fiscal 501523600, y sus clientes<\/p>\n","protected":false},"author":1,"featured_media":0,"parent":0,"menu_order":0,"comment_status":"closed","ping_status":"closed","template":"","meta":{"_acf_changed":false,"footnotes":""},"acf":[],"yoast_head":"<!-- This site is optimized with the Yoast SEO plugin v21.1 - https:\/\/yoast.com\/wordpress\/plugins\/seo\/ -->\n<title>T\u00e9rminos y Condiciones | Casa dos Acess\u00f3rios<\/title>\n<meta name=\"robots\" content=\"index, follow, max-snippet:-1, max-image-preview:large, max-video-preview:-1\" \/>\n<link rel=\"canonical\" href=\"https:\/\/cda-dev.skysigma.pt\/es\/terminos-y-condiciones\/\" \/>\n<meta property=\"og:locale\" content=\"es_ES\" \/>\n<meta property=\"og:type\" content=\"article\" \/>\n<meta property=\"og:title\" content=\"T\u00e9rminos y Condiciones | Casa dos Acess\u00f3rios\" \/>\n<meta property=\"og:description\" content=\"T\u00e9rminos y Condiciones Las presentes condiciones generales de venta regulan todas las relaciones comerciales entre: Casa Pinto &amp; Complementos Guedes, Lda, con n\u00famero de identificaci\u00f3n fiscal 501523600, y sus clientes\" \/>\n<meta property=\"og:url\" content=\"https:\/\/cda-dev.skysigma.pt\/es\/terminos-y-condiciones\/\" \/>\n<meta property=\"og:site_name\" content=\"Casa dos Acess\u00f3rios\" \/>\n<meta property=\"article:publisher\" content=\"https:\/\/www.facebook.com\/wordpress-1036313-3647719.cloudwaysapps.com\/\" \/>\n<meta property=\"article:modified_time\" content=\"2025-03-11T17:23:10+00:00\" \/>\n<meta name=\"twitter:card\" content=\"summary_large_image\" \/>\n<meta name=\"twitter:label1\" content=\"Tiempo de lectura\" \/>\n\t<meta name=\"twitter:data1\" content=\"9 minutos\" \/>\n<script type=\"application\/ld+json\" class=\"yoast-schema-graph\">{\"@context\":\"https:\/\/schema.org\",\"@graph\":[{\"@type\":\"WebPage\",\"@id\":\"https:\/\/cda-dev.skysigma.pt\/es\/terminos-y-condiciones\/\",\"url\":\"https:\/\/cda-dev.skysigma.pt\/es\/terminos-y-condiciones\/\",\"name\":\"T\u00e9rminos y Condiciones | Casa dos Acess\u00f3rios\",\"isPartOf\":{\"@id\":\"https:\/\/cda-dev.skysigma.pt\/#website\"},\"datePublished\":\"2023-07-03T11:19:35+00:00\",\"dateModified\":\"2025-03-11T17:23:10+00:00\",\"breadcrumb\":{\"@id\":\"https:\/\/cda-dev.skysigma.pt\/es\/terminos-y-condiciones\/#breadcrumb\"},\"inLanguage\":\"es\",\"potentialAction\":[{\"@type\":\"ReadAction\",\"target\":[\"https:\/\/cda-dev.skysigma.pt\/es\/terminos-y-condiciones\/\"]}]},{\"@type\":\"BreadcrumbList\",\"@id\":\"https:\/\/cda-dev.skysigma.pt\/es\/terminos-y-condiciones\/#breadcrumb\",\"itemListElement\":[{\"@type\":\"ListItem\",\"position\":1,\"name\":\"In\u00edcio\",\"item\":\"https:\/\/cda-dev.skysigma.pt\/\"},{\"@type\":\"ListItem\",\"position\":2,\"name\":\"T\u00e9rminos y Condiciones\"}]},{\"@type\":\"WebSite\",\"@id\":\"https:\/\/cda-dev.skysigma.pt\/#website\",\"url\":\"https:\/\/cda-dev.skysigma.pt\/\",\"name\":\"Casa dos Acess\u00f3rios\",\"description\":\"Acess\u00f3rios e componentes eletr\u00f3nicos\",\"publisher\":{\"@id\":\"https:\/\/cda-dev.skysigma.pt\/#organization\"},\"potentialAction\":[{\"@type\":\"SearchAction\",\"target\":{\"@type\":\"EntryPoint\",\"urlTemplate\":\"https:\/\/cda-dev.skysigma.pt\/?s={search_term_string}\"},\"query-input\":\"required name=search_term_string\"}],\"inLanguage\":\"es\"},{\"@type\":\"Organization\",\"@id\":\"https:\/\/cda-dev.skysigma.pt\/#organization\",\"name\":\"Casa dos Acess\u00f3rios\",\"url\":\"https:\/\/cda-dev.skysigma.pt\/\",\"logo\":{\"@type\":\"ImageObject\",\"inLanguage\":\"es\",\"@id\":\"https:\/\/cda-dev.skysigma.pt\/#\/schema\/logo\/image\/\",\"url\":\"https:\/\/wordpress-1036313-3647719.cloudwaysapps.com\/wp-content\/uploads\/2019\/05\/CDA_logo.png\",\"contentUrl\":\"https:\/\/wordpress-1036313-3647719.cloudwaysapps.com\/wp-content\/uploads\/2019\/05\/CDA_logo.png\",\"width\":875,\"height\":131,\"caption\":\"Casa dos Acess\u00f3rios\"},\"image\":{\"@id\":\"https:\/\/cda-dev.skysigma.pt\/#\/schema\/logo\/image\/\"},\"sameAs\":[\"https:\/\/www.facebook.com\/wordpress-1036313-3647719.cloudwaysapps.com\/\"]}]}<\/script>\n<!-- \/ Yoast SEO plugin. -->","yoast_head_json":{"title":"T\u00e9rminos y Condiciones | Casa dos Acess\u00f3rios","robots":{"index":"index","follow":"follow","max-snippet":"max-snippet:-1","max-image-preview":"max-image-preview:large","max-video-preview":"max-video-preview:-1"},"canonical":"https:\/\/cda-dev.skysigma.pt\/es\/terminos-y-condiciones\/","og_locale":"es_ES","og_type":"article","og_title":"T\u00e9rminos y Condiciones | Casa dos Acess\u00f3rios","og_description":"T\u00e9rminos y Condiciones Las presentes condiciones generales de venta regulan todas las relaciones comerciales entre: Casa Pinto &amp; Complementos Guedes, Lda, con n\u00famero de identificaci\u00f3n fiscal 501523600, y sus clientes","og_url":"https:\/\/cda-dev.skysigma.pt\/es\/terminos-y-condiciones\/","og_site_name":"Casa dos Acess\u00f3rios","article_publisher":"https:\/\/www.facebook.com\/wordpress-1036313-3647719.cloudwaysapps.com\/","article_modified_time":"2025-03-11T17:23:10+00:00","twitter_card":"summary_large_image","twitter_misc":{"Tiempo de lectura":"9 minutos"},"schema":{"@context":"https:\/\/schema.org","@graph":[{"@type":"WebPage","@id":"https:\/\/cda-dev.skysigma.pt\/es\/terminos-y-condiciones\/","url":"https:\/\/cda-dev.skysigma.pt\/es\/terminos-y-condiciones\/","name":"T\u00e9rminos y Condiciones | Casa dos Acess\u00f3rios","isPartOf":{"@id":"https:\/\/cda-dev.skysigma.pt\/#website"},"datePublished":"2023-07-03T11:19:35+00:00","dateModified":"2025-03-11T17:23:10+00:00","breadcrumb":{"@id":"https:\/\/cda-dev.skysigma.pt\/es\/terminos-y-condiciones\/#breadcrumb"},"inLanguage":"es","potentialAction":[{"@type":"ReadAction","target":["https:\/\/cda-dev.skysigma.pt\/es\/terminos-y-condiciones\/"]}]},{"@type":"BreadcrumbList","@id":"https:\/\/cda-dev.skysigma.pt\/es\/terminos-y-condiciones\/#breadcrumb","itemListElement":[{"@type":"ListItem","position":1,"name":"In\u00edcio","item":"https:\/\/cda-dev.skysigma.pt\/"},{"@type":"ListItem","position":2,"name":"T\u00e9rminos y Condiciones"}]},{"@type":"WebSite","@id":"https:\/\/cda-dev.skysigma.pt\/#website","url":"https:\/\/cda-dev.skysigma.pt\/","name":"Casa dos Acess\u00f3rios","description":"Acess\u00f3rios e componentes eletr\u00f3nicos","publisher":{"@id":"https:\/\/cda-dev.skysigma.pt\/#organization"},"potentialAction":[{"@type":"SearchAction","target":{"@type":"EntryPoint","urlTemplate":"https:\/\/cda-dev.skysigma.pt\/?s={search_term_string}"},"query-input":"required name=search_term_string"}],"inLanguage":"es"},{"@type":"Organization","@id":"https:\/\/cda-dev.skysigma.pt\/#organization","name":"Casa dos Acess\u00f3rios","url":"https:\/\/cda-dev.skysigma.pt\/","logo":{"@type":"ImageObject","inLanguage":"es","@id":"https:\/\/cda-dev.skysigma.pt\/#\/schema\/logo\/image\/","url":"https:\/\/wordpress-1036313-3647719.cloudwaysapps.com\/wp-content\/uploads\/2019\/05\/CDA_logo.png","contentUrl":"https:\/\/wordpress-1036313-3647719.cloudwaysapps.com\/wp-content\/uploads\/2019\/05\/CDA_logo.png","width":875,"height":131,"caption":"Casa dos Acess\u00f3rios"},"image":{"@id":"https:\/\/cda-dev.skysigma.pt\/#\/schema\/logo\/image\/"},"sameAs":["https:\/\/www.facebook.com\/wordpress-1036313-3647719.cloudwaysapps.com\/"]}]}},"_links":{"self":[{"href":"https:\/\/cda-dev.skysigma.pt\/es\/wp-json\/wp\/v2\/pages\/447851"}],"collection":[{"href":"https:\/\/cda-dev.skysigma.pt\/es\/wp-json\/wp\/v2\/pages"}],"about":[{"href":"https:\/\/cda-dev.skysigma.pt\/es\/wp-json\/wp\/v2\/types\/page"}],"author":[{"embeddable":true,"href":"https:\/\/cda-dev.skysigma.pt\/es\/wp-json\/wp\/v2\/users\/1"}],"replies":[{"embeddable":true,"href":"https:\/\/cda-dev.skysigma.pt\/es\/wp-json\/wp\/v2\/comments?post=447851"}],"version-history":[{"count":1,"href":"https:\/\/cda-dev.skysigma.pt\/es\/wp-json\/wp\/v2\/pages\/447851\/revisions"}],"predecessor-version":[{"id":447852,"href":"https:\/\/cda-dev.skysigma.pt\/es\/wp-json\/wp\/v2\/pages\/447851\/revisions\/447852"}],"wp:attachment":[{"href":"https:\/\/cda-dev.skysigma.pt\/es\/wp-json\/wp\/v2\/media?parent=447851"}],"curies":[{"name":"wp","href":"https:\/\/api.w.org\/{rel}","templated":true}]}}