{"id":447818,"date":"2023-07-03T11:41:09","date_gmt":"2023-07-03T10:41:09","guid":{"rendered":"https:\/\/cda-dev.skysigma.pt\/politica-de-privacidad\/"},"modified":"2025-03-11T16:53:40","modified_gmt":"2025-03-11T15:53:40","slug":"politica-de-privacidad","status":"publish","type":"page","link":"https:\/\/cda-dev.skysigma.pt\/es\/politica-de-privacidad\/","title":{"rendered":"Pol\u00edtica de Privacidad"},"content":{"rendered":"\t\t<div data-elementor-type=\"wp-page\" data-elementor-id=\"447818\" class=\"elementor elementor-447818 elementor-141804\">\n\t\t\t\t\t\t<section class=\"elementor-section elementor-top-section elementor-element elementor-element-bb60dab elementor-section-full_width elementor-section-height-default elementor-section-height-default\" data-id=\"bb60dab\" data-element_type=\"section\">\n\t\t\t\t\t\t<div class=\"elementor-container elementor-column-gap-default\">\n\t\t\t\t\t<div class=\"elementor-column elementor-col-100 elementor-top-column elementor-element elementor-element-1ace04a9\" data-id=\"1ace04a9\" data-element_type=\"column\">\n\t\t\t<div class=\"elementor-widget-wrap elementor-element-populated\">\n\t\t\t\t\t\t<div class=\"elementor-element elementor-element-10979d86 elementor-widget elementor-widget-text-editor\" data-id=\"10979d86\" data-element_type=\"widget\" data-widget_type=\"text-editor.default\">\n\t\t\t\t<div class=\"elementor-widget-container\">\n\t\t\t\t\t\t\t\t\t<h2 class=\"contact-page-title\">Pol\u00edtica de Privacidad<\/h2>\t\t\t\t\t\t\t\t<\/div>\n\t\t\t\t<\/div>\n\t\t\t\t<div class=\"elementor-element elementor-element-3e905b17 elementor-widget__width-auto elementor-widget-divider--view-line elementor-widget elementor-widget-divider\" data-id=\"3e905b17\" data-element_type=\"widget\" data-widget_type=\"divider.default\">\n\t\t\t\t<div class=\"elementor-widget-container\">\n\t\t\t\t\t\t\t<div class=\"elementor-divider\">\n\t\t\t<span class=\"elementor-divider-separator\">\n\t\t\t\t\t\t<\/span>\n\t\t<\/div>\n\t\t\t\t\t\t<\/div>\n\t\t\t\t<\/div>\n\t\t\t\t\t<\/div>\n\t\t<\/div>\n\t\t\t\t\t<\/div>\n\t\t<\/section>\n\t\t\t\t<section class=\"elementor-section elementor-top-section elementor-element elementor-element-b2a876c elementor-section-full_width elementor-section-height-default elementor-section-height-default\" data-id=\"b2a876c\" data-element_type=\"section\">\n\t\t\t\t\t\t<div class=\"elementor-container elementor-column-gap-default\">\n\t\t\t\t\t<div class=\"elementor-column elementor-col-100 elementor-top-column elementor-element elementor-element-2669ac5\" data-id=\"2669ac5\" data-element_type=\"column\">\n\t\t\t<div class=\"elementor-widget-wrap elementor-element-populated\">\n\t\t\t\t\t\t<div class=\"elementor-element elementor-element-15dc3e1 elementor-widget elementor-widget-text-editor\" data-id=\"15dc3e1\" data-element_type=\"widget\" data-widget_type=\"text-editor.default\">\n\t\t\t\t<div class=\"elementor-widget-container\">\n\t\t\t\t\t\t\t\t\t<p>Esta pol\u00edtica de privacidad se aplica a todos los datos personales recogidos a trav\u00e9s del sitio web <a href=\"https:\/\/casadosacessorios.pt\/\">www.casadosacessorios.pt<\/a>.<\/p><p><strong>Responsable del Tratamiento<br><\/strong>Casa Acess\u00f3rios Pinto &amp; Guedes Lda, con n\u00famero de identificaci\u00f3n fiscal 501523600, con domicilio social en Rua S\u00e3o Br\u00e1s 233, Porto<br>4000-495 Porto, Portugal, con la direcci\u00f3n de correo electr\u00f3nico <a href=\"mailto:comercial@casadosacessorios.pt\">comercial@casadosacessorios.pt<\/a>, es el Responsable del Tratamiento de sus datos personales.<\/p><p><strong>Recogida de datos<br><\/strong>Datos personales recogidos a trav\u00e9s de este sitio web para los usuarios con el fin de adquirir productos u obtener informaci\u00f3n a trav\u00e9s de la p\u00e1gina de contacto:<br>1. 1. Nombre y apellidos;<br>2. 2. Direcci\u00f3n de correo electr\u00f3nico;<br>3. 3. Tel\u00e9fono;<br>4. 4. Direcci\u00f3n;<\/p><p><strong>Fines del Tratamiento<br><\/strong>Los datos personales tratados a trav\u00e9s de este sitio web s\u00f3lo se utilizar\u00e1n para los siguientes fines:<\/p><p>1. Comunicarse con los clientes y responder a sus preguntas;<br>2. Tramitar las consultas;<br>3. Comunicaciones de marketing directo con el debido consentimiento;<br>4. Solicitud de servicios\/productos;<br>5. Cumplimiento de obligaciones legales;<br>6. 6. Mejora de la calidad del servicio prestado;<\/p><p><strong>Periodo de Conservaci\u00f3n<br><\/strong>Sus datos s\u00f3lo se conservar\u00e1n durante el tiempo necesario para los fines para los que fueron recogidos o, en su caso, hasta que ejerza su derecho de oposici\u00f3n o de supresi\u00f3n.<\/p><p><strong>Consentimiento<br><\/strong>Al dar su consentimiento a esta pol\u00edtica de privacidad, autoriza el tratamiento de sus datos personales espec\u00edficamente para los fines identificados y seleccionados. Si el consentimiento es legalmente necesario para el tratamiento de los datos personales, el interesado tiene derecho a retirar su consentimiento en cualquier momento, sin que este derecho comprometa la licitud del tratamiento efectuado sobre la base del consentimiento previamente otorgado, ni el tratamiento posterior de los mismos datos basado en otra base jur\u00eddica, como una obligaci\u00f3n legal a la que Casa Acess\u00f3rios Pinto &amp; Guedes Lda est\u00e9 sujeta. Para retirar su consentimiento, puede ponerse en contacto con nosotros por carta o correo electr\u00f3nico a <a href=\"mailto:comercial@casadosacessorios.pt\">comercial@casadosacessorios.pt<\/a>.  <\/p><p><strong>Derechos de los Usuarios<br><\/strong>Los usuarios podr\u00e1n ejercer en cualquier momento sus derechos de acceso, rectificaci\u00f3n, supresi\u00f3n, limitaci\u00f3n, oposici\u00f3n y portabilidad, solicit\u00e1ndolo por cualquiera de los siguientes medios:<\/p><p>Correio:<br>Rua S\u00e3o Br\u00e1s 233<br>4000-495 Porto, Portugal<\/p><p>E-mail: <a href=\"mailto:comercial@casadosacessorios.pt\">comercial@casadosacessorios.pt<\/a><\/p><p>El interesado tambi\u00e9n puede presentar reclamaciones sobre el tratamiento de datos ante la Comisi\u00f3n Nacional de Protecci\u00f3n de Datos.<\/p><p><strong>Transmisi\u00f3n de Datos<br><\/strong>El tratamiento de los datos de los usuarios podr\u00e1 ser realizado por un prestador de servicios id\u00f3neo contratado por Casa Acess\u00f3rios Pinto &amp; Guedes Lda.. Cuando esto ocurra, Casa Acess\u00f3rios Pinto &amp; Guedes Lda adoptar\u00e1 las medidas oportunas para que las entidades que tengan acceso a los datos ofrezcan las m\u00e1ximas garant\u00edas en materia de protecci\u00f3n de datos. Por lo tanto, cualquier subcontratista tratar\u00e1 los datos personales de los Usuarios en nombre y por cuenta de Casa Acess\u00f3rios Pinto &amp; Guedes Lda, en estricto cumplimiento de las normas legales sobre protecci\u00f3n de datos personales, seguridad de la informaci\u00f3n y dem\u00e1s normas aplicables. Tales como empresas prestadoras de servicios de transporte y la administraci\u00f3n tributaria.   <\/p><p><strong>Transferencias Internacionales de Datos<br><\/strong>La Casa Acess\u00f3rios Pinto &amp; Guedes Lda podr\u00e1, en el \u00e1mbito de las finalidades descritas, transferir sus datos de usuario fuera del territorio del Espacio Econ\u00f3mico Europeo (EEE). En estos casos, cumplir\u00e1 estrictamente las disposiciones legales aplicables, a saber, la determinaci\u00f3n de la idoneidad del pa\u00eds o pa\u00edses de destino en lo que respecta a la protecci\u00f3n de los datos personales y los requisitos aplicables a dichas transferencias. <\/p><p><strong>Car\u00e1cter obligatorio de los Datos Solicitados<br><\/strong>Los datos contenidos en el registro de cliente que se identifican con un asterisco (*) son obligatorios para cumplir con la finalidad establecida. Por tanto, si el usuario no facilita estos datos, Casa Acess\u00f3rios Pinto &amp; Guedes Lda no podr\u00e1 atender su solicitud. <\/p><p><strong>Decisiones Automatizadas<br><\/strong>Casa Acess\u00f3rios Pinto &amp; Guedes Lda podr\u00e1 elaborar perfiles de usuarios, que permitir\u00e1n la toma de decisiones automatizadas basadas en caracter\u00edsticas personales, preferencias, historial de comportamiento y localizaci\u00f3n. En estos casos, el usuario tendr\u00e1 derecho a obtener la intervenci\u00f3n humana en la decisi\u00f3n, a expresar su punto de vista y a impugnar la decisi\u00f3n adoptada. <\/p><p><strong>Medidas de protecci\u00f3n de Datos Personales<br><\/strong>La Casa Acess\u00f3rios Pinto &amp; Guedes Lda aplica diversas medidas t\u00e9cnicas y organizativas apropiadas para proteger los datos personales de los usuarios.<\/p><p><strong>Uso de &#8220;cookies&#8221;<br><\/strong>La pol\u00edtica de cookies est\u00e1 disponible en el sitio web.<\/p><p><strong>Cambios en la Pol\u00edtica de Privacidad<br><\/strong>Ocasionalmente, la Casa Acess\u00f3rios Pinto &amp; Guedes Lda podr\u00e1 actualizar esta Pol\u00edtica de Privacidad. Le pedimos que revise peri\u00f3dicamente este documento para mantenerse actualizado. <\/p>\t\t\t\t\t\t\t\t<\/div>\n\t\t\t\t<\/div>\n\t\t\t\t\t<\/div>\n\t\t<\/div>\n\t\t\t\t\t<\/div>\n\t\t<\/section>\n\t\t\t\t<section class=\"elementor-section elementor-top-section elementor-element elementor-element-a49de23 elementor-section-boxed elementor-section-height-default elementor-section-height-default\" data-id=\"a49de23\" data-element_type=\"section\">\n\t\t\t\t\t\t<div class=\"elementor-container elementor-column-gap-default\">\n\t\t\t\t\t<div class=\"elementor-column elementor-col-100 elementor-top-column elementor-element elementor-element-dfd4bcf\" data-id=\"dfd4bcf\" data-element_type=\"column\">\n\t\t\t<div class=\"elementor-widget-wrap\">\n\t\t\t\t\t\t\t<\/div>\n\t\t<\/div>\n\t\t\t\t\t<\/div>\n\t\t<\/section>\n\t\t\t\t<\/div>\n\t\t","protected":false},"excerpt":{"rendered":"<p>Pol\u00edtica de Privacidad Esta pol\u00edtica de privacidad se aplica a todos los datos personales recogidos a trav\u00e9s del sitio web www.casadosacessorios.pt. Responsable del TratamientoCasa Acess\u00f3rios Pinto &amp; Guedes Lda, con<\/p>\n","protected":false},"author":1,"featured_media":0,"parent":0,"menu_order":0,"comment_status":"closed","ping_status":"closed","template":"","meta":{"_acf_changed":false,"footnotes":""},"acf":[],"yoast_head":"<!-- This site is optimized with the Yoast SEO plugin v21.1 - https:\/\/yoast.com\/wordpress\/plugins\/seo\/ -->\n<title>Pol\u00edtica de Privacidad | Casa dos Acess\u00f3rios<\/title>\n<meta name=\"robots\" content=\"index, follow, max-snippet:-1, max-image-preview:large, max-video-preview:-1\" \/>\n<link rel=\"canonical\" href=\"https:\/\/cda-dev.skysigma.pt\/es\/politica-de-privacidad\/\" \/>\n<meta property=\"og:locale\" content=\"es_ES\" \/>\n<meta property=\"og:type\" content=\"article\" \/>\n<meta property=\"og:title\" content=\"Pol\u00edtica de Privacidad | Casa dos Acess\u00f3rios\" \/>\n<meta property=\"og:description\" content=\"Pol\u00edtica de Privacidad Esta pol\u00edtica de privacidad se aplica a todos los datos personales recogidos a trav\u00e9s del sitio web www.casadosacessorios.pt. Responsable del TratamientoCasa Acess\u00f3rios Pinto &amp; Guedes Lda, con\" \/>\n<meta property=\"og:url\" content=\"https:\/\/cda-dev.skysigma.pt\/es\/politica-de-privacidad\/\" \/>\n<meta property=\"og:site_name\" content=\"Casa dos Acess\u00f3rios\" \/>\n<meta property=\"article:publisher\" content=\"https:\/\/www.facebook.com\/wordpress-1036313-3647719.cloudwaysapps.com\/\" \/>\n<meta property=\"article:modified_time\" content=\"2025-03-11T15:53:40+00:00\" \/>\n<meta name=\"twitter:card\" content=\"summary_large_image\" \/>\n<meta name=\"twitter:label1\" content=\"Tiempo de lectura\" \/>\n\t<meta name=\"twitter:data1\" content=\"4 minutos\" \/>\n<script type=\"application\/ld+json\" class=\"yoast-schema-graph\">{\"@context\":\"https:\/\/schema.org\",\"@graph\":[{\"@type\":\"WebPage\",\"@id\":\"https:\/\/cda-dev.skysigma.pt\/es\/politica-de-privacidad\/\",\"url\":\"https:\/\/cda-dev.skysigma.pt\/es\/politica-de-privacidad\/\",\"name\":\"Pol\u00edtica de Privacidad | Casa dos Acess\u00f3rios\",\"isPartOf\":{\"@id\":\"https:\/\/cda-dev.skysigma.pt\/#website\"},\"datePublished\":\"2023-07-03T10:41:09+00:00\",\"dateModified\":\"2025-03-11T15:53:40+00:00\",\"breadcrumb\":{\"@id\":\"https:\/\/cda-dev.skysigma.pt\/es\/politica-de-privacidad\/#breadcrumb\"},\"inLanguage\":\"es\",\"potentialAction\":[{\"@type\":\"ReadAction\",\"target\":[\"https:\/\/cda-dev.skysigma.pt\/es\/politica-de-privacidad\/\"]}]},{\"@type\":\"BreadcrumbList\",\"@id\":\"https:\/\/cda-dev.skysigma.pt\/es\/politica-de-privacidad\/#breadcrumb\",\"itemListElement\":[{\"@type\":\"ListItem\",\"position\":1,\"name\":\"In\u00edcio\",\"item\":\"https:\/\/cda-dev.skysigma.pt\/\"},{\"@type\":\"ListItem\",\"position\":2,\"name\":\"Pol\u00edtica de Privacidad\"}]},{\"@type\":\"WebSite\",\"@id\":\"https:\/\/cda-dev.skysigma.pt\/#website\",\"url\":\"https:\/\/cda-dev.skysigma.pt\/\",\"name\":\"Casa dos Acess\u00f3rios\",\"description\":\"Acess\u00f3rios e componentes eletr\u00f3nicos\",\"publisher\":{\"@id\":\"https:\/\/cda-dev.skysigma.pt\/#organization\"},\"potentialAction\":[{\"@type\":\"SearchAction\",\"target\":{\"@type\":\"EntryPoint\",\"urlTemplate\":\"https:\/\/cda-dev.skysigma.pt\/?s={search_term_string}\"},\"query-input\":\"required name=search_term_string\"}],\"inLanguage\":\"es\"},{\"@type\":\"Organization\",\"@id\":\"https:\/\/cda-dev.skysigma.pt\/#organization\",\"name\":\"Casa dos Acess\u00f3rios\",\"url\":\"https:\/\/cda-dev.skysigma.pt\/\",\"logo\":{\"@type\":\"ImageObject\",\"inLanguage\":\"es\",\"@id\":\"https:\/\/cda-dev.skysigma.pt\/#\/schema\/logo\/image\/\",\"url\":\"https:\/\/wordpress-1036313-3647719.cloudwaysapps.com\/wp-content\/uploads\/2019\/05\/CDA_logo.png\",\"contentUrl\":\"https:\/\/wordpress-1036313-3647719.cloudwaysapps.com\/wp-content\/uploads\/2019\/05\/CDA_logo.png\",\"width\":875,\"height\":131,\"caption\":\"Casa dos Acess\u00f3rios\"},\"image\":{\"@id\":\"https:\/\/cda-dev.skysigma.pt\/#\/schema\/logo\/image\/\"},\"sameAs\":[\"https:\/\/www.facebook.com\/wordpress-1036313-3647719.cloudwaysapps.com\/\"]}]}<\/script>\n<!-- \/ Yoast SEO plugin. -->","yoast_head_json":{"title":"Pol\u00edtica de Privacidad | Casa dos Acess\u00f3rios","robots":{"index":"index","follow":"follow","max-snippet":"max-snippet:-1","max-image-preview":"max-image-preview:large","max-video-preview":"max-video-preview:-1"},"canonical":"https:\/\/cda-dev.skysigma.pt\/es\/politica-de-privacidad\/","og_locale":"es_ES","og_type":"article","og_title":"Pol\u00edtica de Privacidad | Casa dos Acess\u00f3rios","og_description":"Pol\u00edtica de Privacidad Esta pol\u00edtica de privacidad se aplica a todos los datos personales recogidos a trav\u00e9s del sitio web www.casadosacessorios.pt. Responsable del TratamientoCasa Acess\u00f3rios Pinto &amp; Guedes Lda, con","og_url":"https:\/\/cda-dev.skysigma.pt\/es\/politica-de-privacidad\/","og_site_name":"Casa dos Acess\u00f3rios","article_publisher":"https:\/\/www.facebook.com\/wordpress-1036313-3647719.cloudwaysapps.com\/","article_modified_time":"2025-03-11T15:53:40+00:00","twitter_card":"summary_large_image","twitter_misc":{"Tiempo de lectura":"4 minutos"},"schema":{"@context":"https:\/\/schema.org","@graph":[{"@type":"WebPage","@id":"https:\/\/cda-dev.skysigma.pt\/es\/politica-de-privacidad\/","url":"https:\/\/cda-dev.skysigma.pt\/es\/politica-de-privacidad\/","name":"Pol\u00edtica de Privacidad | Casa dos Acess\u00f3rios","isPartOf":{"@id":"https:\/\/cda-dev.skysigma.pt\/#website"},"datePublished":"2023-07-03T10:41:09+00:00","dateModified":"2025-03-11T15:53:40+00:00","breadcrumb":{"@id":"https:\/\/cda-dev.skysigma.pt\/es\/politica-de-privacidad\/#breadcrumb"},"inLanguage":"es","potentialAction":[{"@type":"ReadAction","target":["https:\/\/cda-dev.skysigma.pt\/es\/politica-de-privacidad\/"]}]},{"@type":"BreadcrumbList","@id":"https:\/\/cda-dev.skysigma.pt\/es\/politica-de-privacidad\/#breadcrumb","itemListElement":[{"@type":"ListItem","position":1,"name":"In\u00edcio","item":"https:\/\/cda-dev.skysigma.pt\/"},{"@type":"ListItem","position":2,"name":"Pol\u00edtica de Privacidad"}]},{"@type":"WebSite","@id":"https:\/\/cda-dev.skysigma.pt\/#website","url":"https:\/\/cda-dev.skysigma.pt\/","name":"Casa dos Acess\u00f3rios","description":"Acess\u00f3rios e componentes eletr\u00f3nicos","publisher":{"@id":"https:\/\/cda-dev.skysigma.pt\/#organization"},"potentialAction":[{"@type":"SearchAction","target":{"@type":"EntryPoint","urlTemplate":"https:\/\/cda-dev.skysigma.pt\/?s={search_term_string}"},"query-input":"required name=search_term_string"}],"inLanguage":"es"},{"@type":"Organization","@id":"https:\/\/cda-dev.skysigma.pt\/#organization","name":"Casa dos Acess\u00f3rios","url":"https:\/\/cda-dev.skysigma.pt\/","logo":{"@type":"ImageObject","inLanguage":"es","@id":"https:\/\/cda-dev.skysigma.pt\/#\/schema\/logo\/image\/","url":"https:\/\/wordpress-1036313-3647719.cloudwaysapps.com\/wp-content\/uploads\/2019\/05\/CDA_logo.png","contentUrl":"https:\/\/wordpress-1036313-3647719.cloudwaysapps.com\/wp-content\/uploads\/2019\/05\/CDA_logo.png","width":875,"height":131,"caption":"Casa dos Acess\u00f3rios"},"image":{"@id":"https:\/\/cda-dev.skysigma.pt\/#\/schema\/logo\/image\/"},"sameAs":["https:\/\/www.facebook.com\/wordpress-1036313-3647719.cloudwaysapps.com\/"]}]}},"_links":{"self":[{"href":"https:\/\/cda-dev.skysigma.pt\/es\/wp-json\/wp\/v2\/pages\/447818"}],"collection":[{"href":"https:\/\/cda-dev.skysigma.pt\/es\/wp-json\/wp\/v2\/pages"}],"about":[{"href":"https:\/\/cda-dev.skysigma.pt\/es\/wp-json\/wp\/v2\/types\/page"}],"author":[{"embeddable":true,"href":"https:\/\/cda-dev.skysigma.pt\/es\/wp-json\/wp\/v2\/users\/1"}],"replies":[{"embeddable":true,"href":"https:\/\/cda-dev.skysigma.pt\/es\/wp-json\/wp\/v2\/comments?post=447818"}],"version-history":[{"count":1,"href":"https:\/\/cda-dev.skysigma.pt\/es\/wp-json\/wp\/v2\/pages\/447818\/revisions"}],"predecessor-version":[{"id":447819,"href":"https:\/\/cda-dev.skysigma.pt\/es\/wp-json\/wp\/v2\/pages\/447818\/revisions\/447819"}],"wp:attachment":[{"href":"https:\/\/cda-dev.skysigma.pt\/es\/wp-json\/wp\/v2\/media?parent=447818"}],"curies":[{"name":"wp","href":"https:\/\/api.w.org\/{rel}","templated":true}]}}