{"id":447810,"date":"2023-07-03T11:55:25","date_gmt":"2023-07-03T10:55:25","guid":{"rendered":"https:\/\/cda-dev.skysigma.pt\/politica-de-devoluciones\/"},"modified":"2025-03-11T16:35:17","modified_gmt":"2025-03-11T15:35:17","slug":"politica-de-devoluciones","status":"publish","type":"page","link":"https:\/\/cda-dev.skysigma.pt\/es\/politica-de-devoluciones\/","title":{"rendered":"Pol\u00edtica de devoluciones"},"content":{"rendered":"\t\t<div data-elementor-type=\"wp-page\" data-elementor-id=\"447810\" class=\"elementor elementor-447810 elementor-141816\">\n\t\t\t\t\t\t<section class=\"elementor-section elementor-top-section elementor-element elementor-element-edbb6af elementor-section-full_width elementor-section-height-default elementor-section-height-default\" data-id=\"edbb6af\" data-element_type=\"section\">\n\t\t\t\t\t\t<div class=\"elementor-container elementor-column-gap-default\">\n\t\t\t\t\t<div class=\"elementor-column elementor-col-100 elementor-top-column elementor-element elementor-element-48a98635\" data-id=\"48a98635\" data-element_type=\"column\">\n\t\t\t<div class=\"elementor-widget-wrap elementor-element-populated\">\n\t\t\t\t\t\t<div class=\"elementor-element elementor-element-46acadd8 elementor-widget elementor-widget-text-editor\" data-id=\"46acadd8\" data-element_type=\"widget\" data-widget_type=\"text-editor.default\">\n\t\t\t\t<div class=\"elementor-widget-container\">\n\t\t\t\t\t\t\t\t\t<h2 class=\"contact-page-title\">Pol\u00edtica de devoluciones<\/h2>\t\t\t\t\t\t\t\t<\/div>\n\t\t\t\t<\/div>\n\t\t\t\t<div class=\"elementor-element elementor-element-685f772a elementor-widget__width-auto elementor-widget-divider--view-line elementor-widget elementor-widget-divider\" data-id=\"685f772a\" data-element_type=\"widget\" data-widget_type=\"divider.default\">\n\t\t\t\t<div class=\"elementor-widget-container\">\n\t\t\t\t\t\t\t<div class=\"elementor-divider\">\n\t\t\t<span class=\"elementor-divider-separator\">\n\t\t\t\t\t\t<\/span>\n\t\t<\/div>\n\t\t\t\t\t\t<\/div>\n\t\t\t\t<\/div>\n\t\t\t\t\t<\/div>\n\t\t<\/div>\n\t\t\t\t\t<\/div>\n\t\t<\/section>\n\t\t\t\t<section class=\"elementor-section elementor-top-section elementor-element elementor-element-d3b862e elementor-section-full_width elementor-section-height-default elementor-section-height-default\" data-id=\"d3b862e\" data-element_type=\"section\">\n\t\t\t\t\t\t<div class=\"elementor-container elementor-column-gap-default\">\n\t\t\t\t\t<div class=\"elementor-column elementor-col-100 elementor-top-column elementor-element elementor-element-6200eea\" data-id=\"6200eea\" data-element_type=\"column\">\n\t\t\t<div class=\"elementor-widget-wrap elementor-element-populated\">\n\t\t\t\t\t\t<div class=\"elementor-element elementor-element-88151f7 elementor-widget elementor-widget-text-editor\" data-id=\"88151f7\" data-element_type=\"widget\" data-widget_type=\"text-editor.default\">\n\t\t\t\t<div class=\"elementor-widget-container\">\n\t\t\t\t\t\t\t\t\t<h5 class=\"block-title\">Pol\u00edtica de devoluciones de Casa dos Acess\u00f3rios<\/h5><p class=\"block-text\">Si has comprado un art\u00edculo en Casa dos Acess\u00f3rios, tienes 14 d\u00edas para devolver tu pedido.<br>Las devoluciones pueden hacerse siempre que el art\u00edculo est\u00e9 en las mismas condiciones en que se vendi\u00f3, en su embalaje original y acompa\u00f1ado de todos sus accesorios.<\/p><p class=\"block-text\">Puedes hacerlo poni\u00e9ndote en contacto con la Casa dos Acess\u00f3rios en el 225 023 631 \/ 632, tel\u00e9fono fijo nacional, o a trav\u00e9s de <a href=\"mailto:comercial@casadosacess%C3%B3rios.pt\">comercial@casadosacess\u00f3rios.pt.<\/a><br>Te proporcionaremos toda la informaci\u00f3n que necesites para hacer tu devoluci\u00f3n, y s\u00f3lo se aceptar\u00e1n devoluciones si te pones en contacto con la Casa dos Acess\u00f3rios con antelaci\u00f3n.<\/p><h5 class=\"block-title\">Las condiciones de devoluci\u00f3n son:<\/h5><ol class=\"block-text\"><li>Art\u00edculos sin signos de uso;<\/li><li>Devoluci\u00f3n del art\u00edculo completo con todos sus accesorios, incluido el embalaje original en perfecto estado;<\/li><li>Plazo de devoluci\u00f3n hasta el 14\u00ba d\u00eda consecutivo a partir del d\u00eda de la entrega;<\/li><li>La Casa dos Acess\u00f3rios se reserva el derecho de no aceptar devoluciones de equipos electr\u00f3nicos\/el\u00e9ctricos, y recomienda que el Cliente confirme inequ\u00edvocamente el pedido que pretende realizar;<\/li><li>En caso de devoluci\u00f3n monetaria, la Casa dos Acess\u00f3rios se reserva el derecho de reembolsar el importe recibido, excluyendo los gastos bancarios asociados a la transacci\u00f3n y, si procede, los gastos relativos al transporte de la mercanc\u00eda.<\/li><\/ol>\t\t\t\t\t\t\t\t<\/div>\n\t\t\t\t<\/div>\n\t\t\t\t\t<\/div>\n\t\t<\/div>\n\t\t\t\t\t<\/div>\n\t\t<\/section>\n\t\t\t\t<section class=\"elementor-section elementor-top-section elementor-element elementor-element-2178e96 elementor-section-boxed elementor-section-height-default elementor-section-height-default\" data-id=\"2178e96\" data-element_type=\"section\">\n\t\t\t\t\t\t<div class=\"elementor-container elementor-column-gap-default\">\n\t\t\t\t\t<div class=\"elementor-column elementor-col-100 elementor-top-column elementor-element elementor-element-90f934a\" data-id=\"90f934a\" data-element_type=\"column\">\n\t\t\t<div class=\"elementor-widget-wrap\">\n\t\t\t\t\t\t\t<\/div>\n\t\t<\/div>\n\t\t\t\t\t<\/div>\n\t\t<\/section>\n\t\t\t\t<\/div>\n\t\t","protected":false},"excerpt":{"rendered":"<p>Pol\u00edtica de devoluciones Pol\u00edtica de devoluciones de Casa dos Acess\u00f3rios Si has comprado un art\u00edculo en Casa dos Acess\u00f3rios, tienes 14 d\u00edas para devolver tu pedido.Las devoluciones pueden hacerse siempre<\/p>\n","protected":false},"author":1,"featured_media":0,"parent":0,"menu_order":0,"comment_status":"closed","ping_status":"closed","template":"","meta":{"_acf_changed":false,"footnotes":""},"acf":[],"yoast_head":"<!-- This site is optimized with the Yoast SEO plugin v21.1 - https:\/\/yoast.com\/wordpress\/plugins\/seo\/ -->\n<title>Pol\u00edtica de devoluciones | Casa dos Acess\u00f3rios<\/title>\n<meta name=\"robots\" content=\"index, follow, max-snippet:-1, max-image-preview:large, max-video-preview:-1\" \/>\n<link rel=\"canonical\" href=\"https:\/\/cda-dev.skysigma.pt\/es\/politica-de-devoluciones\/\" \/>\n<meta property=\"og:locale\" content=\"es_ES\" \/>\n<meta property=\"og:type\" content=\"article\" \/>\n<meta property=\"og:title\" content=\"Pol\u00edtica de devoluciones | Casa dos Acess\u00f3rios\" \/>\n<meta property=\"og:description\" content=\"Pol\u00edtica de devoluciones Pol\u00edtica de devoluciones de Casa dos Acess\u00f3rios Si has comprado un art\u00edculo en Casa dos Acess\u00f3rios, tienes 14 d\u00edas para devolver tu pedido.Las devoluciones pueden hacerse siempre\" \/>\n<meta property=\"og:url\" content=\"https:\/\/cda-dev.skysigma.pt\/es\/politica-de-devoluciones\/\" \/>\n<meta property=\"og:site_name\" content=\"Casa dos Acess\u00f3rios\" \/>\n<meta property=\"article:publisher\" content=\"https:\/\/www.facebook.com\/wordpress-1036313-3647719.cloudwaysapps.com\/\" \/>\n<meta property=\"article:modified_time\" content=\"2025-03-11T15:35:17+00:00\" \/>\n<meta name=\"twitter:card\" content=\"summary_large_image\" \/>\n<meta name=\"twitter:label1\" content=\"Tiempo de lectura\" \/>\n\t<meta name=\"twitter:data1\" content=\"1 minuto\" \/>\n<script type=\"application\/ld+json\" class=\"yoast-schema-graph\">{\"@context\":\"https:\/\/schema.org\",\"@graph\":[{\"@type\":\"WebPage\",\"@id\":\"https:\/\/cda-dev.skysigma.pt\/es\/politica-de-devoluciones\/\",\"url\":\"https:\/\/cda-dev.skysigma.pt\/es\/politica-de-devoluciones\/\",\"name\":\"Pol\u00edtica de devoluciones | Casa dos Acess\u00f3rios\",\"isPartOf\":{\"@id\":\"https:\/\/cda-dev.skysigma.pt\/#website\"},\"datePublished\":\"2023-07-03T10:55:25+00:00\",\"dateModified\":\"2025-03-11T15:35:17+00:00\",\"breadcrumb\":{\"@id\":\"https:\/\/cda-dev.skysigma.pt\/es\/politica-de-devoluciones\/#breadcrumb\"},\"inLanguage\":\"es\",\"potentialAction\":[{\"@type\":\"ReadAction\",\"target\":[\"https:\/\/cda-dev.skysigma.pt\/es\/politica-de-devoluciones\/\"]}]},{\"@type\":\"BreadcrumbList\",\"@id\":\"https:\/\/cda-dev.skysigma.pt\/es\/politica-de-devoluciones\/#breadcrumb\",\"itemListElement\":[{\"@type\":\"ListItem\",\"position\":1,\"name\":\"In\u00edcio\",\"item\":\"https:\/\/cda-dev.skysigma.pt\/\"},{\"@type\":\"ListItem\",\"position\":2,\"name\":\"Pol\u00edtica de devoluciones\"}]},{\"@type\":\"WebSite\",\"@id\":\"https:\/\/cda-dev.skysigma.pt\/#website\",\"url\":\"https:\/\/cda-dev.skysigma.pt\/\",\"name\":\"Casa dos Acess\u00f3rios\",\"description\":\"Acess\u00f3rios e componentes eletr\u00f3nicos\",\"publisher\":{\"@id\":\"https:\/\/cda-dev.skysigma.pt\/#organization\"},\"potentialAction\":[{\"@type\":\"SearchAction\",\"target\":{\"@type\":\"EntryPoint\",\"urlTemplate\":\"https:\/\/cda-dev.skysigma.pt\/?s={search_term_string}\"},\"query-input\":\"required name=search_term_string\"}],\"inLanguage\":\"es\"},{\"@type\":\"Organization\",\"@id\":\"https:\/\/cda-dev.skysigma.pt\/#organization\",\"name\":\"Casa dos Acess\u00f3rios\",\"url\":\"https:\/\/cda-dev.skysigma.pt\/\",\"logo\":{\"@type\":\"ImageObject\",\"inLanguage\":\"es\",\"@id\":\"https:\/\/cda-dev.skysigma.pt\/#\/schema\/logo\/image\/\",\"url\":\"https:\/\/wordpress-1036313-3647719.cloudwaysapps.com\/wp-content\/uploads\/2019\/05\/CDA_logo.png\",\"contentUrl\":\"https:\/\/wordpress-1036313-3647719.cloudwaysapps.com\/wp-content\/uploads\/2019\/05\/CDA_logo.png\",\"width\":875,\"height\":131,\"caption\":\"Casa dos Acess\u00f3rios\"},\"image\":{\"@id\":\"https:\/\/cda-dev.skysigma.pt\/#\/schema\/logo\/image\/\"},\"sameAs\":[\"https:\/\/www.facebook.com\/wordpress-1036313-3647719.cloudwaysapps.com\/\"]}]}<\/script>\n<!-- \/ Yoast SEO plugin. -->","yoast_head_json":{"title":"Pol\u00edtica de devoluciones | Casa dos Acess\u00f3rios","robots":{"index":"index","follow":"follow","max-snippet":"max-snippet:-1","max-image-preview":"max-image-preview:large","max-video-preview":"max-video-preview:-1"},"canonical":"https:\/\/cda-dev.skysigma.pt\/es\/politica-de-devoluciones\/","og_locale":"es_ES","og_type":"article","og_title":"Pol\u00edtica de devoluciones | Casa dos Acess\u00f3rios","og_description":"Pol\u00edtica de devoluciones Pol\u00edtica de devoluciones de Casa dos Acess\u00f3rios Si has comprado un art\u00edculo en Casa dos Acess\u00f3rios, tienes 14 d\u00edas para devolver tu pedido.Las devoluciones pueden hacerse siempre","og_url":"https:\/\/cda-dev.skysigma.pt\/es\/politica-de-devoluciones\/","og_site_name":"Casa dos Acess\u00f3rios","article_publisher":"https:\/\/www.facebook.com\/wordpress-1036313-3647719.cloudwaysapps.com\/","article_modified_time":"2025-03-11T15:35:17+00:00","twitter_card":"summary_large_image","twitter_misc":{"Tiempo de lectura":"1 minuto"},"schema":{"@context":"https:\/\/schema.org","@graph":[{"@type":"WebPage","@id":"https:\/\/cda-dev.skysigma.pt\/es\/politica-de-devoluciones\/","url":"https:\/\/cda-dev.skysigma.pt\/es\/politica-de-devoluciones\/","name":"Pol\u00edtica de devoluciones | Casa dos Acess\u00f3rios","isPartOf":{"@id":"https:\/\/cda-dev.skysigma.pt\/#website"},"datePublished":"2023-07-03T10:55:25+00:00","dateModified":"2025-03-11T15:35:17+00:00","breadcrumb":{"@id":"https:\/\/cda-dev.skysigma.pt\/es\/politica-de-devoluciones\/#breadcrumb"},"inLanguage":"es","potentialAction":[{"@type":"ReadAction","target":["https:\/\/cda-dev.skysigma.pt\/es\/politica-de-devoluciones\/"]}]},{"@type":"BreadcrumbList","@id":"https:\/\/cda-dev.skysigma.pt\/es\/politica-de-devoluciones\/#breadcrumb","itemListElement":[{"@type":"ListItem","position":1,"name":"In\u00edcio","item":"https:\/\/cda-dev.skysigma.pt\/"},{"@type":"ListItem","position":2,"name":"Pol\u00edtica de devoluciones"}]},{"@type":"WebSite","@id":"https:\/\/cda-dev.skysigma.pt\/#website","url":"https:\/\/cda-dev.skysigma.pt\/","name":"Casa dos Acess\u00f3rios","description":"Acess\u00f3rios e componentes eletr\u00f3nicos","publisher":{"@id":"https:\/\/cda-dev.skysigma.pt\/#organization"},"potentialAction":[{"@type":"SearchAction","target":{"@type":"EntryPoint","urlTemplate":"https:\/\/cda-dev.skysigma.pt\/?s={search_term_string}"},"query-input":"required name=search_term_string"}],"inLanguage":"es"},{"@type":"Organization","@id":"https:\/\/cda-dev.skysigma.pt\/#organization","name":"Casa dos Acess\u00f3rios","url":"https:\/\/cda-dev.skysigma.pt\/","logo":{"@type":"ImageObject","inLanguage":"es","@id":"https:\/\/cda-dev.skysigma.pt\/#\/schema\/logo\/image\/","url":"https:\/\/wordpress-1036313-3647719.cloudwaysapps.com\/wp-content\/uploads\/2019\/05\/CDA_logo.png","contentUrl":"https:\/\/wordpress-1036313-3647719.cloudwaysapps.com\/wp-content\/uploads\/2019\/05\/CDA_logo.png","width":875,"height":131,"caption":"Casa dos Acess\u00f3rios"},"image":{"@id":"https:\/\/cda-dev.skysigma.pt\/#\/schema\/logo\/image\/"},"sameAs":["https:\/\/www.facebook.com\/wordpress-1036313-3647719.cloudwaysapps.com\/"]}]}},"_links":{"self":[{"href":"https:\/\/cda-dev.skysigma.pt\/es\/wp-json\/wp\/v2\/pages\/447810"}],"collection":[{"href":"https:\/\/cda-dev.skysigma.pt\/es\/wp-json\/wp\/v2\/pages"}],"about":[{"href":"https:\/\/cda-dev.skysigma.pt\/es\/wp-json\/wp\/v2\/types\/page"}],"author":[{"embeddable":true,"href":"https:\/\/cda-dev.skysigma.pt\/es\/wp-json\/wp\/v2\/users\/1"}],"replies":[{"embeddable":true,"href":"https:\/\/cda-dev.skysigma.pt\/es\/wp-json\/wp\/v2\/comments?post=447810"}],"version-history":[{"count":1,"href":"https:\/\/cda-dev.skysigma.pt\/es\/wp-json\/wp\/v2\/pages\/447810\/revisions"}],"predecessor-version":[{"id":447811,"href":"https:\/\/cda-dev.skysigma.pt\/es\/wp-json\/wp\/v2\/pages\/447810\/revisions\/447811"}],"wp:attachment":[{"href":"https:\/\/cda-dev.skysigma.pt\/es\/wp-json\/wp\/v2\/media?parent=447810"}],"curies":[{"name":"wp","href":"https:\/\/api.w.org\/{rel}","templated":true}]}}