{"id":447806,"date":"2023-07-03T11:35:54","date_gmt":"2023-07-03T10:35:54","guid":{"rendered":"https:\/\/cda-dev.skysigma.pt\/politica-de-cookies\/"},"modified":"2025-03-11T16:22:43","modified_gmt":"2025-03-11T15:22:43","slug":"politica-de-cookies","status":"publish","type":"page","link":"https:\/\/cda-dev.skysigma.pt\/es\/politica-de-cookies\/","title":{"rendered":"Pol\u00edtica de cookies"},"content":{"rendered":"\t\t<div data-elementor-type=\"wp-page\" data-elementor-id=\"447806\" class=\"elementor elementor-447806 elementor-141799\">\n\t\t\t\t\t\t<section class=\"elementor-section elementor-top-section elementor-element elementor-element-70b72fbe elementor-section-full_width elementor-section-height-default elementor-section-height-default\" data-id=\"70b72fbe\" data-element_type=\"section\">\n\t\t\t\t\t\t<div class=\"elementor-container elementor-column-gap-default\">\n\t\t\t\t\t<div class=\"elementor-column elementor-col-100 elementor-top-column elementor-element elementor-element-3530f564\" data-id=\"3530f564\" data-element_type=\"column\">\n\t\t\t<div class=\"elementor-widget-wrap elementor-element-populated\">\n\t\t\t\t\t\t<div class=\"elementor-element elementor-element-17fe0247 elementor-widget elementor-widget-text-editor\" data-id=\"17fe0247\" data-element_type=\"widget\" data-widget_type=\"text-editor.default\">\n\t\t\t\t<div class=\"elementor-widget-container\">\n\t\t\t\t\t\t\t\t\t<h2 class=\"contact-page-title\">Pol\u00edtica de cookies<\/h2>\t\t\t\t\t\t\t\t<\/div>\n\t\t\t\t<\/div>\n\t\t\t\t<div class=\"elementor-element elementor-element-697517e6 elementor-widget__width-auto elementor-widget-divider--view-line elementor-widget elementor-widget-divider\" data-id=\"697517e6\" data-element_type=\"widget\" data-widget_type=\"divider.default\">\n\t\t\t\t<div class=\"elementor-widget-container\">\n\t\t\t\t\t\t\t<div class=\"elementor-divider\">\n\t\t\t<span class=\"elementor-divider-separator\">\n\t\t\t\t\t\t<\/span>\n\t\t<\/div>\n\t\t\t\t\t\t<\/div>\n\t\t\t\t<\/div>\n\t\t\t\t\t<\/div>\n\t\t<\/div>\n\t\t\t\t\t<\/div>\n\t\t<\/section>\n\t\t\t\t<section class=\"elementor-section elementor-top-section elementor-element elementor-element-9061c3e elementor-section-full_width elementor-section-height-default elementor-section-height-default\" data-id=\"9061c3e\" data-element_type=\"section\">\n\t\t\t\t\t\t<div class=\"elementor-container elementor-column-gap-default\">\n\t\t\t\t\t<div class=\"elementor-column elementor-col-100 elementor-top-column elementor-element elementor-element-6674241\" data-id=\"6674241\" data-element_type=\"column\">\n\t\t\t<div class=\"elementor-widget-wrap elementor-element-populated\">\n\t\t\t\t\t\t<div class=\"elementor-element elementor-element-cf9e2f5 elementor-widget elementor-widget-text-editor\" data-id=\"cf9e2f5\" data-element_type=\"widget\" data-widget_type=\"text-editor.default\">\n\t\t\t\t<div class=\"elementor-widget-container\">\n\t\t\t\t\t\t\t\t\t<section class=\"w-banner w-section__block \" data-module-uuid=\"5450045a-7b15-45b6-8453-896d403e46b5\" data-module-template=\"banner_image\" data-module-id=\"1030497526\" data-module-name=\"Institucional_html_10\"><div class=\"w-banner__wrapper\"><div class=\"w-banner__wrapper__content\"><div class=\"w-section__html__content\" data-highlight-template=\"html\" data-highlight-id=\"1030634509\" data-highlight-position=\"50\" data-highlight-rule-id=\"1030634509\"><section class=\"\"><div class=\"\"><h5 class=\"block-title\">\u00bfQu\u00e9 tipo de cookies utiliza Casa dos Acess\u00f3rios?<br><br><\/h5><ol class=\"block-text\"><li><b>Cookies de sesi\u00f3n:<\/b> Son cookies temporales que permanecen en el archivo de cookies del navegador mientras se navega por la p\u00e1gina web, y no se almacena ning\u00fan registro en el disco duro del usuario. La finalidad de la informaci\u00f3n recogida por estas cookies es analizar los patrones de tr\u00e1fico del sitio web. En definitiva, esto nos permite mejorar el servicio prestado a trav\u00e9s del contenido y la usabilidad del sitio web.<\/li><li><b>Cookies de an\u00e1lisis:<\/b> Son aqu\u00e9llas que bien tratadas permiten cuantificar el n\u00famero de usuarios y as\u00ed realizar la medici\u00f3n y an\u00e1lisis estad\u00edstico de la utilizaci\u00f3n que hacen los usuarios del servicio ofertado por la Casa dos Acess\u00f3rios. Analizamos la navegaci\u00f3n en nuestro sitio web para mejorar la oferta de productos o servicios puestos a disposici\u00f3n.<\/li><li><b>Cookies publicitarias:<\/b> Son aqu\u00e9llas que, bien tratadas, nos permiten gestionar de la forma m\u00e1s eficaz posible la informaci\u00f3n contenida en los espacios publicitarios de la p\u00e1gina web, pudiendo analizar sus h\u00e1bitos de navegaci\u00f3n y mostrarle publicidad relacionada con su perfil de navegaci\u00f3n.<\/li><\/ol><\/div><\/section><h5 class=\"block-title\">\u00bfQu\u00e9 significa no autorizar el uso de cookies?<\/h5><p class=\"block-text\">Si prefieres no permitir las cookies, tienes la opci\u00f3n de desactivarlas en el navegador de Internet que utilices, pero debes tener en cuenta que esta decisi\u00f3n puede impedir la correcta visualizaci\u00f3n de algunas p\u00e1ginas web.<\/p><\/div><\/div><\/div><\/section><h5 class=\"block-title\">\u00bfC\u00f3mo puedo gestionar las cookies?<\/h5><p class=\"block-text\">Todos los navegadores permiten al usuario aceptar, rechazar o eliminar cookies seleccionando la configuraci\u00f3n avanzada del navegador. Puedes configurar las cookies en el men\u00fa &#8220;opciones&#8221; o &#8220;preferencias&#8221;. Sin embargo, ten en cuenta que esta decisi\u00f3n puede impedir la correcta visualizaci\u00f3n de algunas p\u00e1ginas y afectar parcial o totalmente a tu experiencia de uso del sitio web.<\/p>\t\t\t\t\t\t\t\t<\/div>\n\t\t\t\t<\/div>\n\t\t\t\t\t<\/div>\n\t\t<\/div>\n\t\t\t\t\t<\/div>\n\t\t<\/section>\n\t\t\t\t<\/div>\n\t\t","protected":false},"excerpt":{"rendered":"<p>Pol\u00edtica de cookies \u00bfQu\u00e9 tipo de cookies utiliza Casa dos Acess\u00f3rios? Cookies de sesi\u00f3n: Son cookies temporales que permanecen en el archivo de cookies del navegador mientras se navega por<\/p>\n","protected":false},"author":1,"featured_media":0,"parent":0,"menu_order":0,"comment_status":"closed","ping_status":"closed","template":"","meta":{"_acf_changed":false,"footnotes":""},"acf":[],"yoast_head":"<!-- This site is optimized with the Yoast SEO plugin v21.1 - https:\/\/yoast.com\/wordpress\/plugins\/seo\/ -->\n<title>Pol\u00edtica de cookies | Casa dos Acess\u00f3rios<\/title>\n<meta name=\"robots\" content=\"index, follow, max-snippet:-1, max-image-preview:large, max-video-preview:-1\" \/>\n<link rel=\"canonical\" href=\"https:\/\/cda-dev.skysigma.pt\/es\/politica-de-cookies\/\" \/>\n<meta property=\"og:locale\" content=\"es_ES\" \/>\n<meta property=\"og:type\" content=\"article\" \/>\n<meta property=\"og:title\" content=\"Pol\u00edtica de cookies | Casa dos Acess\u00f3rios\" \/>\n<meta property=\"og:description\" content=\"Pol\u00edtica de cookies \u00bfQu\u00e9 tipo de cookies utiliza Casa dos Acess\u00f3rios? Cookies de sesi\u00f3n: Son cookies temporales que permanecen en el archivo de cookies del navegador mientras se navega por\" \/>\n<meta property=\"og:url\" content=\"https:\/\/cda-dev.skysigma.pt\/es\/politica-de-cookies\/\" \/>\n<meta property=\"og:site_name\" content=\"Casa dos Acess\u00f3rios\" \/>\n<meta property=\"article:publisher\" content=\"https:\/\/www.facebook.com\/wordpress-1036313-3647719.cloudwaysapps.com\/\" \/>\n<meta property=\"article:modified_time\" content=\"2025-03-11T15:22:43+00:00\" \/>\n<meta name=\"twitter:card\" content=\"summary_large_image\" \/>\n<meta name=\"twitter:label1\" content=\"Tiempo de lectura\" \/>\n\t<meta name=\"twitter:data1\" content=\"2 minutos\" \/>\n<script type=\"application\/ld+json\" class=\"yoast-schema-graph\">{\"@context\":\"https:\/\/schema.org\",\"@graph\":[{\"@type\":\"WebPage\",\"@id\":\"https:\/\/cda-dev.skysigma.pt\/es\/politica-de-cookies\/\",\"url\":\"https:\/\/cda-dev.skysigma.pt\/es\/politica-de-cookies\/\",\"name\":\"Pol\u00edtica de cookies | Casa dos Acess\u00f3rios\",\"isPartOf\":{\"@id\":\"https:\/\/cda-dev.skysigma.pt\/#website\"},\"datePublished\":\"2023-07-03T10:35:54+00:00\",\"dateModified\":\"2025-03-11T15:22:43+00:00\",\"breadcrumb\":{\"@id\":\"https:\/\/cda-dev.skysigma.pt\/es\/politica-de-cookies\/#breadcrumb\"},\"inLanguage\":\"es\",\"potentialAction\":[{\"@type\":\"ReadAction\",\"target\":[\"https:\/\/cda-dev.skysigma.pt\/es\/politica-de-cookies\/\"]}]},{\"@type\":\"BreadcrumbList\",\"@id\":\"https:\/\/cda-dev.skysigma.pt\/es\/politica-de-cookies\/#breadcrumb\",\"itemListElement\":[{\"@type\":\"ListItem\",\"position\":1,\"name\":\"In\u00edcio\",\"item\":\"https:\/\/cda-dev.skysigma.pt\/\"},{\"@type\":\"ListItem\",\"position\":2,\"name\":\"Pol\u00edtica de cookies\"}]},{\"@type\":\"WebSite\",\"@id\":\"https:\/\/cda-dev.skysigma.pt\/#website\",\"url\":\"https:\/\/cda-dev.skysigma.pt\/\",\"name\":\"Casa dos Acess\u00f3rios\",\"description\":\"Acess\u00f3rios e componentes eletr\u00f3nicos\",\"publisher\":{\"@id\":\"https:\/\/cda-dev.skysigma.pt\/#organization\"},\"potentialAction\":[{\"@type\":\"SearchAction\",\"target\":{\"@type\":\"EntryPoint\",\"urlTemplate\":\"https:\/\/cda-dev.skysigma.pt\/?s={search_term_string}\"},\"query-input\":\"required name=search_term_string\"}],\"inLanguage\":\"es\"},{\"@type\":\"Organization\",\"@id\":\"https:\/\/cda-dev.skysigma.pt\/#organization\",\"name\":\"Casa dos Acess\u00f3rios\",\"url\":\"https:\/\/cda-dev.skysigma.pt\/\",\"logo\":{\"@type\":\"ImageObject\",\"inLanguage\":\"es\",\"@id\":\"https:\/\/cda-dev.skysigma.pt\/#\/schema\/logo\/image\/\",\"url\":\"https:\/\/wordpress-1036313-3647719.cloudwaysapps.com\/wp-content\/uploads\/2019\/05\/CDA_logo.png\",\"contentUrl\":\"https:\/\/wordpress-1036313-3647719.cloudwaysapps.com\/wp-content\/uploads\/2019\/05\/CDA_logo.png\",\"width\":875,\"height\":131,\"caption\":\"Casa dos Acess\u00f3rios\"},\"image\":{\"@id\":\"https:\/\/cda-dev.skysigma.pt\/#\/schema\/logo\/image\/\"},\"sameAs\":[\"https:\/\/www.facebook.com\/wordpress-1036313-3647719.cloudwaysapps.com\/\"]}]}<\/script>\n<!-- \/ Yoast SEO plugin. -->","yoast_head_json":{"title":"Pol\u00edtica de cookies | Casa dos Acess\u00f3rios","robots":{"index":"index","follow":"follow","max-snippet":"max-snippet:-1","max-image-preview":"max-image-preview:large","max-video-preview":"max-video-preview:-1"},"canonical":"https:\/\/cda-dev.skysigma.pt\/es\/politica-de-cookies\/","og_locale":"es_ES","og_type":"article","og_title":"Pol\u00edtica de cookies | Casa dos Acess\u00f3rios","og_description":"Pol\u00edtica de cookies \u00bfQu\u00e9 tipo de cookies utiliza Casa dos Acess\u00f3rios? Cookies de sesi\u00f3n: Son cookies temporales que permanecen en el archivo de cookies del navegador mientras se navega por","og_url":"https:\/\/cda-dev.skysigma.pt\/es\/politica-de-cookies\/","og_site_name":"Casa dos Acess\u00f3rios","article_publisher":"https:\/\/www.facebook.com\/wordpress-1036313-3647719.cloudwaysapps.com\/","article_modified_time":"2025-03-11T15:22:43+00:00","twitter_card":"summary_large_image","twitter_misc":{"Tiempo de lectura":"2 minutos"},"schema":{"@context":"https:\/\/schema.org","@graph":[{"@type":"WebPage","@id":"https:\/\/cda-dev.skysigma.pt\/es\/politica-de-cookies\/","url":"https:\/\/cda-dev.skysigma.pt\/es\/politica-de-cookies\/","name":"Pol\u00edtica de cookies | Casa dos Acess\u00f3rios","isPartOf":{"@id":"https:\/\/cda-dev.skysigma.pt\/#website"},"datePublished":"2023-07-03T10:35:54+00:00","dateModified":"2025-03-11T15:22:43+00:00","breadcrumb":{"@id":"https:\/\/cda-dev.skysigma.pt\/es\/politica-de-cookies\/#breadcrumb"},"inLanguage":"es","potentialAction":[{"@type":"ReadAction","target":["https:\/\/cda-dev.skysigma.pt\/es\/politica-de-cookies\/"]}]},{"@type":"BreadcrumbList","@id":"https:\/\/cda-dev.skysigma.pt\/es\/politica-de-cookies\/#breadcrumb","itemListElement":[{"@type":"ListItem","position":1,"name":"In\u00edcio","item":"https:\/\/cda-dev.skysigma.pt\/"},{"@type":"ListItem","position":2,"name":"Pol\u00edtica de cookies"}]},{"@type":"WebSite","@id":"https:\/\/cda-dev.skysigma.pt\/#website","url":"https:\/\/cda-dev.skysigma.pt\/","name":"Casa dos Acess\u00f3rios","description":"Acess\u00f3rios e componentes eletr\u00f3nicos","publisher":{"@id":"https:\/\/cda-dev.skysigma.pt\/#organization"},"potentialAction":[{"@type":"SearchAction","target":{"@type":"EntryPoint","urlTemplate":"https:\/\/cda-dev.skysigma.pt\/?s={search_term_string}"},"query-input":"required name=search_term_string"}],"inLanguage":"es"},{"@type":"Organization","@id":"https:\/\/cda-dev.skysigma.pt\/#organization","name":"Casa dos Acess\u00f3rios","url":"https:\/\/cda-dev.skysigma.pt\/","logo":{"@type":"ImageObject","inLanguage":"es","@id":"https:\/\/cda-dev.skysigma.pt\/#\/schema\/logo\/image\/","url":"https:\/\/wordpress-1036313-3647719.cloudwaysapps.com\/wp-content\/uploads\/2019\/05\/CDA_logo.png","contentUrl":"https:\/\/wordpress-1036313-3647719.cloudwaysapps.com\/wp-content\/uploads\/2019\/05\/CDA_logo.png","width":875,"height":131,"caption":"Casa dos Acess\u00f3rios"},"image":{"@id":"https:\/\/cda-dev.skysigma.pt\/#\/schema\/logo\/image\/"},"sameAs":["https:\/\/www.facebook.com\/wordpress-1036313-3647719.cloudwaysapps.com\/"]}]}},"_links":{"self":[{"href":"https:\/\/cda-dev.skysigma.pt\/es\/wp-json\/wp\/v2\/pages\/447806"}],"collection":[{"href":"https:\/\/cda-dev.skysigma.pt\/es\/wp-json\/wp\/v2\/pages"}],"about":[{"href":"https:\/\/cda-dev.skysigma.pt\/es\/wp-json\/wp\/v2\/types\/page"}],"author":[{"embeddable":true,"href":"https:\/\/cda-dev.skysigma.pt\/es\/wp-json\/wp\/v2\/users\/1"}],"replies":[{"embeddable":true,"href":"https:\/\/cda-dev.skysigma.pt\/es\/wp-json\/wp\/v2\/comments?post=447806"}],"version-history":[{"count":1,"href":"https:\/\/cda-dev.skysigma.pt\/es\/wp-json\/wp\/v2\/pages\/447806\/revisions"}],"predecessor-version":[{"id":447807,"href":"https:\/\/cda-dev.skysigma.pt\/es\/wp-json\/wp\/v2\/pages\/447806\/revisions\/447807"}],"wp:attachment":[{"href":"https:\/\/cda-dev.skysigma.pt\/es\/wp-json\/wp\/v2\/media?parent=447806"}],"curies":[{"name":"wp","href":"https:\/\/api.w.org\/{rel}","templated":true}]}}