{"id":448288,"date":"2025-06-20T21:55:47","date_gmt":"2025-06-20T20:55:47","guid":{"rendered":"https:\/\/cda-dev.skysigma.pt\/produto\/seletor-bsh-2\/"},"modified":"2025-06-20T21:55:47","modified_gmt":"2025-06-20T20:55:47","slug":"seletor-bsh-2","status":"publish","type":"product","link":"https:\/\/cda-dev.skysigma.pt\/en\/produto\/seletor-bsh-2\/","title":{"rendered":"SELETOR BSH"},"content":{"rendered":"","protected":false},"excerpt":{"rendered":"","protected":false},"featured_media":448284,"comment_status":"open","ping_status":"closed","template":"","meta":{"_acf_changed":false},"product_cat":[4897],"product_tag":[],"acf":[],"yoast_head":"<!-- This site is optimized with the Yoast SEO plugin v21.1 - https:\/\/yoast.com\/wordpress\/plugins\/seo\/ -->\n<title>SELETOR BSH | Casa dos Acess\u00f3rios<\/title>\n<meta name=\"robots\" content=\"index, follow, max-snippet:-1, max-image-preview:large, max-video-preview:-1\" \/>\n<link rel=\"canonical\" href=\"https:\/\/cda-dev.skysigma.pt\/produto\/seletor-bsh-2\/\" \/>\n<meta property=\"og:locale\" content=\"en_US\" \/>\n<meta property=\"og:type\" content=\"article\" \/>\n<meta property=\"og:title\" content=\"SELETOR BSH | Casa dos Acess\u00f3rios\" \/>\n<meta property=\"og:url\" content=\"https:\/\/cda-dev.skysigma.pt\/produto\/seletor-bsh-2\/\" \/>\n<meta property=\"og:site_name\" content=\"Casa dos Acess\u00f3rios\" \/>\n<meta property=\"article:publisher\" content=\"https:\/\/www.facebook.com\/wordpress-1036313-3647719.cloudwaysapps.com\/\" \/>\n<meta name=\"twitter:card\" content=\"summary_large_image\" \/>\n<script type=\"application\/ld+json\" class=\"yoast-schema-graph\">{\"@context\":\"https:\/\/schema.org\",\"@graph\":[{\"@type\":\"WebPage\",\"@id\":\"https:\/\/cda-dev.skysigma.pt\/produto\/seletor-bsh-2\/\",\"url\":\"https:\/\/cda-dev.skysigma.pt\/produto\/seletor-bsh-2\/\",\"name\":\"SELETOR BSH | Casa dos Acess\u00f3rios\",\"isPartOf\":{\"@id\":\"https:\/\/cda-dev.skysigma.pt\/#website\"},\"datePublished\":\"2025-06-20T20:55:47+00:00\",\"dateModified\":\"2025-06-20T20:55:47+00:00\",\"breadcrumb\":{\"@id\":\"https:\/\/cda-dev.skysigma.pt\/produto\/seletor-bsh-2\/#breadcrumb\"},\"inLanguage\":\"en-US\",\"potentialAction\":[{\"@type\":\"ReadAction\",\"target\":[\"https:\/\/cda-dev.skysigma.pt\/produto\/seletor-bsh-2\/\"]}]},{\"@type\":\"BreadcrumbList\",\"@id\":\"https:\/\/cda-dev.skysigma.pt\/produto\/seletor-bsh-2\/#breadcrumb\",\"itemListElement\":[{\"@type\":\"ListItem\",\"position\":1,\"name\":\"In\u00edcio\",\"item\":\"https:\/\/cda-dev.skysigma.pt\/\"},{\"@type\":\"ListItem\",\"position\":2,\"name\":\"Store\",\"item\":\"https:\/\/cda-dev.skysigma.pt\/en\/shop\/\"},{\"@type\":\"ListItem\",\"position\":3,\"name\":\"SELETOR BSH\"}]},{\"@type\":\"WebSite\",\"@id\":\"https:\/\/cda-dev.skysigma.pt\/#website\",\"url\":\"https:\/\/cda-dev.skysigma.pt\/\",\"name\":\"Casa dos Acess\u00f3rios\",\"description\":\"Acess\u00f3rios e componentes eletr\u00f3nicos\",\"publisher\":{\"@id\":\"https:\/\/cda-dev.skysigma.pt\/#organization\"},\"potentialAction\":[{\"@type\":\"SearchAction\",\"target\":{\"@type\":\"EntryPoint\",\"urlTemplate\":\"https:\/\/cda-dev.skysigma.pt\/?s={search_term_string}\"},\"query-input\":\"required name=search_term_string\"}],\"inLanguage\":\"en-US\"},{\"@type\":\"Organization\",\"@id\":\"https:\/\/cda-dev.skysigma.pt\/#organization\",\"name\":\"Casa dos Acess\u00f3rios\",\"url\":\"https:\/\/cda-dev.skysigma.pt\/\",\"logo\":{\"@type\":\"ImageObject\",\"inLanguage\":\"en-US\",\"@id\":\"https:\/\/cda-dev.skysigma.pt\/#\/schema\/logo\/image\/\",\"url\":\"https:\/\/wordpress-1036313-3647719.cloudwaysapps.com\/wp-content\/uploads\/2019\/05\/CDA_logo.png\",\"contentUrl\":\"https:\/\/wordpress-1036313-3647719.cloudwaysapps.com\/wp-content\/uploads\/2019\/05\/CDA_logo.png\",\"width\":875,\"height\":131,\"caption\":\"Casa dos Acess\u00f3rios\"},\"image\":{\"@id\":\"https:\/\/cda-dev.skysigma.pt\/#\/schema\/logo\/image\/\"},\"sameAs\":[\"https:\/\/www.facebook.com\/wordpress-1036313-3647719.cloudwaysapps.com\/\"]}]}<\/script>\n<!-- \/ Yoast SEO plugin. -->","yoast_head_json":{"title":"SELETOR BSH | Casa dos Acess\u00f3rios","robots":{"index":"index","follow":"follow","max-snippet":"max-snippet:-1","max-image-preview":"max-image-preview:large","max-video-preview":"max-video-preview:-1"},"canonical":"https:\/\/cda-dev.skysigma.pt\/produto\/seletor-bsh-2\/","og_locale":"en_US","og_type":"article","og_title":"SELETOR BSH | Casa dos Acess\u00f3rios","og_url":"https:\/\/cda-dev.skysigma.pt\/produto\/seletor-bsh-2\/","og_site_name":"Casa dos Acess\u00f3rios","article_publisher":"https:\/\/www.facebook.com\/wordpress-1036313-3647719.cloudwaysapps.com\/","twitter_card":"summary_large_image","schema":{"@context":"https:\/\/schema.org","@graph":[{"@type":"WebPage","@id":"https:\/\/cda-dev.skysigma.pt\/produto\/seletor-bsh-2\/","url":"https:\/\/cda-dev.skysigma.pt\/produto\/seletor-bsh-2\/","name":"SELETOR BSH | Casa dos Acess\u00f3rios","isPartOf":{"@id":"https:\/\/cda-dev.skysigma.pt\/#website"},"datePublished":"2025-06-20T20:55:47+00:00","dateModified":"2025-06-20T20:55:47+00:00","breadcrumb":{"@id":"https:\/\/cda-dev.skysigma.pt\/produto\/seletor-bsh-2\/#breadcrumb"},"inLanguage":"en-US","potentialAction":[{"@type":"ReadAction","target":["https:\/\/cda-dev.skysigma.pt\/produto\/seletor-bsh-2\/"]}]},{"@type":"BreadcrumbList","@id":"https:\/\/cda-dev.skysigma.pt\/produto\/seletor-bsh-2\/#breadcrumb","itemListElement":[{"@type":"ListItem","position":1,"name":"In\u00edcio","item":"https:\/\/cda-dev.skysigma.pt\/"},{"@type":"ListItem","position":2,"name":"Store","item":"https:\/\/cda-dev.skysigma.pt\/en\/shop\/"},{"@type":"ListItem","position":3,"name":"SELETOR BSH"}]},{"@type":"WebSite","@id":"https:\/\/cda-dev.skysigma.pt\/#website","url":"https:\/\/cda-dev.skysigma.pt\/","name":"Casa dos Acess\u00f3rios","description":"Acess\u00f3rios e componentes eletr\u00f3nicos","publisher":{"@id":"https:\/\/cda-dev.skysigma.pt\/#organization"},"potentialAction":[{"@type":"SearchAction","target":{"@type":"EntryPoint","urlTemplate":"https:\/\/cda-dev.skysigma.pt\/?s={search_term_string}"},"query-input":"required name=search_term_string"}],"inLanguage":"en-US"},{"@type":"Organization","@id":"https:\/\/cda-dev.skysigma.pt\/#organization","name":"Casa dos Acess\u00f3rios","url":"https:\/\/cda-dev.skysigma.pt\/","logo":{"@type":"ImageObject","inLanguage":"en-US","@id":"https:\/\/cda-dev.skysigma.pt\/#\/schema\/logo\/image\/","url":"https:\/\/wordpress-1036313-3647719.cloudwaysapps.com\/wp-content\/uploads\/2019\/05\/CDA_logo.png","contentUrl":"https:\/\/wordpress-1036313-3647719.cloudwaysapps.com\/wp-content\/uploads\/2019\/05\/CDA_logo.png","width":875,"height":131,"caption":"Casa dos Acess\u00f3rios"},"image":{"@id":"https:\/\/cda-dev.skysigma.pt\/#\/schema\/logo\/image\/"},"sameAs":["https:\/\/www.facebook.com\/wordpress-1036313-3647719.cloudwaysapps.com\/"]}]}},"_links":{"self":[{"href":"https:\/\/cda-dev.skysigma.pt\/en\/wp-json\/wp\/v2\/product\/448288"}],"collection":[{"href":"https:\/\/cda-dev.skysigma.pt\/en\/wp-json\/wp\/v2\/product"}],"about":[{"href":"https:\/\/cda-dev.skysigma.pt\/en\/wp-json\/wp\/v2\/types\/product"}],"replies":[{"embeddable":true,"href":"https:\/\/cda-dev.skysigma.pt\/en\/wp-json\/wp\/v2\/comments?post=448288"}],"wp:featuredmedia":[{"embeddable":true,"href":"https:\/\/cda-dev.skysigma.pt\/en\/wp-json\/wp\/v2\/media\/448284"}],"wp:attachment":[{"href":"https:\/\/cda-dev.skysigma.pt\/en\/wp-json\/wp\/v2\/media?parent=448288"}],"wp:term":[{"taxonomy":"product_cat","embeddable":true,"href":"https:\/\/cda-dev.skysigma.pt\/en\/wp-json\/wp\/v2\/product_cat?post=448288"},{"taxonomy":"product_tag","embeddable":true,"href":"https:\/\/cda-dev.skysigma.pt\/en\/wp-json\/wp\/v2\/product_tag?post=448288"}],"curies":[{"name":"wp","href":"https:\/\/api.w.org\/{rel}","templated":true}]}}