{"id":447844,"date":"2023-07-03T12:19:35","date_gmt":"2023-07-03T11:19:35","guid":{"rendered":"https:\/\/cda-dev.skysigma.pt\/terms-and-conditions\/"},"modified":"2025-03-11T17:38:39","modified_gmt":"2025-03-11T16:38:39","slug":"terms-and-conditions","status":"publish","type":"page","link":"https:\/\/cda-dev.skysigma.pt\/en\/terms-and-conditions\/","title":{"rendered":"Terms and Conditions"},"content":{"rendered":"\t\t<div data-elementor-type=\"wp-page\" data-elementor-id=\"447844\" class=\"elementor elementor-447844 elementor-141821\">\n\t\t\t\t\t\t<section class=\"elementor-section elementor-top-section elementor-element elementor-element-48d21aa6 elementor-section-full_width elementor-section-height-default elementor-section-height-default\" data-id=\"48d21aa6\" data-element_type=\"section\">\n\t\t\t\t\t\t<div class=\"elementor-container elementor-column-gap-default\">\n\t\t\t\t\t<div class=\"elementor-column elementor-col-100 elementor-top-column elementor-element elementor-element-6565d4d3\" data-id=\"6565d4d3\" data-element_type=\"column\">\n\t\t\t<div class=\"elementor-widget-wrap elementor-element-populated\">\n\t\t\t\t\t\t<div class=\"elementor-element elementor-element-4c337e7a elementor-widget elementor-widget-text-editor\" data-id=\"4c337e7a\" data-element_type=\"widget\" data-widget_type=\"text-editor.default\">\n\t\t\t\t<div class=\"elementor-widget-container\">\n\t\t\t\t\t\t\t\t\t<h2 class=\"contact-page-title\">Terms and Conditions<\/h2>\t\t\t\t\t\t\t\t<\/div>\n\t\t\t\t<\/div>\n\t\t\t\t<div class=\"elementor-element elementor-element-13d47f8f elementor-widget__width-auto elementor-widget-divider--view-line elementor-widget elementor-widget-divider\" data-id=\"13d47f8f\" data-element_type=\"widget\" data-widget_type=\"divider.default\">\n\t\t\t\t<div class=\"elementor-widget-container\">\n\t\t\t\t\t\t\t<div class=\"elementor-divider\">\n\t\t\t<span class=\"elementor-divider-separator\">\n\t\t\t\t\t\t<\/span>\n\t\t<\/div>\n\t\t\t\t\t\t<\/div>\n\t\t\t\t<\/div>\n\t\t\t\t\t<\/div>\n\t\t<\/div>\n\t\t\t\t\t<\/div>\n\t\t<\/section>\n\t\t\t\t<section class=\"elementor-section elementor-top-section elementor-element elementor-element-3bc3082 elementor-section-full_width elementor-section-height-default elementor-section-height-default\" data-id=\"3bc3082\" data-element_type=\"section\">\n\t\t\t\t\t\t<div class=\"elementor-container elementor-column-gap-default\">\n\t\t\t\t\t<div class=\"elementor-column elementor-col-100 elementor-top-column elementor-element elementor-element-aa69ec9\" data-id=\"aa69ec9\" data-element_type=\"column\">\n\t\t\t<div class=\"elementor-widget-wrap elementor-element-populated\">\n\t\t\t\t\t\t<div class=\"elementor-element elementor-element-19c6cac elementor-widget elementor-widget-text-editor\" data-id=\"19c6cac\" data-element_type=\"widget\" data-widget_type=\"text-editor.default\">\n\t\t\t\t<div class=\"elementor-widget-container\">\n\t\t\t\t\t\t\t\t\t<div class=\"et_pb_module et_pb_text et_pb_text_6 et_pb_text_align_left et_pb_bg_layout_light\"><div class=\"et_pb_text_inner\"><p>These general terms and conditions of sale govern all commercial relations between:<\/p><p>Casa dos Acess\u00f3rios Pinto &amp; Guedes, Lda, with the tax identification number 501523600, and its online customers (hereinafter referred to as \u201cThe Customer\u201d).<\/p><p>Prior to any transaction, the Customer confirms that he\/she has read and expressly accepts the terms and conditions by pressing the \u201cI have read and accept the store&#8217;s terms and conditions\u201d button.<\/p><p><strong>Conditions of Sale<\/strong><\/p><p>The Customer confirms that, at the time of placing the order, he has read the terms of sale listed on the screen (name, price, components, quantity, color, product specifications, etc.) and expressly declares that he accepts them without reservation. The placing of the order and its confirmation by the Customer constitutes full and complete acceptance of the terms and conditions of sale, which apply exclusively to the order in question. <\/p><p><strong>Order<\/strong><\/p><p>The Customer confirms the order by pressing the \u201cConfirm order\u201d button. The order consists of a summary of all the items that the Customer confirms by clicking on the \u201cConfirm Order\u201d button in the \u201cCheckout\u201d tab. Casa dos Acess\u00f3rios&#8217; automatic registration systems are considered to be proof of the nature, content and date of the order.  <\/p><p><strong>Order confirmation<\/strong><\/p><p>Casa dos Acess\u00f3rios confirms acceptance of the order to the Customer by email. The sale will only be completed once Casa dos Acess\u00f3rios has confirmed the order. Casa dos Acess\u00f3rios reserves the right not to confirm an order, for whatever reason, taking into account in particular the supply of products, a problem with the order received (e.g. faults in the data supplied by the Customer), an abnormal order or a foreseeable reason relating to future delivery. Casa dos Acess\u00f3rios will notify the Customer by all means at its disposal. Casa dos Acess\u00f3rios will only process an order placed by the Customer after confirmation of payment or in accordance with previously agreed conditions.    <\/p><p><strong>Delivery of orders and terms of supply<\/strong><\/p><p>The place and date of delivery of the order are chosen by the Customer at the time the order is placed. Casa dos Acess\u00f3rios reserves the right to use any carrier of its convenience to deliver the products to the address indicated by the Customer. Deliveries are made only within Portugal (mainland and islands).  <\/p><p><strong>Delivery time<\/strong><\/p><p>Orders for products in stock confirmed by 2pm (CTT) or 4pm (Nacex) will be shipped the same working day. Orders confirmed after 2pm (CTT) or 4pm (Nacex) will be shipped the next working day. Deliveries are made on the working day following their dispatch, in the case of mainland Portugal. In the archipelagos, deliveries vary between 8 and 10 working days.   <\/p><p>Delivery times for orders with out-of-stock products vary and must be analyzed on a case-by-case basis. For further clarification and information prior to purchasing the products, please contact Casa dos Acess\u00f3rios. <\/p><p><strong>Delivery costs and other supply conditions<\/strong><\/p><p>Delivery costs vary depending on the weight, size and delivery address of the Customer. When placing an order, the Customer undertakes to sign the delivery note presented by the carrier, on which they may make any comments they feel are unavoidable. By signing the delivery note, the Customer is confirming that they have received the number of packages indicated. Any occurrences such as force majeure, accident, strike, administrative decision or transport stoppage, which may delay, prevent or render exorbitant the execution of the supply, constitute a clause of suspension or extinction of the obligations of the company Casa dos Acess\u00f3rios Pinto &amp; Guedes, Lda, without any right to compensation for the Customer.   <\/p><p><strong>Shipping<\/strong><\/p><p>Deliveries will be made by the courier during normal business hours. Please select the shipping address so that someone can pick up the products. <\/p><p><strong>Transport damage<\/strong><\/p><p><span data-ogsc=\"black\" data-ogsb=\"white\">Casa dos Acess\u00f3rios guarantees that all items are packed with the utmost care to protect the products purchased during transportation to their destination. <\/span><span data-ogsc=\"black\" data-ogsb=\"white\">Upon delivery, you should check that the packaging is undamaged and properly sealed. <\/span><span data-ogsc=\"black\">In the event of any non-conformity, you should mention it on the carrier&#8217;s receipt sheet, such as \u201cDamaged box\u201d, \u201cBox with fall marks\u201d, \u201cBox without tape\u201d, so that a service claim can be made immediately and transport insurance activated.<\/span><\/p><p data-ogsb=\"white\"><span data-ogsc=\"black\" data-ogsb=\"white\">However, after accepting the order and while opening it, if you detect any damage caused by transportation, you must contact Casa dos Acess\u00f3rios immediately (on the day of delivery &#8211; within 24 hours), with details of the damage and photographs to prove it, both of the items and of the outer packaging. <\/span><span data-ogsc=\"black\" data-ogsb=\"white\">Casa dos Acess\u00f3rios will open an investigation procedure with the transport company, the result of which will be communicated to the Customer within a maximum of 14 working days.<\/span><\/p><p><strong>Price<\/strong><\/p><p>All prices indicated are in Euros. The price invoiced to the Customer is the price indicated on the order confirmation sent by Casa dos Acess\u00f3rios. <\/p><p><strong>Product sheet<\/strong><\/p><p>The photographs illustrating the products are merely indicative. The accompanying texts are a reproduction of the information on the packaging or the instructions for use. Any differences between the photographs and the products should only be minimal and do not imply any change in the main specifications of the products. The color of the products displayed in the online store may differ from the actual color of the product.   <\/p><p><strong>Payment terms<\/strong><\/p><p>The product(s) ordered will be included in the order to be received by the customer. Payment for products and services will be made at the end of the order process, by one of the following means: ATM reference, MB Way or bank transfer. In the case of the latter, proof of payment must be sent to <a href=\"mailto:comercial@casadosacess%C3%B3rios.pt\">comercial@casadosacess\u00f3rios.pt<\/a>.  <\/p><p><strong>New General Data Protection Regulation<\/strong><\/p><p>In accordance with the new General Data Protection Regulation (GDPR), which came into force on May 25, 2018, Casa dos Acess\u00f3rios has decided to review its database and clarify for what purposes the data is used. The records include data that has been obtained throughout the commercial relationship that the Customer has established with CASA DOS ACESS\u00d3RIOS PINTO &amp; GUEDES, LDA, as well as following the various interactions made between both parties. Casa dos Acess\u00f3rios uses the data solely for accounting purposes, commercial campaigns and\/or targeted marketing campaigns.  <\/p><p>CASA DOS ACESS\u00d3RIOS PINTO &amp; GUEDES, Lda. will retain the Customer&#8217;s data for the period necessary for the provision of services and\/or sale of goods, respective invoicing and compliance with legal obligations. At any time, the Customer has the right to change their data, oppose its processing, withdraw their consent and exercise the other rights provided for by law, except when the data is indispensable for the provision of commercial relations with CASA DOS ACESS\u00d3RIOS PINTO &amp; GUEDES, Lda, and is therefore mandatory, or for compliance with legal obligations to which CASA DOS ACESS\u00d3RIOS PINTO &amp; GUEDES, Lda is subject. If the Customer withdraws their consent, this does not compromise the lawfulness of the processing carried out up to that date.    <\/p><p>By accepting this regulation, the Customer is declaring that he\/she has read it and authorizes the transfer of his\/her data for the sole accounting and commercial purposes of CASA DOS ACESS\u00d3RIOS PINTO &amp; GUEDES, Lda.<\/p><p><strong>Essential Information<\/strong><\/p><p>By ordering online on our website www.casadosacessorios.pt, you consent to the collection and processing by Casa dos Acess\u00f3rios of your personal data, which you have communicated to us and which is collected through the normal operation of the website. This data (name, email address, postal address, etc.) is necessary for us to process your orders. <\/p><p><strong>Right to return products<\/strong><\/p><p>By accepting this contract, the Customer declares that he\/she is aware that Casa dos Acess\u00f3rios reserves the right not to accept returns of electronic\/electrical equipment, and we therefore recommend that the Customer unequivocally confirms the order he\/she proposes to confirm.<\/p><p>If you wish to return a product other than an electrical or electronic product purchased in our online store or in our store, you may do so within a maximum of 15 days of receiving or picking it up.<\/p><p>It is the customer&#8217;s responsibility to have the product arrive at our premises in good condition, without having been applied or used, in its original packaging with all the accessories included, accompanied by the original invoice.<\/p><p>The customer will be responsible for return shipping costs.<\/p><p>In the event of a monetary return, Casa dos Acess\u00f3rios reserves the right to refund the amount received, excluding bank charges associated with the transaction, as well as, if applicable, costs relating to the transportation of the goods.<\/p><p>The product warranty automatically expires following any intervention by personnel or services not authorized by the Brand&#8217;s Technical Services.<\/p><\/div><\/div><div class=\"et_pb_module et_pb_text et_pb_text_7 et_pb_text_align_left et_pb_bg_layout_light\"><div class=\"et_pb_text_inner\"><p><strong>Content information<\/strong><\/p><p>The reproduction, transfer, distribution or storage of the contents of the website without prior authorization (unless authorized by CASA DOS ACESS\u00d3RIOS PINTO &amp; GUEDES LDA) is expressly prohibited, whether for personal or professional purposes.<br>CASA DOS ACESS\u00d3RIOS PINTO &amp; GUEDES LDA reserves the right to modify at any time the information and commercial offer presented on: products, prices, promotions, commercial conditions and\/or services.<br>The introduction of links on the site is expressly forbidden, regardless of the intended purpose. Use of the domain for abusive purposes, and without prior authorization, is subject to legal action. <\/p><p><strong>Contact<\/strong><\/p><p>Casa dos Acess\u00f3rios Pinto &amp; Guedes, Lda<\/p><p>Rua de S. Br\u00e1s, 233<\/p><p>4000-495 Porto<\/p><p>Tel.: 225023631\/225023632<br>Call to national fixed network.<\/p><p>E-mail: <a href=\"mailto:comercial@casadosacess%C3%B3rios.pt\">comercial@casadosacess\u00f3rios.pt<\/a><\/p><\/div><\/div>\t\t\t\t\t\t\t\t<\/div>\n\t\t\t\t<\/div>\n\t\t\t\t\t<\/div>\n\t\t<\/div>\n\t\t\t\t\t<\/div>\n\t\t<\/section>\n\t\t\t\t<\/div>\n\t\t","protected":false},"excerpt":{"rendered":"<p>Terms and Conditions These general terms and conditions of sale govern all commercial relations between: Casa dos Acess\u00f3rios Pinto &amp; Guedes, Lda, with the tax identification number 501523600, and its<\/p>\n","protected":false},"author":1,"featured_media":0,"parent":0,"menu_order":0,"comment_status":"closed","ping_status":"closed","template":"","meta":{"_acf_changed":false,"footnotes":""},"acf":[],"yoast_head":"<!-- This site is optimized with the Yoast SEO plugin v21.1 - https:\/\/yoast.com\/wordpress\/plugins\/seo\/ -->\n<title>Terms and Conditions | Casa dos Acess\u00f3rios<\/title>\n<meta name=\"robots\" content=\"index, follow, max-snippet:-1, max-image-preview:large, max-video-preview:-1\" \/>\n<link rel=\"canonical\" href=\"https:\/\/cda-dev.skysigma.pt\/en\/terms-and-conditions\/\" \/>\n<meta property=\"og:locale\" content=\"en_US\" \/>\n<meta property=\"og:type\" content=\"article\" \/>\n<meta property=\"og:title\" content=\"Terms and Conditions | Casa dos Acess\u00f3rios\" \/>\n<meta property=\"og:description\" content=\"Terms and Conditions These general terms and conditions of sale govern all commercial relations between: Casa dos Acess\u00f3rios Pinto &amp; Guedes, Lda, with the tax identification number 501523600, and its\" \/>\n<meta property=\"og:url\" content=\"https:\/\/cda-dev.skysigma.pt\/en\/terms-and-conditions\/\" \/>\n<meta property=\"og:site_name\" content=\"Casa dos Acess\u00f3rios\" \/>\n<meta property=\"article:publisher\" content=\"https:\/\/www.facebook.com\/wordpress-1036313-3647719.cloudwaysapps.com\/\" \/>\n<meta property=\"article:modified_time\" content=\"2025-03-11T16:38:39+00:00\" \/>\n<meta name=\"twitter:card\" content=\"summary_large_image\" \/>\n<meta name=\"twitter:label1\" content=\"Est. reading time\" \/>\n\t<meta name=\"twitter:data1\" content=\"8 minutes\" \/>\n<script type=\"application\/ld+json\" class=\"yoast-schema-graph\">{\"@context\":\"https:\/\/schema.org\",\"@graph\":[{\"@type\":\"WebPage\",\"@id\":\"https:\/\/cda-dev.skysigma.pt\/en\/terms-and-conditions\/\",\"url\":\"https:\/\/cda-dev.skysigma.pt\/en\/terms-and-conditions\/\",\"name\":\"Terms and Conditions | Casa dos Acess\u00f3rios\",\"isPartOf\":{\"@id\":\"https:\/\/cda-dev.skysigma.pt\/#website\"},\"datePublished\":\"2023-07-03T11:19:35+00:00\",\"dateModified\":\"2025-03-11T16:38:39+00:00\",\"breadcrumb\":{\"@id\":\"https:\/\/cda-dev.skysigma.pt\/en\/terms-and-conditions\/#breadcrumb\"},\"inLanguage\":\"en-US\",\"potentialAction\":[{\"@type\":\"ReadAction\",\"target\":[\"https:\/\/cda-dev.skysigma.pt\/en\/terms-and-conditions\/\"]}]},{\"@type\":\"BreadcrumbList\",\"@id\":\"https:\/\/cda-dev.skysigma.pt\/en\/terms-and-conditions\/#breadcrumb\",\"itemListElement\":[{\"@type\":\"ListItem\",\"position\":1,\"name\":\"In\u00edcio\",\"item\":\"https:\/\/cda-dev.skysigma.pt\/\"},{\"@type\":\"ListItem\",\"position\":2,\"name\":\"Terms and Conditions\"}]},{\"@type\":\"WebSite\",\"@id\":\"https:\/\/cda-dev.skysigma.pt\/#website\",\"url\":\"https:\/\/cda-dev.skysigma.pt\/\",\"name\":\"Casa dos Acess\u00f3rios\",\"description\":\"Acess\u00f3rios e componentes eletr\u00f3nicos\",\"publisher\":{\"@id\":\"https:\/\/cda-dev.skysigma.pt\/#organization\"},\"potentialAction\":[{\"@type\":\"SearchAction\",\"target\":{\"@type\":\"EntryPoint\",\"urlTemplate\":\"https:\/\/cda-dev.skysigma.pt\/?s={search_term_string}\"},\"query-input\":\"required name=search_term_string\"}],\"inLanguage\":\"en-US\"},{\"@type\":\"Organization\",\"@id\":\"https:\/\/cda-dev.skysigma.pt\/#organization\",\"name\":\"Casa dos Acess\u00f3rios\",\"url\":\"https:\/\/cda-dev.skysigma.pt\/\",\"logo\":{\"@type\":\"ImageObject\",\"inLanguage\":\"en-US\",\"@id\":\"https:\/\/cda-dev.skysigma.pt\/#\/schema\/logo\/image\/\",\"url\":\"https:\/\/wordpress-1036313-3647719.cloudwaysapps.com\/wp-content\/uploads\/2019\/05\/CDA_logo.png\",\"contentUrl\":\"https:\/\/wordpress-1036313-3647719.cloudwaysapps.com\/wp-content\/uploads\/2019\/05\/CDA_logo.png\",\"width\":875,\"height\":131,\"caption\":\"Casa dos Acess\u00f3rios\"},\"image\":{\"@id\":\"https:\/\/cda-dev.skysigma.pt\/#\/schema\/logo\/image\/\"},\"sameAs\":[\"https:\/\/www.facebook.com\/wordpress-1036313-3647719.cloudwaysapps.com\/\"]}]}<\/script>\n<!-- \/ Yoast SEO plugin. -->","yoast_head_json":{"title":"Terms and Conditions | Casa dos Acess\u00f3rios","robots":{"index":"index","follow":"follow","max-snippet":"max-snippet:-1","max-image-preview":"max-image-preview:large","max-video-preview":"max-video-preview:-1"},"canonical":"https:\/\/cda-dev.skysigma.pt\/en\/terms-and-conditions\/","og_locale":"en_US","og_type":"article","og_title":"Terms and Conditions | Casa dos Acess\u00f3rios","og_description":"Terms and Conditions These general terms and conditions of sale govern all commercial relations between: Casa dos Acess\u00f3rios Pinto &amp; Guedes, Lda, with the tax identification number 501523600, and its","og_url":"https:\/\/cda-dev.skysigma.pt\/en\/terms-and-conditions\/","og_site_name":"Casa dos Acess\u00f3rios","article_publisher":"https:\/\/www.facebook.com\/wordpress-1036313-3647719.cloudwaysapps.com\/","article_modified_time":"2025-03-11T16:38:39+00:00","twitter_card":"summary_large_image","twitter_misc":{"Est. reading time":"8 minutes"},"schema":{"@context":"https:\/\/schema.org","@graph":[{"@type":"WebPage","@id":"https:\/\/cda-dev.skysigma.pt\/en\/terms-and-conditions\/","url":"https:\/\/cda-dev.skysigma.pt\/en\/terms-and-conditions\/","name":"Terms and Conditions | Casa dos Acess\u00f3rios","isPartOf":{"@id":"https:\/\/cda-dev.skysigma.pt\/#website"},"datePublished":"2023-07-03T11:19:35+00:00","dateModified":"2025-03-11T16:38:39+00:00","breadcrumb":{"@id":"https:\/\/cda-dev.skysigma.pt\/en\/terms-and-conditions\/#breadcrumb"},"inLanguage":"en-US","potentialAction":[{"@type":"ReadAction","target":["https:\/\/cda-dev.skysigma.pt\/en\/terms-and-conditions\/"]}]},{"@type":"BreadcrumbList","@id":"https:\/\/cda-dev.skysigma.pt\/en\/terms-and-conditions\/#breadcrumb","itemListElement":[{"@type":"ListItem","position":1,"name":"In\u00edcio","item":"https:\/\/cda-dev.skysigma.pt\/"},{"@type":"ListItem","position":2,"name":"Terms and Conditions"}]},{"@type":"WebSite","@id":"https:\/\/cda-dev.skysigma.pt\/#website","url":"https:\/\/cda-dev.skysigma.pt\/","name":"Casa dos Acess\u00f3rios","description":"Acess\u00f3rios e componentes eletr\u00f3nicos","publisher":{"@id":"https:\/\/cda-dev.skysigma.pt\/#organization"},"potentialAction":[{"@type":"SearchAction","target":{"@type":"EntryPoint","urlTemplate":"https:\/\/cda-dev.skysigma.pt\/?s={search_term_string}"},"query-input":"required name=search_term_string"}],"inLanguage":"en-US"},{"@type":"Organization","@id":"https:\/\/cda-dev.skysigma.pt\/#organization","name":"Casa dos Acess\u00f3rios","url":"https:\/\/cda-dev.skysigma.pt\/","logo":{"@type":"ImageObject","inLanguage":"en-US","@id":"https:\/\/cda-dev.skysigma.pt\/#\/schema\/logo\/image\/","url":"https:\/\/wordpress-1036313-3647719.cloudwaysapps.com\/wp-content\/uploads\/2019\/05\/CDA_logo.png","contentUrl":"https:\/\/wordpress-1036313-3647719.cloudwaysapps.com\/wp-content\/uploads\/2019\/05\/CDA_logo.png","width":875,"height":131,"caption":"Casa dos Acess\u00f3rios"},"image":{"@id":"https:\/\/cda-dev.skysigma.pt\/#\/schema\/logo\/image\/"},"sameAs":["https:\/\/www.facebook.com\/wordpress-1036313-3647719.cloudwaysapps.com\/"]}]}},"_links":{"self":[{"href":"https:\/\/cda-dev.skysigma.pt\/en\/wp-json\/wp\/v2\/pages\/447844"}],"collection":[{"href":"https:\/\/cda-dev.skysigma.pt\/en\/wp-json\/wp\/v2\/pages"}],"about":[{"href":"https:\/\/cda-dev.skysigma.pt\/en\/wp-json\/wp\/v2\/types\/page"}],"author":[{"embeddable":true,"href":"https:\/\/cda-dev.skysigma.pt\/en\/wp-json\/wp\/v2\/users\/1"}],"replies":[{"embeddable":true,"href":"https:\/\/cda-dev.skysigma.pt\/en\/wp-json\/wp\/v2\/comments?post=447844"}],"version-history":[{"count":1,"href":"https:\/\/cda-dev.skysigma.pt\/en\/wp-json\/wp\/v2\/pages\/447844\/revisions"}],"predecessor-version":[{"id":447845,"href":"https:\/\/cda-dev.skysigma.pt\/en\/wp-json\/wp\/v2\/pages\/447844\/revisions\/447845"}],"wp:attachment":[{"href":"https:\/\/cda-dev.skysigma.pt\/en\/wp-json\/wp\/v2\/media?parent=447844"}],"curies":[{"name":"wp","href":"https:\/\/api.w.org\/{rel}","templated":true}]}}