{"id":447816,"date":"2023-07-03T11:41:09","date_gmt":"2023-07-03T10:41:09","guid":{"rendered":"https:\/\/cda-dev.skysigma.pt\/privacy-policy\/"},"modified":"2025-03-11T16:46:19","modified_gmt":"2025-03-11T15:46:19","slug":"privacy-policy","status":"publish","type":"page","link":"https:\/\/cda-dev.skysigma.pt\/en\/privacy-policy\/","title":{"rendered":"Privacy Policy"},"content":{"rendered":"\t\t<div data-elementor-type=\"wp-page\" data-elementor-id=\"447816\" class=\"elementor elementor-447816 elementor-141804\">\n\t\t\t\t\t\t<section class=\"elementor-section elementor-top-section elementor-element elementor-element-bb60dab elementor-section-full_width elementor-section-height-default elementor-section-height-default\" data-id=\"bb60dab\" data-element_type=\"section\">\n\t\t\t\t\t\t<div class=\"elementor-container elementor-column-gap-default\">\n\t\t\t\t\t<div class=\"elementor-column elementor-col-100 elementor-top-column elementor-element elementor-element-1ace04a9\" data-id=\"1ace04a9\" data-element_type=\"column\">\n\t\t\t<div class=\"elementor-widget-wrap elementor-element-populated\">\n\t\t\t\t\t\t<div class=\"elementor-element elementor-element-10979d86 elementor-widget elementor-widget-text-editor\" data-id=\"10979d86\" data-element_type=\"widget\" data-widget_type=\"text-editor.default\">\n\t\t\t\t<div class=\"elementor-widget-container\">\n\t\t\t\t\t\t\t\t\t<h2 class=\"contact-page-title\">Privacy Policy<\/h2>\t\t\t\t\t\t\t\t<\/div>\n\t\t\t\t<\/div>\n\t\t\t\t<div class=\"elementor-element elementor-element-3e905b17 elementor-widget__width-auto elementor-widget-divider--view-line elementor-widget elementor-widget-divider\" data-id=\"3e905b17\" data-element_type=\"widget\" data-widget_type=\"divider.default\">\n\t\t\t\t<div class=\"elementor-widget-container\">\n\t\t\t\t\t\t\t<div class=\"elementor-divider\">\n\t\t\t<span class=\"elementor-divider-separator\">\n\t\t\t\t\t\t<\/span>\n\t\t<\/div>\n\t\t\t\t\t\t<\/div>\n\t\t\t\t<\/div>\n\t\t\t\t\t<\/div>\n\t\t<\/div>\n\t\t\t\t\t<\/div>\n\t\t<\/section>\n\t\t\t\t<section class=\"elementor-section elementor-top-section elementor-element elementor-element-b2a876c elementor-section-full_width elementor-section-height-default elementor-section-height-default\" data-id=\"b2a876c\" data-element_type=\"section\">\n\t\t\t\t\t\t<div class=\"elementor-container elementor-column-gap-default\">\n\t\t\t\t\t<div class=\"elementor-column elementor-col-100 elementor-top-column elementor-element elementor-element-2669ac5\" data-id=\"2669ac5\" data-element_type=\"column\">\n\t\t\t<div class=\"elementor-widget-wrap elementor-element-populated\">\n\t\t\t\t\t\t<div class=\"elementor-element elementor-element-15dc3e1 elementor-widget elementor-widget-text-editor\" data-id=\"15dc3e1\" data-element_type=\"widget\" data-widget_type=\"text-editor.default\">\n\t\t\t\t<div class=\"elementor-widget-container\">\n\t\t\t\t\t\t\t\t\t<p>This privacy policy applies to all personal data collected via the <a href=\"https:\/\/casadosacessorios.pt\/\">www.casadosacessorios.pt<\/a> website.<\/p><p><strong>Data Controller<\/strong><br>Casa Acess\u00f3rios Pinto &amp; Guedes Lda, with tax identification number 501523600, with registered office at Rua S\u00e3o Br\u00e1s 233, Porto<br>4000-495 Porto, Portugal, with email <a href=\"mailto:comercial@casadosacessorios.pt\">comercial@casadosacessorios.pt<\/a>, is the Data Controller of your personal data.<\/p><p><strong>Data collection<\/strong><br>Personal data collected through this website for users to purchase products or obtain information via the contact page:<br>1. Name;<br>2. Email;<br>3. Telephone number;<br>4. Address;<\/p><p><strong>Purposes of Processing<\/strong><br>The personal data processed through this website will only be used for the following purposes:<\/p><p>1. Communicating with customers and answering questions;<br>2. Processing requests for information;<br>3. Direct marketing communications with proper consent;<br>4. Requesting services\/products;<br>5. Compliance with legal obligations;<br>6. Improvements in the quality of the service provided;<\/p><p><strong>Retention period<\/strong><br>Your data will only be kept for as long as is necessary for the purpose for which it was collected or, as the case may be, until you exercise your right to object or right to erasure.<\/p><p><strong>Consent<\/strong><br>By consenting to this privacy policy, you are giving permission to process your personal data specifically for the purposes identified and selected. If consent is legally required for the processing of personal data, the data subject has the right to withdraw their consent at any time, although this right does not compromise the lawfulness of the processing carried out on the basis of the consent previously given, nor the subsequent processing of the same data based on another legal basis, such as a legal obligation to which Casa Acess\u00f3rios Pinto &amp; Guedes Lda is subject. To withdraw your consent, you can contact us by letter or e-mail at <a href=\"mailto:comercial@casadosacessorios.pt\">comercial@casadosacessorios.pt<\/a>.  <\/p><p><strong>Users&#8217; rights<\/strong><br>Users may exercise their rights of access, rectification, erasure, limitation, opposition and portability at any time by requesting any of the following means:<\/p><p>Mail:<br>Rua S\u00e3o Br\u00e1s 233<br>4000-495 Porto, Portugal<\/p><p>E-mail: <a href=\"mailto:comercial@casadosacessorios.pt\">comercial@casadosacessorios.pt<\/a><\/p><p>The data subject may also submit complaints about data processing to the National Data Protection Commission.<\/p><p><strong>Transmission of Data<\/strong><br>The processing of user data may be carried out by a suitable service provider contracted by Casa Acess\u00f3rios Pinto &amp; Guedes Lda. When this happens, Casa Acess\u00f3rios Pinto &amp; Guedes Lda will take the appropriate measures to ensure that the entities that have access to the data offer the highest guarantees with regard to data protection. Therefore, any subcontractor will process Users&#8217; personal data in the name and on behalf of Casa Acess\u00f3rios Pinto &amp; Guedes Lda, in strict compliance with the legal rules on personal data protection, information security and other applicable rules. This is the case with companies providing transportation services and the tax authorities.   <\/p><p><strong>International Data Transfers<\/strong><br>Casa Acess\u00f3rios Pinto &amp; Guedes Lda may, within the scope of the purposes described, transfer your user data outside the territory of the European Economic Area (EEA). In these cases, it will strictly comply with the applicable legal provisions, namely determining the suitability of the destination country(ies) with regard to the protection of personal data and the requirements applicable to such transfers. <\/p><p><strong>Compulsory nature of the data requested<\/strong><br>The data contained in the customer record, identified with an asterisk (*), must be filled in in order to fulfill the established purpose. Therefore, if the user does not provide this information, Casa Acess\u00f3rios Pinto &amp; Guedes Lda will not be able to respond to the user&#8217;s request. <\/p><p><strong>Automated Decisions<\/strong><br>Casa Acess\u00f3rios Pinto &amp; Guedes Lda may create user profiles, which will allow automated decisions to be made based on personal characteristics, preferences, behavioral history and location. In these cases, the user will have the right to obtain human intervention in the decision, to express their point of view and to challenge the decision adopted. <\/p><p><strong>Personal Data Protection Measures<\/strong><br>Casa Acess\u00f3rios Pinto &amp; Guedes Lda applies a number of appropriate technical and organizational measures to protect users&#8217; personal data.<\/p><p><strong>Use of cookies<\/strong><br>The Cookies policy is available on the website.<\/p><p><strong>Changes to the Privacy<\/strong> Policy<br>From time to time, Casa Acess\u00f3rios Pinto &amp; Guedes Lda may update this Privacy Policy. We ask that you periodically review this document to keep up to date. <\/p>\t\t\t\t\t\t\t\t<\/div>\n\t\t\t\t<\/div>\n\t\t\t\t\t<\/div>\n\t\t<\/div>\n\t\t\t\t\t<\/div>\n\t\t<\/section>\n\t\t\t\t<section class=\"elementor-section elementor-top-section elementor-element elementor-element-a49de23 elementor-section-boxed elementor-section-height-default elementor-section-height-default\" data-id=\"a49de23\" data-element_type=\"section\">\n\t\t\t\t\t\t<div class=\"elementor-container elementor-column-gap-default\">\n\t\t\t\t\t<div class=\"elementor-column elementor-col-100 elementor-top-column elementor-element elementor-element-dfd4bcf\" data-id=\"dfd4bcf\" data-element_type=\"column\">\n\t\t\t<div class=\"elementor-widget-wrap\">\n\t\t\t\t\t\t\t<\/div>\n\t\t<\/div>\n\t\t\t\t\t<\/div>\n\t\t<\/section>\n\t\t\t\t<\/div>\n\t\t","protected":false},"excerpt":{"rendered":"<p>Privacy Policy This privacy policy applies to all personal data collected via the www.casadosacessorios.pt website. Data ControllerCasa Acess\u00f3rios Pinto &amp; Guedes Lda, with tax identification number 501523600, with registered office<\/p>\n","protected":false},"author":1,"featured_media":0,"parent":0,"menu_order":0,"comment_status":"closed","ping_status":"closed","template":"","meta":{"_acf_changed":false,"footnotes":""},"acf":[],"yoast_head":"<!-- This site is optimized with the Yoast SEO plugin v21.1 - https:\/\/yoast.com\/wordpress\/plugins\/seo\/ -->\n<title>Privacy Policy | Casa dos Acess\u00f3rios<\/title>\n<meta name=\"robots\" content=\"index, follow, max-snippet:-1, max-image-preview:large, max-video-preview:-1\" \/>\n<link rel=\"canonical\" href=\"https:\/\/cda-dev.skysigma.pt\/en\/privacy-policy\/\" \/>\n<meta property=\"og:locale\" content=\"en_US\" \/>\n<meta property=\"og:type\" content=\"article\" \/>\n<meta property=\"og:title\" content=\"Privacy Policy | Casa dos Acess\u00f3rios\" \/>\n<meta property=\"og:description\" content=\"Privacy Policy This privacy policy applies to all personal data collected via the www.casadosacessorios.pt website. Data ControllerCasa Acess\u00f3rios Pinto &amp; Guedes Lda, with tax identification number 501523600, with registered office\" \/>\n<meta property=\"og:url\" content=\"https:\/\/cda-dev.skysigma.pt\/en\/privacy-policy\/\" \/>\n<meta property=\"og:site_name\" content=\"Casa dos Acess\u00f3rios\" \/>\n<meta property=\"article:publisher\" content=\"https:\/\/www.facebook.com\/wordpress-1036313-3647719.cloudwaysapps.com\/\" \/>\n<meta property=\"article:modified_time\" content=\"2025-03-11T15:46:19+00:00\" \/>\n<meta name=\"twitter:card\" content=\"summary_large_image\" \/>\n<meta name=\"twitter:label1\" content=\"Est. reading time\" \/>\n\t<meta name=\"twitter:data1\" content=\"3 minutes\" \/>\n<script type=\"application\/ld+json\" class=\"yoast-schema-graph\">{\"@context\":\"https:\/\/schema.org\",\"@graph\":[{\"@type\":\"WebPage\",\"@id\":\"https:\/\/cda-dev.skysigma.pt\/en\/privacy-policy\/\",\"url\":\"https:\/\/cda-dev.skysigma.pt\/en\/privacy-policy\/\",\"name\":\"Privacy Policy | Casa dos Acess\u00f3rios\",\"isPartOf\":{\"@id\":\"https:\/\/cda-dev.skysigma.pt\/#website\"},\"datePublished\":\"2023-07-03T10:41:09+00:00\",\"dateModified\":\"2025-03-11T15:46:19+00:00\",\"breadcrumb\":{\"@id\":\"https:\/\/cda-dev.skysigma.pt\/en\/privacy-policy\/#breadcrumb\"},\"inLanguage\":\"en-US\",\"potentialAction\":[{\"@type\":\"ReadAction\",\"target\":[\"https:\/\/cda-dev.skysigma.pt\/en\/privacy-policy\/\"]}]},{\"@type\":\"BreadcrumbList\",\"@id\":\"https:\/\/cda-dev.skysigma.pt\/en\/privacy-policy\/#breadcrumb\",\"itemListElement\":[{\"@type\":\"ListItem\",\"position\":1,\"name\":\"In\u00edcio\",\"item\":\"https:\/\/cda-dev.skysigma.pt\/\"},{\"@type\":\"ListItem\",\"position\":2,\"name\":\"Privacy Policy\"}]},{\"@type\":\"WebSite\",\"@id\":\"https:\/\/cda-dev.skysigma.pt\/#website\",\"url\":\"https:\/\/cda-dev.skysigma.pt\/\",\"name\":\"Casa dos Acess\u00f3rios\",\"description\":\"Acess\u00f3rios e componentes eletr\u00f3nicos\",\"publisher\":{\"@id\":\"https:\/\/cda-dev.skysigma.pt\/#organization\"},\"potentialAction\":[{\"@type\":\"SearchAction\",\"target\":{\"@type\":\"EntryPoint\",\"urlTemplate\":\"https:\/\/cda-dev.skysigma.pt\/?s={search_term_string}\"},\"query-input\":\"required name=search_term_string\"}],\"inLanguage\":\"en-US\"},{\"@type\":\"Organization\",\"@id\":\"https:\/\/cda-dev.skysigma.pt\/#organization\",\"name\":\"Casa dos Acess\u00f3rios\",\"url\":\"https:\/\/cda-dev.skysigma.pt\/\",\"logo\":{\"@type\":\"ImageObject\",\"inLanguage\":\"en-US\",\"@id\":\"https:\/\/cda-dev.skysigma.pt\/#\/schema\/logo\/image\/\",\"url\":\"https:\/\/wordpress-1036313-3647719.cloudwaysapps.com\/wp-content\/uploads\/2019\/05\/CDA_logo.png\",\"contentUrl\":\"https:\/\/wordpress-1036313-3647719.cloudwaysapps.com\/wp-content\/uploads\/2019\/05\/CDA_logo.png\",\"width\":875,\"height\":131,\"caption\":\"Casa dos Acess\u00f3rios\"},\"image\":{\"@id\":\"https:\/\/cda-dev.skysigma.pt\/#\/schema\/logo\/image\/\"},\"sameAs\":[\"https:\/\/www.facebook.com\/wordpress-1036313-3647719.cloudwaysapps.com\/\"]}]}<\/script>\n<!-- \/ Yoast SEO plugin. -->","yoast_head_json":{"title":"Privacy Policy | Casa dos Acess\u00f3rios","robots":{"index":"index","follow":"follow","max-snippet":"max-snippet:-1","max-image-preview":"max-image-preview:large","max-video-preview":"max-video-preview:-1"},"canonical":"https:\/\/cda-dev.skysigma.pt\/en\/privacy-policy\/","og_locale":"en_US","og_type":"article","og_title":"Privacy Policy | Casa dos Acess\u00f3rios","og_description":"Privacy Policy This privacy policy applies to all personal data collected via the www.casadosacessorios.pt website. Data ControllerCasa Acess\u00f3rios Pinto &amp; Guedes Lda, with tax identification number 501523600, with registered office","og_url":"https:\/\/cda-dev.skysigma.pt\/en\/privacy-policy\/","og_site_name":"Casa dos Acess\u00f3rios","article_publisher":"https:\/\/www.facebook.com\/wordpress-1036313-3647719.cloudwaysapps.com\/","article_modified_time":"2025-03-11T15:46:19+00:00","twitter_card":"summary_large_image","twitter_misc":{"Est. reading time":"3 minutes"},"schema":{"@context":"https:\/\/schema.org","@graph":[{"@type":"WebPage","@id":"https:\/\/cda-dev.skysigma.pt\/en\/privacy-policy\/","url":"https:\/\/cda-dev.skysigma.pt\/en\/privacy-policy\/","name":"Privacy Policy | Casa dos Acess\u00f3rios","isPartOf":{"@id":"https:\/\/cda-dev.skysigma.pt\/#website"},"datePublished":"2023-07-03T10:41:09+00:00","dateModified":"2025-03-11T15:46:19+00:00","breadcrumb":{"@id":"https:\/\/cda-dev.skysigma.pt\/en\/privacy-policy\/#breadcrumb"},"inLanguage":"en-US","potentialAction":[{"@type":"ReadAction","target":["https:\/\/cda-dev.skysigma.pt\/en\/privacy-policy\/"]}]},{"@type":"BreadcrumbList","@id":"https:\/\/cda-dev.skysigma.pt\/en\/privacy-policy\/#breadcrumb","itemListElement":[{"@type":"ListItem","position":1,"name":"In\u00edcio","item":"https:\/\/cda-dev.skysigma.pt\/"},{"@type":"ListItem","position":2,"name":"Privacy Policy"}]},{"@type":"WebSite","@id":"https:\/\/cda-dev.skysigma.pt\/#website","url":"https:\/\/cda-dev.skysigma.pt\/","name":"Casa dos Acess\u00f3rios","description":"Acess\u00f3rios e componentes eletr\u00f3nicos","publisher":{"@id":"https:\/\/cda-dev.skysigma.pt\/#organization"},"potentialAction":[{"@type":"SearchAction","target":{"@type":"EntryPoint","urlTemplate":"https:\/\/cda-dev.skysigma.pt\/?s={search_term_string}"},"query-input":"required name=search_term_string"}],"inLanguage":"en-US"},{"@type":"Organization","@id":"https:\/\/cda-dev.skysigma.pt\/#organization","name":"Casa dos Acess\u00f3rios","url":"https:\/\/cda-dev.skysigma.pt\/","logo":{"@type":"ImageObject","inLanguage":"en-US","@id":"https:\/\/cda-dev.skysigma.pt\/#\/schema\/logo\/image\/","url":"https:\/\/wordpress-1036313-3647719.cloudwaysapps.com\/wp-content\/uploads\/2019\/05\/CDA_logo.png","contentUrl":"https:\/\/wordpress-1036313-3647719.cloudwaysapps.com\/wp-content\/uploads\/2019\/05\/CDA_logo.png","width":875,"height":131,"caption":"Casa dos Acess\u00f3rios"},"image":{"@id":"https:\/\/cda-dev.skysigma.pt\/#\/schema\/logo\/image\/"},"sameAs":["https:\/\/www.facebook.com\/wordpress-1036313-3647719.cloudwaysapps.com\/"]}]}},"_links":{"self":[{"href":"https:\/\/cda-dev.skysigma.pt\/en\/wp-json\/wp\/v2\/pages\/447816"}],"collection":[{"href":"https:\/\/cda-dev.skysigma.pt\/en\/wp-json\/wp\/v2\/pages"}],"about":[{"href":"https:\/\/cda-dev.skysigma.pt\/en\/wp-json\/wp\/v2\/types\/page"}],"author":[{"embeddable":true,"href":"https:\/\/cda-dev.skysigma.pt\/en\/wp-json\/wp\/v2\/users\/1"}],"replies":[{"embeddable":true,"href":"https:\/\/cda-dev.skysigma.pt\/en\/wp-json\/wp\/v2\/comments?post=447816"}],"version-history":[{"count":1,"href":"https:\/\/cda-dev.skysigma.pt\/en\/wp-json\/wp\/v2\/pages\/447816\/revisions"}],"predecessor-version":[{"id":447817,"href":"https:\/\/cda-dev.skysigma.pt\/en\/wp-json\/wp\/v2\/pages\/447816\/revisions\/447817"}],"wp:attachment":[{"href":"https:\/\/cda-dev.skysigma.pt\/en\/wp-json\/wp\/v2\/media?parent=447816"}],"curies":[{"name":"wp","href":"https:\/\/api.w.org\/{rel}","templated":true}]}}