{"id":447808,"date":"2023-07-03T11:55:25","date_gmt":"2023-07-03T10:55:25","guid":{"rendered":"https:\/\/cda-dev.skysigma.pt\/returns-policy\/"},"modified":"2025-03-11T16:31:37","modified_gmt":"2025-03-11T15:31:37","slug":"returns-policy","status":"publish","type":"page","link":"https:\/\/cda-dev.skysigma.pt\/en\/returns-policy\/","title":{"rendered":"Returns policy"},"content":{"rendered":"\t\t<div data-elementor-type=\"wp-page\" data-elementor-id=\"447808\" class=\"elementor elementor-447808 elementor-141816\">\n\t\t\t\t\t\t<section class=\"elementor-section elementor-top-section elementor-element elementor-element-edbb6af elementor-section-full_width elementor-section-height-default elementor-section-height-default\" data-id=\"edbb6af\" data-element_type=\"section\">\n\t\t\t\t\t\t<div class=\"elementor-container elementor-column-gap-default\">\n\t\t\t\t\t<div class=\"elementor-column elementor-col-100 elementor-top-column elementor-element elementor-element-48a98635\" data-id=\"48a98635\" data-element_type=\"column\">\n\t\t\t<div class=\"elementor-widget-wrap elementor-element-populated\">\n\t\t\t\t\t\t<div class=\"elementor-element elementor-element-46acadd8 elementor-widget elementor-widget-text-editor\" data-id=\"46acadd8\" data-element_type=\"widget\" data-widget_type=\"text-editor.default\">\n\t\t\t\t<div class=\"elementor-widget-container\">\n\t\t\t\t\t\t\t\t\t<h2 class=\"contact-page-title\">Returns policy<\/h2>\t\t\t\t\t\t\t\t<\/div>\n\t\t\t\t<\/div>\n\t\t\t\t<div class=\"elementor-element elementor-element-685f772a elementor-widget__width-auto elementor-widget-divider--view-line elementor-widget elementor-widget-divider\" data-id=\"685f772a\" data-element_type=\"widget\" data-widget_type=\"divider.default\">\n\t\t\t\t<div class=\"elementor-widget-container\">\n\t\t\t\t\t\t\t<div class=\"elementor-divider\">\n\t\t\t<span class=\"elementor-divider-separator\">\n\t\t\t\t\t\t<\/span>\n\t\t<\/div>\n\t\t\t\t\t\t<\/div>\n\t\t\t\t<\/div>\n\t\t\t\t\t<\/div>\n\t\t<\/div>\n\t\t\t\t\t<\/div>\n\t\t<\/section>\n\t\t\t\t<section class=\"elementor-section elementor-top-section elementor-element elementor-element-d3b862e elementor-section-full_width elementor-section-height-default elementor-section-height-default\" data-id=\"d3b862e\" data-element_type=\"section\">\n\t\t\t\t\t\t<div class=\"elementor-container elementor-column-gap-default\">\n\t\t\t\t\t<div class=\"elementor-column elementor-col-100 elementor-top-column elementor-element elementor-element-6200eea\" data-id=\"6200eea\" data-element_type=\"column\">\n\t\t\t<div class=\"elementor-widget-wrap elementor-element-populated\">\n\t\t\t\t\t\t<div class=\"elementor-element elementor-element-88151f7 elementor-widget elementor-widget-text-editor\" data-id=\"88151f7\" data-element_type=\"widget\" data-widget_type=\"text-editor.default\">\n\t\t\t\t<div class=\"elementor-widget-container\">\n\t\t\t\t\t\t\t\t\t<h5 class=\"block-title\">Casa dos Acess\u00f3rios returns policy<\/h5><p class=\"block-text\">If you have purchased an item from Casa dos Acess\u00f3rios, you have 14 days to return your order.<br>Returns can be made provided that the item is in the same condition as it was sold, in its original packaging and accompanied by all its accessories.<\/p><p class=\"block-text\">You can do this by contacting Casa dos Acess\u00f3rios on 225 023 631 \/ 632, national landline, or via <a href=\"mailto:comercial@casadosacess%C3%B3rios.pt\">comercial@casadosacess\u00f3rios.pt.<\/a><br>We will provide you with all the information you need to make your return, and returns will only be accepted if you contact Casa dos Acess\u00f3rios in advance.<\/p><h5 class=\"block-title\">The return conditions are:<\/h5><ol class=\"block-text\"><li>Items with no signs of use;<\/li><li>Return of the complete item, with all its accessories, including original packaging in perfect condition;<\/li><li>Return deadline up to the 14th consecutive day from the day of delivery;<\/li><li>Casa dos Acess\u00f3rios reserves the right not to accept returns of electronic\/electrical equipment, and recommends that the Customer unequivocally confirms the order they intend to complete;<\/li><li>In the event of a monetary return, Casa dos Acess\u00f3rios reserves the right to refund the amount received, excluding bank charges associated with the transaction, as well as, if applicable, costs relating to the transportation of the goods.<\/li><\/ol>\t\t\t\t\t\t\t\t<\/div>\n\t\t\t\t<\/div>\n\t\t\t\t\t<\/div>\n\t\t<\/div>\n\t\t\t\t\t<\/div>\n\t\t<\/section>\n\t\t\t\t<section class=\"elementor-section elementor-top-section elementor-element elementor-element-2178e96 elementor-section-boxed elementor-section-height-default elementor-section-height-default\" data-id=\"2178e96\" data-element_type=\"section\">\n\t\t\t\t\t\t<div class=\"elementor-container elementor-column-gap-default\">\n\t\t\t\t\t<div class=\"elementor-column elementor-col-100 elementor-top-column elementor-element elementor-element-90f934a\" data-id=\"90f934a\" data-element_type=\"column\">\n\t\t\t<div class=\"elementor-widget-wrap\">\n\t\t\t\t\t\t\t<\/div>\n\t\t<\/div>\n\t\t\t\t\t<\/div>\n\t\t<\/section>\n\t\t\t\t<\/div>\n\t\t","protected":false},"excerpt":{"rendered":"<p>Returns policy Casa dos Acess\u00f3rios returns policy If you have purchased an item from Casa dos Acess\u00f3rios, you have 14 days to return your order.Returns can be made provided that<\/p>\n","protected":false},"author":1,"featured_media":0,"parent":0,"menu_order":0,"comment_status":"closed","ping_status":"closed","template":"","meta":{"_acf_changed":false,"footnotes":""},"acf":[],"yoast_head":"<!-- This site is optimized with the Yoast SEO plugin v21.1 - https:\/\/yoast.com\/wordpress\/plugins\/seo\/ -->\n<title>Returns policy | Casa dos Acess\u00f3rios<\/title>\n<meta name=\"robots\" content=\"index, follow, max-snippet:-1, max-image-preview:large, max-video-preview:-1\" \/>\n<link rel=\"canonical\" href=\"https:\/\/cda-dev.skysigma.pt\/en\/returns-policy\/\" \/>\n<meta property=\"og:locale\" content=\"en_US\" \/>\n<meta property=\"og:type\" content=\"article\" \/>\n<meta property=\"og:title\" content=\"Returns policy | Casa dos Acess\u00f3rios\" \/>\n<meta property=\"og:description\" content=\"Returns policy Casa dos Acess\u00f3rios returns policy If you have purchased an item from Casa dos Acess\u00f3rios, you have 14 days to return your order.Returns can be made provided that\" \/>\n<meta property=\"og:url\" content=\"https:\/\/cda-dev.skysigma.pt\/en\/returns-policy\/\" \/>\n<meta property=\"og:site_name\" content=\"Casa dos Acess\u00f3rios\" \/>\n<meta property=\"article:publisher\" content=\"https:\/\/www.facebook.com\/wordpress-1036313-3647719.cloudwaysapps.com\/\" \/>\n<meta property=\"article:modified_time\" content=\"2025-03-11T15:31:37+00:00\" \/>\n<meta name=\"twitter:card\" content=\"summary_large_image\" \/>\n<meta name=\"twitter:label1\" content=\"Est. reading time\" \/>\n\t<meta name=\"twitter:data1\" content=\"1 minute\" \/>\n<script type=\"application\/ld+json\" class=\"yoast-schema-graph\">{\"@context\":\"https:\/\/schema.org\",\"@graph\":[{\"@type\":\"WebPage\",\"@id\":\"https:\/\/cda-dev.skysigma.pt\/en\/returns-policy\/\",\"url\":\"https:\/\/cda-dev.skysigma.pt\/en\/returns-policy\/\",\"name\":\"Returns policy | Casa dos Acess\u00f3rios\",\"isPartOf\":{\"@id\":\"https:\/\/cda-dev.skysigma.pt\/#website\"},\"datePublished\":\"2023-07-03T10:55:25+00:00\",\"dateModified\":\"2025-03-11T15:31:37+00:00\",\"breadcrumb\":{\"@id\":\"https:\/\/cda-dev.skysigma.pt\/en\/returns-policy\/#breadcrumb\"},\"inLanguage\":\"en-US\",\"potentialAction\":[{\"@type\":\"ReadAction\",\"target\":[\"https:\/\/cda-dev.skysigma.pt\/en\/returns-policy\/\"]}]},{\"@type\":\"BreadcrumbList\",\"@id\":\"https:\/\/cda-dev.skysigma.pt\/en\/returns-policy\/#breadcrumb\",\"itemListElement\":[{\"@type\":\"ListItem\",\"position\":1,\"name\":\"In\u00edcio\",\"item\":\"https:\/\/cda-dev.skysigma.pt\/\"},{\"@type\":\"ListItem\",\"position\":2,\"name\":\"Returns policy\"}]},{\"@type\":\"WebSite\",\"@id\":\"https:\/\/cda-dev.skysigma.pt\/#website\",\"url\":\"https:\/\/cda-dev.skysigma.pt\/\",\"name\":\"Casa dos Acess\u00f3rios\",\"description\":\"Acess\u00f3rios e componentes eletr\u00f3nicos\",\"publisher\":{\"@id\":\"https:\/\/cda-dev.skysigma.pt\/#organization\"},\"potentialAction\":[{\"@type\":\"SearchAction\",\"target\":{\"@type\":\"EntryPoint\",\"urlTemplate\":\"https:\/\/cda-dev.skysigma.pt\/?s={search_term_string}\"},\"query-input\":\"required name=search_term_string\"}],\"inLanguage\":\"en-US\"},{\"@type\":\"Organization\",\"@id\":\"https:\/\/cda-dev.skysigma.pt\/#organization\",\"name\":\"Casa dos Acess\u00f3rios\",\"url\":\"https:\/\/cda-dev.skysigma.pt\/\",\"logo\":{\"@type\":\"ImageObject\",\"inLanguage\":\"en-US\",\"@id\":\"https:\/\/cda-dev.skysigma.pt\/#\/schema\/logo\/image\/\",\"url\":\"https:\/\/wordpress-1036313-3647719.cloudwaysapps.com\/wp-content\/uploads\/2019\/05\/CDA_logo.png\",\"contentUrl\":\"https:\/\/wordpress-1036313-3647719.cloudwaysapps.com\/wp-content\/uploads\/2019\/05\/CDA_logo.png\",\"width\":875,\"height\":131,\"caption\":\"Casa dos Acess\u00f3rios\"},\"image\":{\"@id\":\"https:\/\/cda-dev.skysigma.pt\/#\/schema\/logo\/image\/\"},\"sameAs\":[\"https:\/\/www.facebook.com\/wordpress-1036313-3647719.cloudwaysapps.com\/\"]}]}<\/script>\n<!-- \/ Yoast SEO plugin. -->","yoast_head_json":{"title":"Returns policy | Casa dos Acess\u00f3rios","robots":{"index":"index","follow":"follow","max-snippet":"max-snippet:-1","max-image-preview":"max-image-preview:large","max-video-preview":"max-video-preview:-1"},"canonical":"https:\/\/cda-dev.skysigma.pt\/en\/returns-policy\/","og_locale":"en_US","og_type":"article","og_title":"Returns policy | Casa dos Acess\u00f3rios","og_description":"Returns policy Casa dos Acess\u00f3rios returns policy If you have purchased an item from Casa dos Acess\u00f3rios, you have 14 days to return your order.Returns can be made provided that","og_url":"https:\/\/cda-dev.skysigma.pt\/en\/returns-policy\/","og_site_name":"Casa dos Acess\u00f3rios","article_publisher":"https:\/\/www.facebook.com\/wordpress-1036313-3647719.cloudwaysapps.com\/","article_modified_time":"2025-03-11T15:31:37+00:00","twitter_card":"summary_large_image","twitter_misc":{"Est. reading time":"1 minute"},"schema":{"@context":"https:\/\/schema.org","@graph":[{"@type":"WebPage","@id":"https:\/\/cda-dev.skysigma.pt\/en\/returns-policy\/","url":"https:\/\/cda-dev.skysigma.pt\/en\/returns-policy\/","name":"Returns policy | Casa dos Acess\u00f3rios","isPartOf":{"@id":"https:\/\/cda-dev.skysigma.pt\/#website"},"datePublished":"2023-07-03T10:55:25+00:00","dateModified":"2025-03-11T15:31:37+00:00","breadcrumb":{"@id":"https:\/\/cda-dev.skysigma.pt\/en\/returns-policy\/#breadcrumb"},"inLanguage":"en-US","potentialAction":[{"@type":"ReadAction","target":["https:\/\/cda-dev.skysigma.pt\/en\/returns-policy\/"]}]},{"@type":"BreadcrumbList","@id":"https:\/\/cda-dev.skysigma.pt\/en\/returns-policy\/#breadcrumb","itemListElement":[{"@type":"ListItem","position":1,"name":"In\u00edcio","item":"https:\/\/cda-dev.skysigma.pt\/"},{"@type":"ListItem","position":2,"name":"Returns policy"}]},{"@type":"WebSite","@id":"https:\/\/cda-dev.skysigma.pt\/#website","url":"https:\/\/cda-dev.skysigma.pt\/","name":"Casa dos Acess\u00f3rios","description":"Acess\u00f3rios e componentes eletr\u00f3nicos","publisher":{"@id":"https:\/\/cda-dev.skysigma.pt\/#organization"},"potentialAction":[{"@type":"SearchAction","target":{"@type":"EntryPoint","urlTemplate":"https:\/\/cda-dev.skysigma.pt\/?s={search_term_string}"},"query-input":"required name=search_term_string"}],"inLanguage":"en-US"},{"@type":"Organization","@id":"https:\/\/cda-dev.skysigma.pt\/#organization","name":"Casa dos Acess\u00f3rios","url":"https:\/\/cda-dev.skysigma.pt\/","logo":{"@type":"ImageObject","inLanguage":"en-US","@id":"https:\/\/cda-dev.skysigma.pt\/#\/schema\/logo\/image\/","url":"https:\/\/wordpress-1036313-3647719.cloudwaysapps.com\/wp-content\/uploads\/2019\/05\/CDA_logo.png","contentUrl":"https:\/\/wordpress-1036313-3647719.cloudwaysapps.com\/wp-content\/uploads\/2019\/05\/CDA_logo.png","width":875,"height":131,"caption":"Casa dos Acess\u00f3rios"},"image":{"@id":"https:\/\/cda-dev.skysigma.pt\/#\/schema\/logo\/image\/"},"sameAs":["https:\/\/www.facebook.com\/wordpress-1036313-3647719.cloudwaysapps.com\/"]}]}},"_links":{"self":[{"href":"https:\/\/cda-dev.skysigma.pt\/en\/wp-json\/wp\/v2\/pages\/447808"}],"collection":[{"href":"https:\/\/cda-dev.skysigma.pt\/en\/wp-json\/wp\/v2\/pages"}],"about":[{"href":"https:\/\/cda-dev.skysigma.pt\/en\/wp-json\/wp\/v2\/types\/page"}],"author":[{"embeddable":true,"href":"https:\/\/cda-dev.skysigma.pt\/en\/wp-json\/wp\/v2\/users\/1"}],"replies":[{"embeddable":true,"href":"https:\/\/cda-dev.skysigma.pt\/en\/wp-json\/wp\/v2\/comments?post=447808"}],"version-history":[{"count":1,"href":"https:\/\/cda-dev.skysigma.pt\/en\/wp-json\/wp\/v2\/pages\/447808\/revisions"}],"predecessor-version":[{"id":447809,"href":"https:\/\/cda-dev.skysigma.pt\/en\/wp-json\/wp\/v2\/pages\/447808\/revisions\/447809"}],"wp:attachment":[{"href":"https:\/\/cda-dev.skysigma.pt\/en\/wp-json\/wp\/v2\/media?parent=447808"}],"curies":[{"name":"wp","href":"https:\/\/api.w.org\/{rel}","templated":true}]}}