{"id":447802,"date":"2023-07-03T11:35:54","date_gmt":"2023-07-03T10:35:54","guid":{"rendered":"https:\/\/cda-dev.skysigma.pt\/cookie-policy\/"},"modified":"2025-03-11T16:18:26","modified_gmt":"2025-03-11T15:18:26","slug":"cookie-policy","status":"publish","type":"page","link":"https:\/\/cda-dev.skysigma.pt\/en\/cookie-policy\/","title":{"rendered":"Cookie Policy"},"content":{"rendered":"\t\t<div data-elementor-type=\"wp-page\" data-elementor-id=\"447802\" class=\"elementor elementor-447802 elementor-141799\">\n\t\t\t\t\t\t<section class=\"elementor-section elementor-top-section elementor-element elementor-element-70b72fbe elementor-section-full_width elementor-section-height-default elementor-section-height-default\" data-id=\"70b72fbe\" data-element_type=\"section\">\n\t\t\t\t\t\t<div class=\"elementor-container elementor-column-gap-default\">\n\t\t\t\t\t<div class=\"elementor-column elementor-col-100 elementor-top-column elementor-element elementor-element-3530f564\" data-id=\"3530f564\" data-element_type=\"column\">\n\t\t\t<div class=\"elementor-widget-wrap elementor-element-populated\">\n\t\t\t\t\t\t<div class=\"elementor-element elementor-element-17fe0247 elementor-widget elementor-widget-text-editor\" data-id=\"17fe0247\" data-element_type=\"widget\" data-widget_type=\"text-editor.default\">\n\t\t\t\t<div class=\"elementor-widget-container\">\n\t\t\t\t\t\t\t\t\t<h2 class=\"contact-page-title\">Cookie Policy<\/h2>\t\t\t\t\t\t\t\t<\/div>\n\t\t\t\t<\/div>\n\t\t\t\t<div class=\"elementor-element elementor-element-697517e6 elementor-widget__width-auto elementor-widget-divider--view-line elementor-widget elementor-widget-divider\" data-id=\"697517e6\" data-element_type=\"widget\" data-widget_type=\"divider.default\">\n\t\t\t\t<div class=\"elementor-widget-container\">\n\t\t\t\t\t\t\t<div class=\"elementor-divider\">\n\t\t\t<span class=\"elementor-divider-separator\">\n\t\t\t\t\t\t<\/span>\n\t\t<\/div>\n\t\t\t\t\t\t<\/div>\n\t\t\t\t<\/div>\n\t\t\t\t\t<\/div>\n\t\t<\/div>\n\t\t\t\t\t<\/div>\n\t\t<\/section>\n\t\t\t\t<section class=\"elementor-section elementor-top-section elementor-element elementor-element-9061c3e elementor-section-full_width elementor-section-height-default elementor-section-height-default\" data-id=\"9061c3e\" data-element_type=\"section\">\n\t\t\t\t\t\t<div class=\"elementor-container elementor-column-gap-default\">\n\t\t\t\t\t<div class=\"elementor-column elementor-col-100 elementor-top-column elementor-element elementor-element-6674241\" data-id=\"6674241\" data-element_type=\"column\">\n\t\t\t<div class=\"elementor-widget-wrap elementor-element-populated\">\n\t\t\t\t\t\t<div class=\"elementor-element elementor-element-cf9e2f5 elementor-widget elementor-widget-text-editor\" data-id=\"cf9e2f5\" data-element_type=\"widget\" data-widget_type=\"text-editor.default\">\n\t\t\t\t<div class=\"elementor-widget-container\">\n\t\t\t\t\t\t\t\t\t<section class=\"w-banner w-section__block \" data-module-uuid=\"5450045a-7b15-45b6-8453-896d403e46b5\" data-module-template=\"banner_image\" data-module-id=\"1030497526\" data-module-name=\"Institucional_html_10\"><div class=\"w-banner__wrapper\"><div class=\"w-banner__wrapper__content\"><div class=\"w-section__html__content\" data-highlight-template=\"html\" data-highlight-id=\"1030634509\" data-highlight-position=\"50\" data-highlight-rule-id=\"1030634509\"><section class=\"\"><div class=\"\"><h5 class=\"block-title\">What kind of cookies does Casa dos Acess\u00f3rios use?<br><br><\/h5><ol class=\"block-text\"><li><b>Session cookies:<\/b> These are temporary cookies that remain in the browser&#8217;s cookie file while you are browsing the website, and no record is stored on the user&#8217;s hard disk. The purpose of the information collected by these cookies is to analyze website traffic patterns. In short, this allows us to improve the service provided through the content and usability of the website.  <\/li><li><b>Analytical cookies:<\/b> These are <b>cookies<\/b> which, when properly processed, allow us to quantify the number of users and carry out statistical measurement and analysis of how users use the service offered by Casa dos Acess\u00f3rios. We examine browsing on our website in order to improve the supply of products or services made available. <\/li><li><b>Advertising cookies:<\/b> These are <b>cookies<\/b> that, if properly treated, allow us to manage the information contained in advertising spaces on the website more effectively, being able to analyze your browsing habits and show you advertising related to your browsing profile.<\/li><\/ol><\/div><\/section><h5 class=\"block-title\">What does not authorizing the use of cookies mean?<\/h5><p class=\"block-text\">If you prefer not to allow cookies, you have the option of disabling them in the internet browser you use, but you should bear in mind that this decision may prevent the correct display of some web pages.<\/p><\/div><\/div><\/div><\/section><h5 class=\"block-title\">How can I manage cookies?<\/h5><p class=\"block-text\">All browsers allow the user to accept, refuse or delete cookies by selecting the browser&#8217;s advanced settings. Cookies can be configured in the &#8220;options&#8221; or &#8220;preferences&#8221; menu. Please note, however, that this decision may prevent the correct display of some pages and may partially or totally affect your experience of using the website.  <\/p>\t\t\t\t\t\t\t\t<\/div>\n\t\t\t\t<\/div>\n\t\t\t\t\t<\/div>\n\t\t<\/div>\n\t\t\t\t\t<\/div>\n\t\t<\/section>\n\t\t\t\t<\/div>\n\t\t","protected":false},"excerpt":{"rendered":"<p>Cookie Policy What kind of cookies does Casa dos Acess\u00f3rios use? Session cookies: These are temporary cookies that remain in the browser&#8217;s cookie file while you are browsing the website,<\/p>\n","protected":false},"author":1,"featured_media":0,"parent":0,"menu_order":0,"comment_status":"closed","ping_status":"closed","template":"","meta":{"_acf_changed":false,"footnotes":""},"acf":[],"yoast_head":"<!-- This site is optimized with the Yoast SEO plugin v21.1 - https:\/\/yoast.com\/wordpress\/plugins\/seo\/ -->\n<title>Cookie Policy | Casa dos Acess\u00f3rios<\/title>\n<meta name=\"robots\" content=\"index, follow, max-snippet:-1, max-image-preview:large, max-video-preview:-1\" \/>\n<link rel=\"canonical\" href=\"https:\/\/cda-dev.skysigma.pt\/en\/cookie-policy\/\" \/>\n<meta property=\"og:locale\" content=\"en_US\" \/>\n<meta property=\"og:type\" content=\"article\" \/>\n<meta property=\"og:title\" content=\"Cookie Policy | Casa dos Acess\u00f3rios\" \/>\n<meta property=\"og:description\" content=\"Cookie Policy What kind of cookies does Casa dos Acess\u00f3rios use? Session cookies: These are temporary cookies that remain in the browser&#8217;s cookie file while you are browsing the website,\" \/>\n<meta property=\"og:url\" content=\"https:\/\/cda-dev.skysigma.pt\/en\/cookie-policy\/\" \/>\n<meta property=\"og:site_name\" content=\"Casa dos Acess\u00f3rios\" \/>\n<meta property=\"article:publisher\" content=\"https:\/\/www.facebook.com\/wordpress-1036313-3647719.cloudwaysapps.com\/\" \/>\n<meta property=\"article:modified_time\" content=\"2025-03-11T15:18:26+00:00\" \/>\n<meta name=\"twitter:card\" content=\"summary_large_image\" \/>\n<meta name=\"twitter:label1\" content=\"Est. reading time\" \/>\n\t<meta name=\"twitter:data1\" content=\"1 minute\" \/>\n<script type=\"application\/ld+json\" class=\"yoast-schema-graph\">{\"@context\":\"https:\/\/schema.org\",\"@graph\":[{\"@type\":\"WebPage\",\"@id\":\"https:\/\/cda-dev.skysigma.pt\/en\/cookie-policy\/\",\"url\":\"https:\/\/cda-dev.skysigma.pt\/en\/cookie-policy\/\",\"name\":\"Cookie Policy | Casa dos Acess\u00f3rios\",\"isPartOf\":{\"@id\":\"https:\/\/cda-dev.skysigma.pt\/#website\"},\"datePublished\":\"2023-07-03T10:35:54+00:00\",\"dateModified\":\"2025-03-11T15:18:26+00:00\",\"breadcrumb\":{\"@id\":\"https:\/\/cda-dev.skysigma.pt\/en\/cookie-policy\/#breadcrumb\"},\"inLanguage\":\"en-US\",\"potentialAction\":[{\"@type\":\"ReadAction\",\"target\":[\"https:\/\/cda-dev.skysigma.pt\/en\/cookie-policy\/\"]}]},{\"@type\":\"BreadcrumbList\",\"@id\":\"https:\/\/cda-dev.skysigma.pt\/en\/cookie-policy\/#breadcrumb\",\"itemListElement\":[{\"@type\":\"ListItem\",\"position\":1,\"name\":\"In\u00edcio\",\"item\":\"https:\/\/cda-dev.skysigma.pt\/\"},{\"@type\":\"ListItem\",\"position\":2,\"name\":\"Cookie Policy\"}]},{\"@type\":\"WebSite\",\"@id\":\"https:\/\/cda-dev.skysigma.pt\/#website\",\"url\":\"https:\/\/cda-dev.skysigma.pt\/\",\"name\":\"Casa dos Acess\u00f3rios\",\"description\":\"Acess\u00f3rios e componentes eletr\u00f3nicos\",\"publisher\":{\"@id\":\"https:\/\/cda-dev.skysigma.pt\/#organization\"},\"potentialAction\":[{\"@type\":\"SearchAction\",\"target\":{\"@type\":\"EntryPoint\",\"urlTemplate\":\"https:\/\/cda-dev.skysigma.pt\/?s={search_term_string}\"},\"query-input\":\"required name=search_term_string\"}],\"inLanguage\":\"en-US\"},{\"@type\":\"Organization\",\"@id\":\"https:\/\/cda-dev.skysigma.pt\/#organization\",\"name\":\"Casa dos Acess\u00f3rios\",\"url\":\"https:\/\/cda-dev.skysigma.pt\/\",\"logo\":{\"@type\":\"ImageObject\",\"inLanguage\":\"en-US\",\"@id\":\"https:\/\/cda-dev.skysigma.pt\/#\/schema\/logo\/image\/\",\"url\":\"https:\/\/wordpress-1036313-3647719.cloudwaysapps.com\/wp-content\/uploads\/2019\/05\/CDA_logo.png\",\"contentUrl\":\"https:\/\/wordpress-1036313-3647719.cloudwaysapps.com\/wp-content\/uploads\/2019\/05\/CDA_logo.png\",\"width\":875,\"height\":131,\"caption\":\"Casa dos Acess\u00f3rios\"},\"image\":{\"@id\":\"https:\/\/cda-dev.skysigma.pt\/#\/schema\/logo\/image\/\"},\"sameAs\":[\"https:\/\/www.facebook.com\/wordpress-1036313-3647719.cloudwaysapps.com\/\"]}]}<\/script>\n<!-- \/ Yoast SEO plugin. -->","yoast_head_json":{"title":"Cookie Policy | Casa dos Acess\u00f3rios","robots":{"index":"index","follow":"follow","max-snippet":"max-snippet:-1","max-image-preview":"max-image-preview:large","max-video-preview":"max-video-preview:-1"},"canonical":"https:\/\/cda-dev.skysigma.pt\/en\/cookie-policy\/","og_locale":"en_US","og_type":"article","og_title":"Cookie Policy | Casa dos Acess\u00f3rios","og_description":"Cookie Policy What kind of cookies does Casa dos Acess\u00f3rios use? Session cookies: These are temporary cookies that remain in the browser&#8217;s cookie file while you are browsing the website,","og_url":"https:\/\/cda-dev.skysigma.pt\/en\/cookie-policy\/","og_site_name":"Casa dos Acess\u00f3rios","article_publisher":"https:\/\/www.facebook.com\/wordpress-1036313-3647719.cloudwaysapps.com\/","article_modified_time":"2025-03-11T15:18:26+00:00","twitter_card":"summary_large_image","twitter_misc":{"Est. reading time":"1 minute"},"schema":{"@context":"https:\/\/schema.org","@graph":[{"@type":"WebPage","@id":"https:\/\/cda-dev.skysigma.pt\/en\/cookie-policy\/","url":"https:\/\/cda-dev.skysigma.pt\/en\/cookie-policy\/","name":"Cookie Policy | Casa dos Acess\u00f3rios","isPartOf":{"@id":"https:\/\/cda-dev.skysigma.pt\/#website"},"datePublished":"2023-07-03T10:35:54+00:00","dateModified":"2025-03-11T15:18:26+00:00","breadcrumb":{"@id":"https:\/\/cda-dev.skysigma.pt\/en\/cookie-policy\/#breadcrumb"},"inLanguage":"en-US","potentialAction":[{"@type":"ReadAction","target":["https:\/\/cda-dev.skysigma.pt\/en\/cookie-policy\/"]}]},{"@type":"BreadcrumbList","@id":"https:\/\/cda-dev.skysigma.pt\/en\/cookie-policy\/#breadcrumb","itemListElement":[{"@type":"ListItem","position":1,"name":"In\u00edcio","item":"https:\/\/cda-dev.skysigma.pt\/"},{"@type":"ListItem","position":2,"name":"Cookie Policy"}]},{"@type":"WebSite","@id":"https:\/\/cda-dev.skysigma.pt\/#website","url":"https:\/\/cda-dev.skysigma.pt\/","name":"Casa dos Acess\u00f3rios","description":"Acess\u00f3rios e componentes eletr\u00f3nicos","publisher":{"@id":"https:\/\/cda-dev.skysigma.pt\/#organization"},"potentialAction":[{"@type":"SearchAction","target":{"@type":"EntryPoint","urlTemplate":"https:\/\/cda-dev.skysigma.pt\/?s={search_term_string}"},"query-input":"required name=search_term_string"}],"inLanguage":"en-US"},{"@type":"Organization","@id":"https:\/\/cda-dev.skysigma.pt\/#organization","name":"Casa dos Acess\u00f3rios","url":"https:\/\/cda-dev.skysigma.pt\/","logo":{"@type":"ImageObject","inLanguage":"en-US","@id":"https:\/\/cda-dev.skysigma.pt\/#\/schema\/logo\/image\/","url":"https:\/\/wordpress-1036313-3647719.cloudwaysapps.com\/wp-content\/uploads\/2019\/05\/CDA_logo.png","contentUrl":"https:\/\/wordpress-1036313-3647719.cloudwaysapps.com\/wp-content\/uploads\/2019\/05\/CDA_logo.png","width":875,"height":131,"caption":"Casa dos Acess\u00f3rios"},"image":{"@id":"https:\/\/cda-dev.skysigma.pt\/#\/schema\/logo\/image\/"},"sameAs":["https:\/\/www.facebook.com\/wordpress-1036313-3647719.cloudwaysapps.com\/"]}]}},"_links":{"self":[{"href":"https:\/\/cda-dev.skysigma.pt\/en\/wp-json\/wp\/v2\/pages\/447802"}],"collection":[{"href":"https:\/\/cda-dev.skysigma.pt\/en\/wp-json\/wp\/v2\/pages"}],"about":[{"href":"https:\/\/cda-dev.skysigma.pt\/en\/wp-json\/wp\/v2\/types\/page"}],"author":[{"embeddable":true,"href":"https:\/\/cda-dev.skysigma.pt\/en\/wp-json\/wp\/v2\/users\/1"}],"replies":[{"embeddable":true,"href":"https:\/\/cda-dev.skysigma.pt\/en\/wp-json\/wp\/v2\/comments?post=447802"}],"version-history":[{"count":1,"href":"https:\/\/cda-dev.skysigma.pt\/en\/wp-json\/wp\/v2\/pages\/447802\/revisions"}],"predecessor-version":[{"id":447803,"href":"https:\/\/cda-dev.skysigma.pt\/en\/wp-json\/wp\/v2\/pages\/447802\/revisions\/447803"}],"wp:attachment":[{"href":"https:\/\/cda-dev.skysigma.pt\/en\/wp-json\/wp\/v2\/media?parent=447802"}],"curies":[{"name":"wp","href":"https:\/\/api.w.org\/{rel}","templated":true}]}}